{"id":9939,"date":"2022-04-04T11:55:29","date_gmt":"2022-04-04T08:55:29","guid":{"rendered":"https:\/\/toreco.md\/?post_type=product&#038;p=9939"},"modified":"2025-01-21T10:35:51","modified_gmt":"2025-01-21T08:35:51","slug":"lavete-material-netesut-heavy-duty-w7-albe","status":"publish","type":"product","link":"https:\/\/toreco.md\/ru\/product\/dupa-tip\/consumabile-igiena\/lavete-si-bureti\/lavete-material-netesut-heavy-duty-w7-albe\/","title":{"rendered":"\u0421\u0430\u043b\u0444\u0435\u0442\u043a\u0438 \u043d\u0435\u0442\u043a\u0430\u043d\u044b\u0435 Heavy-Duty W7, \u0431\u0435\u043b\u044b\u0435, Tork"},"content":{"rendered":"<p>Sarcinile grele necesit\u0103 o lavet\u0103 de cur\u0103\u021bare rezistent\u0103 \u0219i absorbant\u0103. Laveta noastr\u0103 de cur\u0103\u021bare Tork Heavy-Duty, cu 1 strat, se potrive\u0219te \u0219i poate fi folosit\u0103 cu majoritatea solven\u021bilor pentru a combate rapid scurgerile de ulei, gr\u0103sime \u0219i lichide. \u00cen plus, v\u0103 ajut\u0103 s\u0103 v\u0103 face\u021bi locul de munc\u0103 mai ecologic, deoarece materialul exelCLEAN utilizeaz\u0103 cu p\u00e2n\u0103 la 41% mai pu\u021bin solvent dec\u00e2t c\u00e2rpele obi\u0219nuite, fiind un beneficiu at\u00e2t pentru mediu, c\u00e2t \u0219i pentru s\u0103n\u0103tatea personalului. \u00cen plus, am redus nivelul de emisii de CO2 pentru Tork exelCLEAN cu 28%, \u00eenc\u0103 din 2011*.  Eficien\u021ba fluxului de lucru este de asemenea \u00eembun\u0103t\u0103\u021bit\u0103, datorit\u0103 cutiei portabile \u0219i u\u0219oare Tork Handy Box. *(Evaluarea ciclului de via\u021b\u0103) LCA realizat de Essity \u0219i IVL Svenska Milj\u00f6institutet \u00een aprilie 2021. Accesa\u021bi rapid \u0219i cu u\u0219urin\u021b\u0103 lavetele pentru cur\u0103\u021bare \u0219i economisi\u021bi timp, deoarece deschiderea mare a cutiei portabile Tork faciliteaz\u0103 acest lucru. Optimiza\u021bi consumul \u0219i minimiza\u021bi de\u0219eurile de lavete pentru cur\u0103\u021bare cu ajutorul doz\u0103rii bucat\u0103 cu bucat\u0103. Deschiderea larg\u0103 a cutiei portabile \u00eenseamn\u0103 o accesibilitate rapid\u0103 pentru lavete, chiar \u0219i c\u00e2nd purta\u021bi m\u0103nu\u0219i. \u00cembun\u0103t\u0103\u021bi\u021bi caracterul sustenabil al activit\u0103\u021bii dumneavoastr\u0103 &#8211; ambalajul acestui produs con\u021bine 100% fibre reciclate. <\/p>\n<p>System W7 &#8211; Handy box system<br \/>\n\u0414\u043b\u0438\u043d\u0430 \u0432 \u0440\u0430\u0437\u0432\u0435\u0440\u043d\u0443\u0442\u043e\u043c \u0432\u0438\u0434\u0435: 41.5 cm<br \/>\n\u0428\u0438\u0440\u0438\u043d\u0430 \u0432 \u0440\u0430\u0437\u0432\u0435\u0440\u043d\u0443\u0442\u043e\u043c \u0432\u0438\u0434\u0435: 35.5 cm<br \/>\n\u0421\u043b\u043e\u0439: 1<br \/>\n\u0426\u0432\u0435\u0442: \u0411\u0435\u043b\u044b\u0439<br \/>\n\u041a\u043e\u043b\u0438\u0447\u0435\u0441\u0442\u0432\u043e: 180 \u0448\u0442<\/p>","protected":false},"excerpt":{"rendered":"<p>\u041e\u0434\u043d\u043e\u0440\u0430\u0437\u043e\u0432\u044b\u0439 \u043d\u0435\u0442\u043a\u0430\u043d\u044b\u0439 \u043c\u0430\u0442\u0435\u0440\u0438\u0430\u043b \u043f\u043e\u0441\u0442\u0430\u0432\u043b\u044f\u0435\u0442\u0441\u044f \u0441 \u043a\u043e\u0440\u043e\u0431\u043e\u043c Tork Handy Box, \u043f\u043e\u0432\u044b\u0448\u0430\u044e\u0449\u0438\u043c \u044d\u0444\u0444\u0435\u043a\u0442\u0438\u0432\u043d\u043e\u0441\u0442\u044c \u0437\u0430 \u0441\u0447\u0435\u0442 \u0431\u044b\u0441\u0442\u0440\u043e\u0433\u043e \u043e\u0442\u043a\u0440\u044b\u0442\u0438\u044f, \u043b\u0435\u0433\u043a\u043e\u0439 \u043f\u0435\u0440\u0435\u043d\u043e\u0441\u043a\u0438 \u0438 \u043f\u0440\u043e\u0441\u0442\u043e\u0439 \u0443\u0442\u0438\u043b\u0438\u0437\u0430\u0446\u0438\u0438. 100% \u043f\u0435\u0440\u0435\u0440\u0430\u0431\u043e\u0442\u0430\u043d\u043d\u044b\u0435 \u0432\u043e\u043b\u043e\u043a\u043d\u0430 \u0432 \u0441\u043e\u0441\u0442\u0430\u0432\u0435 \u0443\u043f\u0430\u043a\u043e\u0432\u043a\u0438 \u043f\u043e\u0432\u044b\u0448\u0430\u044e\u0442 \u0432\u0430\u0448\u0443 \u0440\u0435\u043f\u0443\u0442\u0430\u0446\u0438\u044e \u0432 \u043e\u0431\u043b\u0430\u0441\u0442\u0438 \u0443\u0441\u0442\u043e\u0439\u0447\u0438\u0432\u043e\u0433\u043e \u0440\u0430\u0437\u0432\u0438\u0442\u0438\u044f, \u0430 \u0444\u0443\u043d\u043a\u0446\u0438\u044f \u043f\u043e\u043b\u0438\u0441\u0442\u043e\u0432\u043e\u0439 \u043f\u043e\u0434\u0430\u0447\u0438 \u043f\u043e\u043c\u043e\u0433\u0430\u0435\u0442 \u043a\u043e\u043d\u0442\u0440\u043e\u043b\u0438\u0440\u043e\u0432\u0430\u0442\u044c \u043f\u043e\u0442\u0440\u0435\u0431\u043b\u0435\u043d\u0438\u0435.<\/p>","protected":false},"featured_media":9940,"comment_status":"closed","ping_status":"closed","template":"","meta":[],"product_cat":[96,45,34,42,44,43,40,41,46,95,47],"product_tag":[184],"class_list":["post-9939","product","type-product","status-publish","has-post-thumbnail","hentry","product_cat-lavete-si-bureti","product_cat-industria-auto","product_cat-hotel","product_cat-industria-de-producere-si-prelucrare","product_cat-institutii-de-invatamint","product_cat-medicina","product_cat-restaurant-si-bucatarie","product_cat-servicii-de-curatenie","product_cat-sport-si-fitness","product_cat-consumabile-igiena","product_cat-prosoape-hartie","product_tag-laveta","pa_brand-tork"],"_links":{"self":[{"href":"https:\/\/toreco.md\/ru\/wp-json\/wp\/v2\/product\/9939","targetHints":{"allow":["GET"]}}],"collection":[{"href":"https:\/\/toreco.md\/ru\/wp-json\/wp\/v2\/product"}],"about":[{"href":"https:\/\/toreco.md\/ru\/wp-json\/wp\/v2\/types\/product"}],"replies":[{"embeddable":true,"href":"https:\/\/toreco.md\/ru\/wp-json\/wp\/v2\/comments?post=9939"}],"wp:featuredmedia":[{"embeddable":true,"href":"https:\/\/toreco.md\/ru\/wp-json\/wp\/v2\/media\/9940"}],"wp:attachment":[{"href":"https:\/\/toreco.md\/ru\/wp-json\/wp\/v2\/media?parent=9939"}],"wp:term":[{"taxonomy":"product_cat","embeddable":true,"href":"https:\/\/toreco.md\/ru\/wp-json\/wp\/v2\/product_cat?post=9939"},{"taxonomy":"product_tag","embeddable":true,"href":"https:\/\/toreco.md\/ru\/wp-json\/wp\/v2\/product_tag?post=9939"}],"curies":[{"name":"wp","href":"https:\/\/api.w.org\/{rel}","templated":true}]}}