{"id":9931,"date":"2022-04-04T11:20:01","date_gmt":"2022-04-04T08:20:01","guid":{"rendered":"https:\/\/toreco.md\/?post_type=product&#038;p=9931"},"modified":"2025-01-21T10:36:53","modified_gmt":"2025-01-21T08:36:53","slug":"prosoape-de-maini-basic-w6-2","status":"publish","type":"product","link":"https:\/\/toreco.md\/ru\/product\/dupa-tip\/prosoape-servetele-hartie\/prosoape-hartie\/prosoape-de-maini-basic-w6-2\/","title":{"rendered":"\u041f\u043e\u043b\u043e\u0442\u0435\u043d\u0446\u0430 \u0434\u043b\u044f \u0440\u0443\u043a Basic W6, Tork"},"content":{"rendered":"<p>Prosoapele de m\u00e2ini Tork sunt concepute pentru o dozare optim\u0103 din sistemul Dozatorului cu spa\u021biu de sp\u0103lare Tork. Certificarea interna\u021bional\u0103 HACCP asigur\u0103 faptul c\u0103 acest produs este sigur pentru utilizarea \u00een zonele de procesarea a hranei \u0219i de preparare a alimentelor. Rol\u0103 extralung\u0103 pentru mediile cu volum ridicat \u00een procesarea alimentelor &#8211; un proces de \u00eentre\u021binere redus ajut\u0103 la economisirea timpului. H\u00e2rtia conceput\u0103 pentru medii umede, \u00ee\u0219i p\u0103streaz\u0103 eficien\u021ba \u00een mediul cu umiditate ridicat\u0103, fapt care asigur\u0103 un \u00eenalt grad de comoditate \u00een activitate \u0219i ajut\u0103 la economisirea timpului. Role aprobate pentru contactul cu alimentele reprezint\u0103 o garan\u021bie a h\u00e2rtiei de calitate superioar\u0103 \u0219i siguran\u021ba produsului. H\u00e2rtia de culoare albastr\u0103 este mult mai vizibil\u0103 \u0219i ofer\u0103 trasabalitate \u00een preajma ingredientelor pentru hran\u0103 prin urmare ofer\u0103 siguran\u021b\u0103 \u00een produc\u021bia pentru procesarea hr\u0103nii.<\/p>\n<p>\u0421\u0438\u0441\u0442\u0435\u043c\u0430: W6<br \/>\n\u0414\u043b\u0438\u043d\u0430 \u0440\u0443\u043b\u043e\u043d\u0430: 250 m<br \/>\n\u0428\u0438\u0440\u0438\u043d\u0430 \u0440\u0443\u043b\u043e\u043d\u0430: 19.5 cm<br \/>\n\u0414\u0438\u0430\u043c\u0435\u0442\u0440 \u0440\u0443\u043b\u043e\u043d\u0430: 19 cm<br \/>\n\u0421\u043b\u043e\u0439: 1<br \/>\n\u0426\u0432\u0435\u0442: \u0421\u0438\u043d\u0438\u0439<\/p>","protected":false},"excerpt":{"rendered":"<p>\u041f\u0440\u043e\u0442\u0438\u0440\u043e\u0447\u043d\u044b\u0439 \u043c\u0430\u0442\u0435\u0440\u0438\u0430\u043b Tork \u043f\u0440\u0435\u0434\u043d\u0430\u0437\u043d\u0430\u0447\u0435\u043d \u0434\u043b\u044f \u043f\u0440\u0438\u043c\u0435\u043d\u0435\u043d\u0438\u044f \u0432 \u0434\u0438\u0441\u043f\u0435\u043d\u0441\u0435\u0440\u0435 \u0434\u043b\u044f \u0437\u043e\u043d\u044b \u043c\u044b\u0442\u044c\u044f \u0440\u0443\u043a Tork. \u0421\u043e\u043e\u0442\u0432\u0435\u0442\u0441\u0442\u0432\u0438\u0435 \u043f\u0440\u0438\u043d\u0446\u0438\u043f\u0430\u043c \u0425\u0410\u0421\u0421\u041f \u043e\u0437\u043d\u0430\u0447\u0430\u0435\u0442, \u0447\u0442\u043e \u043f\u0440\u043e\u0434\u0443\u043a\u0442 \u0431\u0435\u0437\u043e\u043f\u0430\u0441\u0435\u043d \u0434\u043b\u044f \u0438\u0441\u043f\u043e\u043b\u044c\u0437\u043e\u0432\u0430\u043d\u0438\u044f \u0432 \u043f\u0438\u0449\u0435\u0432\u043e\u0439 \u043f\u0440\u043e\u043c\u044b\u0448\u043b\u0435\u043d\u043d\u043e\u0441\u0442\u0438 \u0438 \u043e\u0431\u043b\u0430\u0441\u0442\u044f\u0445 \u043f\u0440\u0438\u0433\u043e\u0442\u043e\u0432\u043b\u0435\u043d\u0438\u044f \u043f\u0438\u0449\u0438.<\/p>","protected":false},"featured_media":9932,"comment_status":"closed","ping_status":"closed","template":"","meta":[],"product_cat":[47,45,34,42,44,43,40,41,46,18],"product_tag":[137],"class_list":["post-9931","product","type-product","status-publish","has-post-thumbnail","hentry","product_cat-prosoape-hartie","product_cat-industria-auto","product_cat-hotel","product_cat-industria-de-producere-si-prelucrare","product_cat-institutii-de-invatamint","product_cat-medicina","product_cat-restaurant-si-bucatarie","product_cat-servicii-de-curatenie","product_cat-sport-si-fitness","product_cat-prosoape-servetele-hartie","product_tag-prosoape-hartie-pentru-maini","pa_brand-tork"],"_links":{"self":[{"href":"https:\/\/toreco.md\/ru\/wp-json\/wp\/v2\/product\/9931","targetHints":{"allow":["GET"]}}],"collection":[{"href":"https:\/\/toreco.md\/ru\/wp-json\/wp\/v2\/product"}],"about":[{"href":"https:\/\/toreco.md\/ru\/wp-json\/wp\/v2\/types\/product"}],"replies":[{"embeddable":true,"href":"https:\/\/toreco.md\/ru\/wp-json\/wp\/v2\/comments?post=9931"}],"wp:featuredmedia":[{"embeddable":true,"href":"https:\/\/toreco.md\/ru\/wp-json\/wp\/v2\/media\/9932"}],"wp:attachment":[{"href":"https:\/\/toreco.md\/ru\/wp-json\/wp\/v2\/media?parent=9931"}],"wp:term":[{"taxonomy":"product_cat","embeddable":true,"href":"https:\/\/toreco.md\/ru\/wp-json\/wp\/v2\/product_cat?post=9931"},{"taxonomy":"product_tag","embeddable":true,"href":"https:\/\/toreco.md\/ru\/wp-json\/wp\/v2\/product_tag?post=9931"}],"curies":[{"name":"wp","href":"https:\/\/api.w.org\/{rel}","templated":true}]}}