{"id":9838,"date":"2022-03-25T13:08:30","date_gmt":"2022-03-25T11:08:30","guid":{"rendered":"https:\/\/toreco.md\/?post_type=product&#038;p=9838"},"modified":"2022-09-16T14:29:27","modified_gmt":"2022-09-16T11:29:27","slug":"manusi-unica-folosinta-nitril-soft-touch-vivid-marime-l","status":"publish","type":"product","link":"https:\/\/toreco.md\/ru\/product\/dupa-tip\/consumabile-igiena\/manusi\/manusi-unica-folosinta-nitril-soft-touch-vivid-marime-l\/","title":{"rendered":"\u041d\u0438\u0442\u0440\u0438\u043b\u043e\u0432\u044b\u0435 \u043f\u0435\u0440\u0447\u0430\u0442\u043a\u0438 Soft Touch Vivid, \u0440\u0430\u0437\u043c\u0435\u0440: L"},"content":{"rendered":"<p>M\u0103nu\u0219i de examinare din nitril Soft Touch Vivid, nepudrate, f\u0103r\u0103 latex, 100% nitril, de \u00eenalt\u0103 calitate \u0219i durabilitate. Ofer\u0103 protec\u021bie \u0219i siguran\u021b\u0103 \u00een situa\u021bii dificile \u0219i sunt potrivite pentru utiliz\u0103ri multiple: pentru utilizare medical\u0103, servicii de cur\u0103\u021benie \u0219i igien\u0103, industria alimentar\u0103, chimic\u0103, farmaceutic\u0103; laboratoare \u0219i clinici, Ho.Re.Ca, saloane de frumuse\u021be \u0219i tattoo&#8230;<\/p>\n<p>\u0426\u0432\u0435\u0442: \u0447\u0435\u0440\u043d\u044b\u0439<br \/>\n\u041a\u043e\u043b\u0438\u0447\u0435\u0441\u0442\u0432\u043e: 100 \u0448\u0442<br \/>\n\u0420\u0430\u0437\u043c\u0435\u0440: L<\/p>","protected":false},"excerpt":{"rendered":"<p>\u041d\u0438\u0442\u0440\u0438\u043b\u043e\u0432\u044b\u0435 \u044d\u043a\u0437\u0430\u043c\u0435\u043d\u0430\u0446\u0438\u043e\u043d\u043d\u044b\u0435 \u043f\u0435\u0440\u0447\u0430\u0442\u043a\u0438 Soft Touch Vivid, \u0431\u0435\u0437 \u043f\u0443\u0434\u0440\u044b, \u0431\u0435\u0437 \u043b\u0430\u0442\u0435\u043a\u0441\u0430, 100% \u043d\u0438\u0442\u0440\u0438\u043b, \u0432\u044b\u0441\u043e\u043a\u043e\u0433\u043e \u043a\u0430\u0447\u0435\u0441\u0442\u0432\u0430 \u0438 \u043f\u0440\u043e\u0447\u043d\u043e\u0441\u0442\u0438.<\/p>","protected":false},"featured_media":9839,"comment_status":"closed","ping_status":"closed","template":"","meta":[],"product_cat":[97,45,34,42,44,43,40,41,46,21,27,95],"product_tag":[155],"class_list":["post-9838","product","type-product","status-publish","has-post-thumbnail","hentry","product_cat-manusi","product_cat-industria-auto","product_cat-hotel","product_cat-industria-de-producere-si-prelucrare","product_cat-institutii-de-invatamint","product_cat-medicina","product_cat-restaurant-si-bucatarie","product_cat-servicii-de-curatenie","product_cat-sport-si-fitness","product_cat-articole-parafarmaceutice","product_cat-bavete-bonete-manusi-masca","product_cat-consumabile-igiena","product_tag-manusi-de-unica-folosinta","pa_brand-bournas-medicals"],"_links":{"self":[{"href":"https:\/\/toreco.md\/ru\/wp-json\/wp\/v2\/product\/9838","targetHints":{"allow":["GET"]}}],"collection":[{"href":"https:\/\/toreco.md\/ru\/wp-json\/wp\/v2\/product"}],"about":[{"href":"https:\/\/toreco.md\/ru\/wp-json\/wp\/v2\/types\/product"}],"replies":[{"embeddable":true,"href":"https:\/\/toreco.md\/ru\/wp-json\/wp\/v2\/comments?post=9838"}],"wp:featuredmedia":[{"embeddable":true,"href":"https:\/\/toreco.md\/ru\/wp-json\/wp\/v2\/media\/9839"}],"wp:attachment":[{"href":"https:\/\/toreco.md\/ru\/wp-json\/wp\/v2\/media?parent=9838"}],"wp:term":[{"taxonomy":"product_cat","embeddable":true,"href":"https:\/\/toreco.md\/ru\/wp-json\/wp\/v2\/product_cat?post=9838"},{"taxonomy":"product_tag","embeddable":true,"href":"https:\/\/toreco.md\/ru\/wp-json\/wp\/v2\/product_tag?post=9838"}],"curies":[{"name":"wp","href":"https:\/\/api.w.org\/{rel}","templated":true}]}}