{"id":9800,"date":"2022-03-25T10:59:06","date_gmt":"2022-03-25T08:59:06","guid":{"rendered":"https:\/\/toreco.md\/?post_type=product&#038;p=9800"},"modified":"2022-12-19T11:31:13","modified_gmt":"2022-12-19T09:31:13","slug":"boneta-eco-albastre","status":"publish","type":"product","link":"https:\/\/toreco.md\/ru\/product\/dupa-tip\/consumabile-igiena\/lavete-si-bureti\/boneta-eco-albastre\/","title":{"rendered":"\u041e\u0434\u043d\u043e\u0440\u0430\u0437\u043e\u0432\u044b\u0435 \u0448\u0430\u043f\u043e\u0447\u043a\u0438 Eco, \u0433\u043e\u043b\u0443\u0431\u044b\u0435"},"content":{"rendered":"<p>Aceste bonete sunt deosebit de ieftine ca variant\u0103 ecologic\u0103. Sunt confec\u021bionate la ma\u0219in\u0103 \u0219i sunt compuse dintr-un material PP u\u0219or. PP este confec\u021bionat din l\u00e2n\u0103 permeabil\u0103 la aer \u0219i este confortabil de purtat. Banda elastic\u0103 integrat\u0103 asigur\u0103 o potrivire bun\u0103 \u0219i, desigur, nu con\u021bine latex. Aceste bonete sunt sigure pentru alimente \u0219i, prin urmare, pot fi utilizate universal pentru produc\u021bia de alimente \u0219i alte zone de igien\u0103.<\/p>\n<p>\u0426\u0432\u0435\u0442: \u0441\u0438\u043d\u0438\u0439<br \/>\n\u0414\u0438\u0430\u043c\u0435\u0442\u0440: 50 \u0441\u043c<br \/>\n\u041a\u043e\u043b\u0438\u0447\u0435\u0441\u0442\u0432\u043e \u0432 \u0443\u043f\u0430\u043a\u043e\u0432\u043a\u0435: 100 \u0448\u0442\u0443\u043a<\/p>","protected":false},"excerpt":{"rendered":"<p>Aceste bonete sunt deosebit de ieftine ca variant\u0103 ecologic\u0103. Sunt confec\u021bionate la ma\u0219in\u0103 \u0219i sunt compuse dintr-un material PP u\u0219or.<\/p>","protected":false},"featured_media":9804,"comment_status":"closed","ping_status":"closed","template":"","meta":[],"product_cat":[42,43,40,21,27],"product_tag":[253],"class_list":["post-9800","product","type-product","status-publish","has-post-thumbnail","hentry","product_cat-industria-de-producere-si-prelucrare","product_cat-medicina","product_cat-restaurant-si-bucatarie","product_cat-articole-parafarmaceutice","product_cat-bavete-bonete-manusi-masca","product_tag-boneta","pa_brand-hygostar"],"_links":{"self":[{"href":"https:\/\/toreco.md\/ru\/wp-json\/wp\/v2\/product\/9800","targetHints":{"allow":["GET"]}}],"collection":[{"href":"https:\/\/toreco.md\/ru\/wp-json\/wp\/v2\/product"}],"about":[{"href":"https:\/\/toreco.md\/ru\/wp-json\/wp\/v2\/types\/product"}],"replies":[{"embeddable":true,"href":"https:\/\/toreco.md\/ru\/wp-json\/wp\/v2\/comments?post=9800"}],"wp:featuredmedia":[{"embeddable":true,"href":"https:\/\/toreco.md\/ru\/wp-json\/wp\/v2\/media\/9804"}],"wp:attachment":[{"href":"https:\/\/toreco.md\/ru\/wp-json\/wp\/v2\/media?parent=9800"}],"wp:term":[{"taxonomy":"product_cat","embeddable":true,"href":"https:\/\/toreco.md\/ru\/wp-json\/wp\/v2\/product_cat?post=9800"},{"taxonomy":"product_tag","embeddable":true,"href":"https:\/\/toreco.md\/ru\/wp-json\/wp\/v2\/product_tag?post=9800"}],"curies":[{"name":"wp","href":"https:\/\/api.w.org\/{rel}","templated":true}]}}