{"id":9642,"date":"2022-02-23T12:46:25","date_gmt":"2022-02-23T10:46:25","guid":{"rendered":"https:\/\/toreco.md\/?post_type=product&#038;p=9642"},"modified":"2022-12-01T09:05:27","modified_gmt":"2022-12-01T07:05:27","slug":"stovilmat-power-detergent-automat-vase-2","status":"publish","type":"product","link":"https:\/\/toreco.md\/ru\/product\/dupa-tip\/detergenti-si-dezinfectanti-profesionali\/bucatarie\/stovilmat-power-detergent-automat-vase-2\/","title":{"rendered":"Stovilmat Power, \u0430\u043d\u0442\u0438\u0431\u0430\u043a\u0442\u0435\u0440\u0438\u0430\u043b\u044c\u043d\u043e\u0435 \u043a\u043e\u043d\u0446\u0435\u043d\u0442\u0440\u0438\u0440\u043e\u0432\u0430\u043d\u043d\u043e\u0435 \u043c\u043e\u044e\u0449\u0435\u0435 \u0441\u0440\u0435\u0434\u0441\u0442\u0432\u043e \u0434\u043b\u044f \u043c\u044b\u0442\u044c\u044f \u043f\u043e\u0441\u0443\u0434\u044b"},"content":{"rendered":"<p>Detergent concentrat cu efect antibacterian, pentru sp\u0103larea \u015fi igienizarea vaselor \u00een ma\u015fina de sp\u0103lat vesela profesional\u0103. Datorit\u0103 formulei sale speciale, are o putere mare de dizolvare a grasimilor. Elimina p\u00e2n\u0103 \u015fi petele de grasime uscata. Previne formarea petelor \u015fi a depunerilor de calcar, dar si ofer\u0103 vaselor din inox o cur\u0103\u0163are \u015fi o str\u0103lucire optima, protejand activ vesela \u00eempotriva corod\u0103rii. Produs recomandat pentru  planul H.A.C.C.P.  NU poate fi utilizat manual. Domeniu de utilizare: Industria alimentar\u0103 \u015fi agroalimentar\u0103, buc\u0103t\u0103rii profesionale, sistemul Ho.Re.Ca, industria hotelier\u0103, firme de catering, m\u0103cel\u0103rii, patiserii, cantine, restaurante, fast &#8211; food, spitale, \u015fcoli etc. Citit instructiunile inainte de utilizare.<br \/>\n\u041e\u0431\u044a\u0435\u043c: 25 \u043a\u0433<\/p>","protected":false},"excerpt":{"rendered":"<p>\u041a\u043e\u043d\u0446\u0435\u043d\u0442\u0440\u0438\u0440\u043e\u0432\u0430\u043d\u043d\u043e\u0435 \u043c\u043e\u044e\u0449\u0438\u0435 \u0441\u0440\u0435\u0434\u0441\u0442\u0432\u0430, \u0441 \u0430\u043d\u0442\u0438\u0431\u0430\u043a\u0442\u0435\u0440\u0438\u0430\u043b\u044c\u043d\u044b\u043c \u044d\u0444\u0444\u0435\u043a\u0442\u043e\u043c \u0438\u0441\u043f\u043e\u043b\u044c\u0437\u0443\u0435\u0442\u0441\u044f \u0434\u043b\u044f \u043c\u044b\u0442\u044c\u044f \u0438 \u0434\u0435\u0437\u0438\u043d\u0444\u0435\u043a\u0446\u0438\u0438 \u043f\u043e\u0441\u0443\u0434\u044b \u0432 \u043f\u0440\u043e\u0444\u0435\u0441\u0441\u0438\u043e\u043d\u0430\u043b\u044c\u043d\u043e\u0439 \u043c\u0430\u0448\u0438\u043d\u0435.<\/p>","protected":false},"featured_media":9643,"comment_status":"closed","ping_status":"closed","template":"","meta":[],"product_cat":[74,34,42,40,71],"product_tag":[169],"class_list":["post-9642","product","type-product","status-publish","has-post-thumbnail","hentry","product_cat-bucatarie","product_cat-hotel","product_cat-industria-de-producere-si-prelucrare","product_cat-restaurant-si-bucatarie","product_cat-detergenti-si-dezinfectanti-profesionali","product_tag-detergent","pa_brand-sanidet"],"_links":{"self":[{"href":"https:\/\/toreco.md\/ru\/wp-json\/wp\/v2\/product\/9642","targetHints":{"allow":["GET"]}}],"collection":[{"href":"https:\/\/toreco.md\/ru\/wp-json\/wp\/v2\/product"}],"about":[{"href":"https:\/\/toreco.md\/ru\/wp-json\/wp\/v2\/types\/product"}],"replies":[{"embeddable":true,"href":"https:\/\/toreco.md\/ru\/wp-json\/wp\/v2\/comments?post=9642"}],"wp:featuredmedia":[{"embeddable":true,"href":"https:\/\/toreco.md\/ru\/wp-json\/wp\/v2\/media\/9643"}],"wp:attachment":[{"href":"https:\/\/toreco.md\/ru\/wp-json\/wp\/v2\/media?parent=9642"}],"wp:term":[{"taxonomy":"product_cat","embeddable":true,"href":"https:\/\/toreco.md\/ru\/wp-json\/wp\/v2\/product_cat?post=9642"},{"taxonomy":"product_tag","embeddable":true,"href":"https:\/\/toreco.md\/ru\/wp-json\/wp\/v2\/product_tag?post=9642"}],"curies":[{"name":"wp","href":"https:\/\/api.w.org\/{rel}","templated":true}]}}