{"id":9396,"date":"2022-01-04T10:43:40","date_gmt":"2022-01-04T08:43:40","guid":{"rendered":"https:\/\/toreco.md\/?post_type=product&#038;p=9396"},"modified":"2025-05-27T14:52:27","modified_gmt":"2025-05-27T11:52:27","slug":"presa-de-balotat-verticala-electro-hidraulica-hsm-v-press-860","status":"publish","type":"product","link":"https:\/\/toreco.md\/ru\/product\/dupa-tip\/utilaje-pentru-deseuri\/prese-de-balotat\/presa-de-balotat-verticala-electro-hidraulica-hsm-v-press-860\/","title":{"rendered":"\u0412\u0435\u0440\u0442\u0438\u043a\u0430\u043b\u044c\u043d\u044b\u0439 \u043f\u0430\u043a\u0435\u0442\u0438\u0440\u043e\u0432\u043e\u0447\u043d\u044b\u0439 \u043f\u0440\u0435\u0441\u0441 HSM V-Press 860"},"content":{"rendered":"<p><iframe loading=\"lazy\" width=\"640\" height=\"360\" src=\"https:\/\/www.youtube.com\/embed\/TZ_MzIAoG0A\" title=\"[TORECO]: Presele de balotat HSM\" frameborder=\"0\" allow=\"accelerometer; autoplay; clipboard-write; encrypted-media; gyroscope; picture-in-picture; web-share\" allowfullscreen><\/iframe><\/p>\n<div style=\"width: 640px;\" class=\"wp-video\"><video class=\"wp-video-shortcode\" id=\"video-9396-1\" width=\"640\" height=\"360\" preload=\"metadata\" controls=\"controls\"><source type=\"video\/mp4\" src=\"https:\/\/toreco.md\/wp-content\/uploads\/2022\/01\/HSM-V-press-860.mp4?_=1\" \/><a href=\"https:\/\/toreco.md\/wp-content\/uploads\/2022\/01\/HSM-V-press-860.mp4\">https:\/\/toreco.md\/wp-content\/uploads\/2022\/01\/HSM-V-press-860.mp4<\/a><\/video><\/div>\n<p>Cu o putere de presare de 594 kN \u0219i tehnologie cu zgomot redus \u0219i economie de energie, HSM V-Press 860 este solu\u021bia cea mai economic\u0103 \u0219i ecologic\u0103 pentru eliminarea de\u0219eurilor dumneavoastr\u0103. Pentru a umple presa, jum\u0103tatea superioar\u0103 a u\u0219ilor este \u00eenclinat\u0103 spre dreapta. Blocare u\u0219\u0103 roat\u0103 manual\u0103 &#8211; u\u0219or de manevrat datorit\u0103 filetului contra-rotativ pentru deschidere \u0219i \u00eenchidere rapid\u0103. Tehnologia cu ciclu rapid de presare economise\u0219te timp \u0219i bani. Potrivit at\u00e2t pentru carton, c\u00e2t \u0219i pentru folie.<br \/>\n\u0410\u0432\u0442\u043e\u043c\u0430\u0442\u0438\u0447\u0435\u0441\u043a\u043e\u0435 \u043f\u0440\u0435\u0441\u0441\u043e\u0432\u0430\u043d\u0438\u0435 \u043f\u043e\u0441\u043b\u0435 \u0437\u0430\u043a\u0440\u044b\u0442\u0438\u044f \u0434\u0432\u0435\u0440\u0446\u044b. \u0423\u0434\u043e\u0431\u043d\u0430\u044f \u043c\u0435\u043c\u0431\u0440\u0430\u043d\u043d\u0430\u044f \u043a\u043b\u0430\u0432\u0438\u0430\u0442\u0443\u0440\u0430 \u0438 \u0442\u0435\u043a\u0441\u0442\u043e\u0432\u044b\u0439 \u0434\u0438\u0441\u043f\u043b\u0435\u0439, \u043d\u0430 \u043a\u043e\u0442\u043e\u0440\u043e\u043c \u0432\u044b\u0432\u043e\u0434\u0438\u0442\u0441\u044f \u0438\u043d\u0444\u043e\u0440\u043c\u0430\u0446\u0438\u044f \u043e \u0441\u043e\u0441\u0442\u043e\u044f\u043d\u0438\u0438 \u043f\u0440\u0435\u0441\u0441\u0430. \u0421\u0438\u0441\u0442\u0435\u043c\u0430 HSM TCS (Torsion Control System) \u0434\u043b\u044f \u043a\u043e\u043d\u0442\u0440\u043e\u043b\u044f \u043f\u0435\u0440\u0435\u043a\u043e\u0441\u0430 \u043f\u0440\u0435\u0441\u0441-\u043f\u043b\u0438\u0442\u044b.<\/p>\n<p>\u0421\u043f\u0435\u0446\u0438\u0444\u0438\u043a\u0430\u0446\u0438\u0438 \"HSM V-Press 860\":<br \/>\n\u0423\u0441\u0438\u043b\u0438\u0435 \u043f\u0440\u0435\u0441\u0441\u043e\u0432\u0430\u043d\u0438\u044f: 594 \u043a\u041d<br \/>\n\u041c\u043e\u0449\u043d\u043e\u0441\u0442\u044c \u0434\u0432\u0438\u0433\u0430\u0442\u0435\u043b\u044f \u043a\u0412\u0442: 4<br \/>\n\u041d\u0430\u043f\u0440\u044f\u0436\u0435\u043d\u0438\u0435\/\u0427\u0430\u0441\u0442\u043e\u0442\u0430: 400 \u0412 \/ 50 \u0413\u0446<br \/>\n\u0412\u0440\u0435\u043c\u044f \u0446\u0438\u043a\u043b\u0430 \u043f\u0440\u0435\u0441\u0441\u043e\u0432\u0430\u043d\u0438\u044f (\u0442\u0435\u043e\u0440.), \u0441: 25<br \/>\n\u0417\u0430\u0433\u0440\u0443\u0437\u043e\u0447\u043d\u043e\u0435 \u043e\u043a\u043d\u043e (\u0428 x \u0412), \u043c\u043c: 1195 x 650<br \/>\n\u0414\u043b\u0438\u043d\u0430 \u0442\u044e\u043a\u0430 x \u0448\u0438\u0440\u0438\u043d\u0430 \u0442\u044e\u043a\u0430 x \u0432\u044b\u0441\u043e\u0442\u0430 \u0442\u044e\u043a\u0430: 1200 x 780 x 1200 \u043c\u043c<br \/>\n\u0412\u0435\u0441 \u0442\u044e\u043a\u0430 (\u0434\u043e): 480 \u043a\u0433<br \/>\n\u0428\u0438\u0440\u0438\u043d\u0430 x \u0413\u043b\u0443\u0431\u0438\u043d\u0430 x \u0412\u044b\u0441\u043e\u0442\u0430: 1797 x 1067 x 2985\u043c\u043c<br \/>\n\u0412\u0435\u0441: 1900 \u043a\u0433<br \/>\n\u041e\u0431\u0432\u044f\u0437\u043a\u0430: \u041f\u0440\u043e\u0432\u043e\u043b\u043e\u043a\u0430<br \/>\n\u041f\u0440\u0435\u0441\u0441\u043e\u0432\u0430\u043d\u043d\u044b\u0439 \u043c\u0430\u0442\u0435\u0440\u0438\u0430\u043b: \u0411\u043e\u043b\u044c\u0448\u0438\u0435 \u043c\u0435\u0448\u043a\u0438, \u041e\u0434\u0435\u0436\u0434\u0430, \u041e\u0442\u0445\u043e\u0434\u044b\/\u043e\u0441\u0442\u0430\u0442\u043a\u0438 \u043f\u0435\u0440\u0444\u043e\u0440\u0430\u0442\u043e\u0440\u0430, \u041f\u043e\u043b\u0438\u0441\u0442\u0438\u0440\u043e\u043b, \u041a\u0430\u0440\u0442\u043e\u043d, \u0421\u043c\u0435\u0448\u0430\u043d\u043d\u0430\u044f \u0431\u0443\u043c\u0430\u0433\u0430, \u041f\u043b\u0430\u0441\u0442\u0438\u043a\u043e\u0432\u0430\u044f \u043f\u043b\u0435\u043d\u043a\u0430<\/p>\n<p><a href=\"https:\/\/toreco.md\/ru\/general\/toreco-devine-distribuitor-autorizat-in-moldova-pentru-brandul-german-hsm\/\"><img decoding=\"async\" src=\"https:\/\/toreco.md\/wp-content\/uploads\/2024\/02\/icon-toreco-distribuitor-autorizat-hsm-germania-moldova.png\" alt=\"Distribuitor Autorizat HSM\" \/><\/a><\/p>","protected":false},"excerpt":{"rendered":"<p>\u0414\u043e\u0441\u0442\u0443\u043f\u0435\u043d \u0434\u043b\u044f \u0437\u0430\u043a\u0430\u0437\u0430 | <strong>\u0417\u0430\u043f\u0440\u043e\u0441\u0438\u0442\u0435 \u043f\u0440\u0435\u0434\u043b\u043e\u0436\u0435\u043d\u0438\u0435 \u043f\u043e \u044d\u043b\u0435\u043a\u0442\u0440\u043e\u043d\u043d\u043e\u0439 \u043f\u043e\u0447\u0442\u0435<\/strong><\/p>\n<p>HSM V-Press 860 \u0441 \u0441\u0438\u043b\u043e\u0439 \u043f\u0440\u0435\u0441\u0441\u043e\u0432\u0430\u043d\u0438\u044f 594 \u043a\u041d, \u0445\u0430\u0440\u0430\u043a\u0442\u0435\u0440\u0438\u0437\u0443\u044e\u0449\u0438\u0439\u0441\u044f \u0431\u0435\u0441\u0448\u0443\u043c\u043d\u043e\u0439 \u0440\u0430\u0431\u043e\u0442\u043e\u0439 \u0438 \u043d\u0438\u0437\u043a\u0438\u043c \u043f\u043e\u0442\u0440\u0435\u0431\u043b\u0435\u043d\u0438\u0435\u043c \u044d\u043b\u0435\u043a\u0442\u0440\u043e\u044d\u043d\u0435\u0440\u0433\u0438\u0438 \u044f\u0432\u043b\u044f\u0435\u0442\u0441\u044f \u0441\u0430\u043c\u044b\u043c \u044d\u043a\u043e\u043d\u043e\u043c\u0438\u0447\u043d\u044b\u043c \u0438 \u044d\u043a\u043e\u043b\u043e\u0433\u0438\u0447\u0435\u0441\u043a\u0438 \u0447\u0438\u0441\u0442\u044b\u043c \u0440\u0435\u0448\u0435\u043d\u0438\u0435\u043c \u0434\u043b\u044f \u0443\u0442\u0438\u043b\u0438\u0437\u0430\u0446\u0438\u0438 \u043e\u0442\u0445\u043e\u0434\u043e\u0432.<\/p>","protected":false},"featured_media":9398,"comment_status":"closed","ping_status":"closed","template":"","meta":[],"product_cat":[108,45,34,42,40,41,107],"product_tag":[202],"class_list":["post-9396","product","type-product","status-publish","has-post-thumbnail","hentry","product_cat-prese-de-balotat","product_cat-industria-auto","product_cat-hotel","product_cat-industria-de-producere-si-prelucrare","product_cat-restaurant-si-bucatarie","product_cat-servicii-de-curatenie","product_cat-utilaje-pentru-deseuri","product_tag-presa-de-balotat","pa_brand-hsm"],"_links":{"self":[{"href":"https:\/\/toreco.md\/ru\/wp-json\/wp\/v2\/product\/9396","targetHints":{"allow":["GET"]}}],"collection":[{"href":"https:\/\/toreco.md\/ru\/wp-json\/wp\/v2\/product"}],"about":[{"href":"https:\/\/toreco.md\/ru\/wp-json\/wp\/v2\/types\/product"}],"replies":[{"embeddable":true,"href":"https:\/\/toreco.md\/ru\/wp-json\/wp\/v2\/comments?post=9396"}],"wp:featuredmedia":[{"embeddable":true,"href":"https:\/\/toreco.md\/ru\/wp-json\/wp\/v2\/media\/9398"}],"wp:attachment":[{"href":"https:\/\/toreco.md\/ru\/wp-json\/wp\/v2\/media?parent=9396"}],"wp:term":[{"taxonomy":"product_cat","embeddable":true,"href":"https:\/\/toreco.md\/ru\/wp-json\/wp\/v2\/product_cat?post=9396"},{"taxonomy":"product_tag","embeddable":true,"href":"https:\/\/toreco.md\/ru\/wp-json\/wp\/v2\/product_tag?post=9396"}],"curies":[{"name":"wp","href":"https:\/\/api.w.org\/{rel}","templated":true}]}}