{"id":9269,"date":"2021-11-30T14:36:47","date_gmt":"2021-11-30T12:36:47","guid":{"rendered":"https:\/\/toreco.md\/?post_type=product&#038;p=9269"},"modified":"2025-05-27T14:52:32","modified_gmt":"2025-05-27T11:52:32","slug":"presa-de-balotat-verticala-hsm-v-press-860s","status":"publish","type":"product","link":"https:\/\/toreco.md\/ru\/product\/dupa-tip\/utilaje-pentru-deseuri\/prese-de-balotat\/presa-de-balotat-verticala-hsm-v-press-860s\/","title":{"rendered":"\u0412\u0435\u0440\u0442\u0438\u043a\u0430\u043b\u044c\u043d\u044b\u0439 \u043f\u0430\u043a\u0435\u0442\u0438\u0440\u043e\u0432\u043e\u0447\u043d\u044b\u0439 \u043f\u0440\u0435\u0441\u0441 HSM V-Press 860 S"},"content":{"rendered":"<p><iframe loading=\"lazy\" width=\"640\" height=\"360\" src=\"https:\/\/www.youtube.com\/embed\/TZ_MzIAoG0A\" title=\"[TORECO]: Presele de balotat HSM\" frameborder=\"0\" allow=\"accelerometer; autoplay; clipboard-write; encrypted-media; gyroscope; picture-in-picture; web-share\" allowfullscreen><\/iframe><\/p>\n<div style=\"width: 640px;\" class=\"wp-video\"><video class=\"wp-video-shortcode\" id=\"video-9269-1\" width=\"640\" height=\"360\" preload=\"metadata\" controls=\"controls\"><source type=\"video\/mp4\" src=\"https:\/\/toreco.md\/wp-content\/uploads\/2021\/11\/baling_press_hsm_v_press_860.mp4?_=1\" \/><a href=\"https:\/\/toreco.md\/wp-content\/uploads\/2021\/11\/baling_press_hsm_v_press_860.mp4\">https:\/\/toreco.md\/wp-content\/uploads\/2021\/11\/baling_press_hsm_v_press_860.mp4<\/a><\/video><\/div>\n<p>HSM V-Press 860 S \u043f\u0440\u0435\u0434\u043d\u0430\u0437\u043d\u0430\u0447\u0435\u043d \u0434\u043b\u044f \u043f\u0440\u0435\u0441\u0441\u043e\u0432\u0430\u043d\u0438\u044f \u0442\u0432\u0451\u0440\u0434\u044b\u0445 \u043f\u043b\u0430\u0441\u0442\u0438\u043a\u043e\u0432 (\u043d\u0430\u043f\u0440\u0438\u043c\u0435\u0440, \u043a\u043e\u0440\u043f\u0443\u0441\u044b \u043c\u043e\u043d\u0438\u0442\u043e\u0440\u043e\u0432 \u0438 \u0442\u0435\u043b\u0435\u0432\u0438\u0437\u043e\u0440\u043e\u0432) \u0438 \u0434\u0440\u0443\u0433\u0438\u0445 \u0440\u0430\u0441\u0448\u0438\u0440\u044f\u044e\u0449\u0438\u0445\u0441\u044f \u043c\u0430\u0442\u0435\u0440\u0438\u0430\u043b\u043e\u0432.<br \/>\nCamer\u0103 de presare \u00eent\u0103rit\u0103 \u0219i blocare hidraulic\u0103 a u\u0219ii &#8211; deschidere \u0219i \u00eenchidere convenabil\u0103, f\u0103r\u0103 efort manual.<br \/>\n\u041e\u0441\u043e\u0431\u0435\u043d\u043d\u043e \u043f\u0440\u043e\u0447\u043d\u044b\u0439 \u0446\u0435\u043f\u043d\u043e\u0439 \u043c\u0435\u0445\u0430\u043d\u0438\u0447\u0435\u0441\u043a\u0438\u0439 \u0432\u044b\u0442\u0430\u043b\u043a\u0438\u0432\u0430\u0442\u0435\u043b\u044c \u0442\u044e\u043a\u043e\u0432.<br \/>\n\u0414\u0432\u043e\u0439\u043d\u043e\u0435 \u043a\u043e\u043b\u0438\u0447\u0435\u0441\u0442\u0432\u043e \u0437\u0443\u0431\u0446\u043e\u0432 \u0432\u043d\u0443\u0442\u0440\u0438 \u043f\u0440\u0435\u0441\u0441\u0430 \u043e\u043f\u0442\u0438\u043c\u0438\u0437\u0438\u0440\u0443\u044e\u0442 \u0443\u043f\u043b\u043e\u0442\u043d\u0435\u043d\u0438\u0435 \u043c\u0430\u0442\u0435\u0440\u0438\u0430\u043b\u0430, \u0438, \u0442\u0435\u043c \u0441\u0430\u043c\u044b\u043c, \u0443\u0432\u0435\u043b\u0438\u0447\u0438\u0432\u0430\u044e\u0442 \u043e\u0431\u044a\u0435\u043c \u0437\u0430\u0433\u0440\u0443\u0437\u043a\u0438 \u0438 \u043f\u0440\u043e\u0438\u0437\u0432\u043e\u0434\u0438\u0442\u0435\u043b\u044c\u043d\u043e\u0441\u0442\u044c \u0432 \u0442\u044e\u043a\u0430\u0445.<br \/>\n\u041f\u0440\u0435\u0441\u0441\u044b HSM V-Press \u043e\u0447\u0435\u043d\u044c \u044d\u043d\u0435\u0440\u0433\u043e\u044d\u0444\u0444\u0435\u043a\u0442\u0438\u0432\u043d\u044b \u0431\u043b\u0430\u0433\u043e\u0434\u0430\u0440\u044f \u0442\u0435\u0445\u043d\u043e\u043b\u043e\u0433\u0438\u0438 \u0431\u044b\u0441\u0442\u0440\u043e\u0433\u043e \u0445\u043e\u0434\u0430. \u042d\u0442\u043e \u044d\u043a\u043e\u043d\u043e\u043c\u0438\u0442 \u0432\u0440\u0435\u043c\u044f \u0438 \u0434\u0435\u043d\u044c\u0433\u0438.<br \/>\n\u0410\u0432\u0442\u043e\u043c\u0430\u0442\u0438\u0447\u0435\u0441\u043a\u0438\u0439 \u0437\u0430\u043f\u0443\u0441\u043a \u043f\u0440\u043e\u0446\u0435\u0441\u0441\u0430 \u043f\u0440\u0435\u0441\u0441\u043e\u0432\u0430\u043d\u0438\u044f \u043f\u043e\u0441\u043b\u0435 \u0437\u0430\u043a\u0440\u044b\u0442\u0438\u044f \u0434\u0432\u0435\u0440\u0438.<br \/>\n\u0423\u0434\u043e\u0431\u043d\u0430\u044f \u043c\u0435\u043c\u0431\u0440\u0430\u043d\u043d\u0430\u044f \u043a\u043b\u0430\u0432\u0438\u0430\u0442\u0443\u0440\u0430 \u0441 \u0442\u0435\u043a\u0441\u0442\u043e\u0432\u044b\u043c \u0434\u0438\u0441\u043f\u043b\u0435\u0435\u043c, \u043d\u0430 \u043a\u043e\u0442\u043e\u0440\u043e\u043c \u043e\u0442\u043e\u0431\u0440\u0430\u0436\u0430\u0435\u0442\u0441\u044f \u0442\u0435\u043a\u0443\u0449\u0435\u0435 \u0441\u043e\u0441\u0442\u043e\u044f\u043d\u0438\u0435 \u043c\u0430\u0448\u0438\u043d\u044b.<br \/>\n\u0421\u0438\u0441\u0442\u0435\u043c\u0430 HSM TCS (Torsion Control System) \u0434\u043b\u044f \u043a\u043e\u043d\u0442\u0440\u043e\u043b\u044f \u043f\u0435\u0440\u0435\u043a\u043e\u0441\u0430 \u043f\u0440\u0438\u0436\u0438\u043c\u043d\u043e\u0439 \u043f\u043b\u0438\u0442\u044b.<\/p>\n<p>\u0422\u0435\u0445\u043d\u0438\u0447\u0435\u0441\u043a\u0438\u0435 \u0434\u0430\u043d\u043d\u044b\u0435:<br \/>\n\u0423\u0441\u0438\u043b\u0438\u0435 \u043f\u0440\u0435\u0441\u0441\u043e\u0432\u0430\u043d\u0438\u044f: 434 \u043a\u041d<br \/>\n\u0423\u0434\u0435\u043b\u044c\u043d\u0430\u044f \u0441\u0438\u043b\u0430 \u043f\u0440\u0435\u0441\u0441\u043e\u0432\u0430\u043d\u0438\u044f: 46,37 \u041d \/ \u0441\u043c\u00b2<br \/>\n\u041d\u0430\u043f\u0440\u044f\u0436\u0435\u043d\u0438\u0435\/\u0427\u0430\u0441\u0442\u043e\u0442\u0430: 400 \u0412 \/ 50 \u0413\u0446<br \/>\n\u0414\u043b\u0438\u043d\u0430 \u0442\u044e\u043a\u0430 x \u0448\u0438\u0440\u0438\u043d\u0430 \u0442\u044e\u043a\u0430 x \u0432\u044b\u0441\u043e\u0442\u0430 \u0442\u044e\u043a\u0430: 1200 x 780 x 1200 \u043c\u043c<br \/>\n\u041c\u043e\u0449\u043d\u043e\u0441\u0442\u044c \u0434\u0432\u0438\u0433\u0430\u0442\u0435\u043b\u044f \u043a\u0412\u0442: 4<br \/>\n\u0428\u0438\u0440\u0438\u043d\u0430 x \u0433\u043b\u0443\u0431\u0438\u043d\u0430 x \u0432\u044b\u0441\u043e\u0442\u0430: 1868 x 1076 x 2985 \u043c\u043c<br \/>\n\u0412\u0435\u0441: 2285 \u043a\u0433<br \/>\n\u041a\u043e\u043b\u0438\u0447\u0435\u0441\u0442\u0432\u043e \u043e\u0431\u0432\u044f\u0437\u043e\u043a: 4<br \/>\n\u041c\u0430\u0442\u0435\u0440\u0438\u0430\u043b \u0434\u043b\u044f \u043f\u0440\u0435\u0441\u0441\u044b: \u041f\u043e\u043b\u044b\u0435 \u043f\u0440\u0435\u0434\u043c\u0435\u0442\u044b \u0438\u0437 \u041f\u042d\u0412\u041f\/\u041f\u042d\u041d\u041f \u0438 \u043f\u043b\u0430\u0441\u0442\u0438\u043a\u043e\u0432\u044b\u0435 \u0431\u0443\u0442\u044b\u043b\u043a\u0438, \u041f\u043b\u0435\u043d\u043a\u0430, \u041e\u0442\u0445\u043e\u0434\u044b \u0448\u0442\u0430\u043c\u043f\u043e\u0432\u043e\u0447\u043d\u044b\u0445 \u0440\u0430\u0431\u043e\u0442, \u041e\u0434\u0435\u0436\u0434\u0430, \u043f\u0435\u043d\u043e\u043f\u043b\u0430\u0441\u0442, \u043c\u044f\u0433\u043a\u0438\u0435 \u043a\u043e\u043d\u0442\u0435\u0439\u043d\u0435\u0440\u044b \u0442\u0438\u043f\u0430 \u201c\u0431\u0438\u0433-\u0431\u044d\u0433\u201d, \u0421\u043c\u0435\u0448\u0430\u043d\u043d\u0430\u044f \u0431\u0443\u043c\u0430\u0433\u0430, \u041a\u0430\u0440\u0442\u043e\u043d\u0430\u0436, \u041f\u042d\u0422, \u043c\u044f\u0433\u043a\u0430\u044f \u0443\u043f\u0430\u043a\u043e\u0432\u043a\u0430<\/p>\n<p><a href=\"https:\/\/toreco.md\/ru\/general\/toreco-devine-distribuitor-autorizat-in-moldova-pentru-brandul-german-hsm\/\"><img decoding=\"async\" src=\"https:\/\/toreco.md\/wp-content\/uploads\/2024\/02\/icon-toreco-distribuitor-autorizat-hsm-germania-moldova.png\" alt=\"Distribuitor Autorizat HSM\" \/><\/a><\/p>","protected":false},"excerpt":{"rendered":"<p>\u0414\u043e\u0441\u0442\u0443\u043f\u0435\u043d \u0434\u043b\u044f \u0437\u0430\u043a\u0430\u0437\u0430 | <strong>\u0417\u0430\u043f\u0440\u043e\u0441\u0438\u0442\u0435 \u043f\u0440\u0435\u0434\u043b\u043e\u0436\u0435\u043d\u0438\u0435 \u043f\u043e \u044d\u043b\u0435\u043a\u0442\u0440\u043e\u043d\u043d\u043e\u0439 \u043f\u043e\u0447\u0442\u0435<\/strong><\/p>\n<p>HSM V-Press 860 S \u043f\u0440\u0435\u0434\u043d\u0430\u0437\u043d\u0430\u0447\u0435\u043d \u0434\u043b\u044f \u043f\u0440\u0435\u0441\u0441\u043e\u0432\u0430\u043d\u0438\u044f \u0442\u0432\u0451\u0440\u0434\u044b\u0445 \u043f\u043b\u0430\u0441\u0442\u0438\u043a\u043e\u0432 (\u043d\u0430\u043f\u0440\u0438\u043c\u0435\u0440, \u043a\u043e\u0440\u043f\u0443\u0441\u044b \u043c\u043e\u043d\u0438\u0442\u043e\u0440\u043e\u0432 \u0438 \u0442\u0435\u043b\u0435\u0432\u0438\u0437\u043e\u0440\u043e\u0432) \u0438 \u0434\u0440\u0443\u0433\u0438\u0445 \u0440\u0430\u0441\u0448\u0438\u0440\u044f\u044e\u0449\u0438\u0445\u0441\u044f \u043c\u0430\u0442\u0435\u0440\u0438\u0430\u043b\u043e\u0432.<\/p>","protected":false},"featured_media":9273,"comment_status":"closed","ping_status":"closed","template":"","meta":[],"product_cat":[108,45,34,42,40,41,107],"product_tag":[202],"class_list":["post-9269","product","type-product","status-publish","has-post-thumbnail","hentry","product_cat-prese-de-balotat","product_cat-industria-auto","product_cat-hotel","product_cat-industria-de-producere-si-prelucrare","product_cat-restaurant-si-bucatarie","product_cat-servicii-de-curatenie","product_cat-utilaje-pentru-deseuri","product_tag-presa-de-balotat","pa_brand-hsm"],"_links":{"self":[{"href":"https:\/\/toreco.md\/ru\/wp-json\/wp\/v2\/product\/9269","targetHints":{"allow":["GET"]}}],"collection":[{"href":"https:\/\/toreco.md\/ru\/wp-json\/wp\/v2\/product"}],"about":[{"href":"https:\/\/toreco.md\/ru\/wp-json\/wp\/v2\/types\/product"}],"replies":[{"embeddable":true,"href":"https:\/\/toreco.md\/ru\/wp-json\/wp\/v2\/comments?post=9269"}],"wp:featuredmedia":[{"embeddable":true,"href":"https:\/\/toreco.md\/ru\/wp-json\/wp\/v2\/media\/9273"}],"wp:attachment":[{"href":"https:\/\/toreco.md\/ru\/wp-json\/wp\/v2\/media?parent=9269"}],"wp:term":[{"taxonomy":"product_cat","embeddable":true,"href":"https:\/\/toreco.md\/ru\/wp-json\/wp\/v2\/product_cat?post=9269"},{"taxonomy":"product_tag","embeddable":true,"href":"https:\/\/toreco.md\/ru\/wp-json\/wp\/v2\/product_tag?post=9269"}],"curies":[{"name":"wp","href":"https:\/\/api.w.org\/{rel}","templated":true}]}}