{"id":9207,"date":"2021-11-11T11:30:48","date_gmt":"2021-11-11T09:30:48","guid":{"rendered":"https:\/\/toreco.md\/?post_type=product&#038;p=9207"},"modified":"2025-06-05T07:11:30","modified_gmt":"2025-06-05T04:11:30","slug":"presa-de-balotat-mobila-hsm-v-press-60","status":"publish","type":"product","link":"https:\/\/toreco.md\/ru\/product\/dupa-tip\/utilaje-pentru-deseuri\/prese-de-balotat\/presa-de-balotat-mobila-hsm-v-press-60\/","title":{"rendered":"\u041c\u043e\u0431\u0438\u043b\u044c\u043d\u044b\u0439 \u0443\u043f\u0430\u043a\u043e\u0432\u043e\u0447\u043d\u044b\u0439 \u043f\u0440\u0435\u0441\u0441 HSM V-Press 60"},"content":{"rendered":"<p><iframe loading=\"lazy\" width=\"1034\" height=\"360\" src=\"https:\/\/www.youtube.com\/embed\/TZ_MzIAoG0A\" title=\"[TORECO]: Presele de balotat HSM\" frameborder=\"0\" allow=\"accelerometer; autoplay; clipboard-write; encrypted-media; gyroscope; picture-in-picture; web-share\" allowfullscreen><\/iframe><\/p>\n<p>\u041c\u043e\u0431\u0438\u043b\u044c\u043d\u044b\u0439 \u0443\u043f\u0430\u043a\u043e\u0432\u043e\u0447\u043d\u044b\u0439 \u043f\u0440\u0435\u0441\u0441 HSM V-Press 60 \u0441\u0436\u0438\u043c\u0430\u0435\u0442 \u043f\u043b\u0430\u0441\u0442\u0438\u043a\u043e\u0432\u0443\u044e \u043f\u043b\u0435\u043d\u043a\u0443 \u0438 \u043b\u0435\u0433\u043a\u0438\u0439 \u0443\u043f\u0430\u043a\u043e\u0432\u043e\u0447\u043d\u044b\u0439 \u043c\u0430\u0442\u0435\u0440\u0438\u0430\u043b \u043f\u0440\u044f\u043c\u043e \u0442\u0430\u043c, \u0433\u0434\u0435 \u043d\u0430\u0445\u043e\u0434\u0438\u0442\u0441\u044f \u043c\u0430\u0442\u0435\u0440\u0438\u0430\u043b.<br \/>\nHSM V-Press 60 \u0441\u0436\u0438\u043c\u0430\u0435\u0442 \u043f\u043b\u0430\u0441\u0442\u0438\u043a\u043e\u0432\u0443\u044e \u043f\u043b\u0435\u043d\u043a\u0443, \u043f\u043b\u0430\u0441\u0442\u0438\u043a\u043e\u0432\u044b\u0435 \u0438 \u0431\u0443\u043c\u0430\u0436\u043d\u044b\u0435 \u043f\u0430\u043a\u0435\u0442\u044b, \u0430 \u0442\u0430\u043a\u0436\u0435 \u043b\u0435\u0433\u043a\u0438\u0435 \u043a\u043e\u0440\u043e\u0431\u043a\u0438 \u0438 \u0443\u043f\u0430\u043a\u043e\u0432\u043e\u0447\u043d\u0443\u044e \u0431\u0443\u043c\u0430\u0433\u0443.<br \/>\n\u0414\u0435\u0439\u0441\u0442\u0432\u0438\u0435 \u0440\u044b\u0447\u0430\u0433\u0430 \u043f\u043e\u0437\u0432\u043e\u043b\u044f\u0435\u0442 HSM V-Press 60 \u043f\u0440\u043e\u0438\u0437\u0432\u043e\u0434\u0438\u0442\u044c \u0445\u043e\u0440\u043e\u0448\u043e \u0441\u0436\u0430\u0442\u044b\u0435 \u0448\u0442\u0430\u0431\u0435\u043b\u0438\u0440\u0443\u0435\u043c\u044b\u0435 \u0442\u044e\u043a\u0438.<br \/>\n\u041d\u0435 \u0442\u0440\u0435\u0431\u0443\u0435\u0442 \u044d\u043b\u0435\u043a\u0442\u0440\u0438\u0447\u0435\u0441\u0442\u0432\u0430, \u043e\u0431\u0441\u043b\u0443\u0436\u0438\u0432\u0430\u043d\u0438\u044f \u0438\u043b\u0438 \u0440\u0435\u043c\u043e\u043d\u0442\u0430.<br \/>\n\u041b\u0435\u0433\u043a\u043e \u0440\u0430\u0431\u043e\u0442\u0430\u0442\u044c, \u0441 \u043c\u0438\u043d\u0438\u043c\u0430\u043b\u044c\u043d\u043e\u0439 \u0441\u0438\u043b\u043e\u0439.<br \/>\n\u041f\u0435\u0440\u0435\u043c\u0435\u0441\u0442\u0438\u0442\u0435 HSM V-Press 60 \u0442\u0443\u0434\u0430, \u0433\u0434\u0435 \u043e\u0431\u0440\u0430\u0437\u0443\u044e\u0442\u0441\u044f \u043e\u0442\u0445\u043e\u0434\u044b. \u041e\u043d \u043f\u0440\u043e\u0445\u043e\u0434\u0438\u0442 \u0447\u0435\u0440\u0435\u0437 \u043a\u0430\u0436\u0434\u0443\u044e \u0434\u0432\u0435\u0440\u044c \u0438 \u0432 \u043a\u0430\u0436\u0434\u044b\u0439 \u043b\u0438\u0444\u0442.<br \/>\n\u0422\u044e\u043a\u0438 \u043e\u043a. 40 \u043a\u0433 \u043c\u043e\u0436\u043d\u043e \u0448\u0442\u0430\u0431\u0435\u043b\u0438\u0440\u043e\u0432\u0430\u0442\u044c \u0438 \u043b\u0435\u0433\u043a\u043e \u0442\u0440\u0430\u043d\u0441\u043f\u043e\u0440\u0442\u0438\u0440\u043e\u0432\u0430\u0442\u044c.<br \/>\n\u0418\u0441\u043f\u043e\u043b\u044c\u0437\u043e\u0432\u0430\u043d\u043d\u044b\u0439 \u0443\u043f\u0430\u043a\u043e\u0432\u043e\u0447\u043d\u044b\u0439 \u043c\u0430\u0442\u0435\u0440\u0438\u0430\u043b \u043f\u043e\u0434\u0430\u0435\u0442\u0441\u044f \u0432 HSM V-Press 60 \u0441\u0440\u0430\u0437\u0443 \u043f\u043e\u0441\u043b\u0435 \u0440\u0430\u0441\u043f\u0430\u043a\u043e\u0432\u043a\u0438, \u0438 \u0435\u0433\u043e \u043d\u0435 \u043d\u0443\u0436\u043d\u043e \u0442\u0440\u0430\u043d\u0441\u043f\u043e\u0440\u0442\u0438\u0440\u043e\u0432\u0430\u0442\u044c \u043d\u0430 \u043f\u0440\u043e\u043c\u0435\u0436\u0443\u0442\u043e\u0447\u043d\u043e\u0435 \u0445\u0440\u0430\u043d\u0435\u043d\u0438\u0435.<br \/>\n\u0418\u0437\u0433\u043e\u0442\u043e\u0432\u043b\u0435\u043d\u043d\u044b\u0435 \u0442\u044e\u043a\u0438 \u043c\u043e\u0436\u043d\u043e \u043f\u043e\u0432\u0442\u043e\u0440\u043d\u043e \u043f\u0440\u0435\u0441\u0441\u043e\u0432\u0430\u0442\u044c \u043d\u0430 \u0433\u0438\u0434\u0440\u0430\u0432\u043b\u0438\u0447\u0435\u0441\u043a\u0438\u0445 \u043f\u0430\u043a\u0435\u0442\u0438\u0440\u043e\u0432\u043e\u0447\u043d\u044b\u0445 \u043f\u0440\u0435\u0441\u0441\u0430\u0445 HSM, \u0442. e. \u041f\u0440\u0435\u0441\u0441\u043e\u0432\u0430\u0442\u044c \u0432 \u0431\u043e\u043b\u0435\u0435 \u043f\u043b\u043e\u0442\u043d\u044b\u0435 \u0438 \u0431\u043e\u043b\u044c\u0448\u0438\u0435 \u0442\u044e\u043a\u0438.<br \/>\n\u0423\u043b\u0443\u0447\u0448\u0435\u043d\u043d\u0430\u044f \u0437\u0430\u0433\u0440\u0443\u0437\u043a\u0430 \u0433\u0440\u0443\u0437\u043e\u0432\u0438\u043a\u043e\u0432 \u0442\u044e\u043a\u0430\u043c\u0438 HSM \u0438, \u043a\u0430\u043a \u0440\u0435\u0437\u0443\u043b\u044c\u0442\u0430\u0442, \u043c\u0435\u043d\u044c\u0448\u0435\u0435 \u043a\u043e\u043b\u0438\u0447\u0435\u0441\u0442\u0432\u043e \u043f\u043e\u0435\u0437\u0434\u043e\u043a \u043d\u0430 \u0433\u0440\u0443\u0437\u043e\u0432\u0438\u043a\u0430\u0445.<br \/>\nAc\u021biunea p\u00e2rghiei permite HSM V-Press 60 s\u0103 produc\u0103 baloti bine comprima\u021bi, stivuibili &#8211; compresie 5:1 \u0219i mai mult.<\/p>\n<p><iframe loading=\"lazy\" width=\"1034\" height=\"360\" src=\"https:\/\/www.youtube.com\/embed\/jnQR31TonZ0\" title=\"Mobile, manuelle Ballenpresse HSM V-Press 60 \u2013 Kurzfilm \/ Mobile Baling Press HSM V-Press 60 Trailer\" frameborder=\"0\" allow=\"accelerometer; autoplay; clipboard-write; encrypted-media; gyroscope; picture-in-picture; web-share\" referrerpolicy=\"strict-origin-when-cross-origin\" allowfullscreen><\/iframe><\/p>\n<p>\u0422\u0435\u0445\u043d\u0438\u0447\u0435\u0441\u043a\u0438\u0435 \u0434\u0430\u043d\u043d\u044b\u0435:<br \/>\n\u0412\u044b\u0441\u043e\u0442\u0430 \u0437\u0430\u0433\u0440\u0443\u0437\u043a\u0438: 1015 \u043c\u043c<br \/>\n\u0414\u043b\u0438\u043d\u0430 \u0442\u044e\u043a\u0430 x \u0448\u0438\u0440\u0438\u043d\u0430 \u0442\u044e\u043a\u0430 x \u0432\u044b\u0441\u043e\u0442\u0430 \u0442\u044e\u043a\u0430: 800 x 600 x 800 \u043c\u043c<br \/>\n\u0412\u0435\u0441 \u0442\u044e\u043a\u0430 (\u0434\u043e): 40 \u043a\u0433<br \/>\n\u0428\u0438\u0440\u0438\u043d\u0430 x \u0433\u043b\u0443\u0431\u0438\u043d\u0430 x \u0432\u044b\u0441\u043e\u0442\u0430: 810 x 735 x 1280 \u043c\u043c<br \/>\n\u0412\u0435\u0441: 95 \u043a\u0433<br \/>\n\u0421\u043f\u043e\u0441\u043e\u0431 \u043e\u0431\u0432\u044f\u0437\u043a\u0438: \u041f\u043e\u043f\u0435\u0440\u0435\u0447\u043d\u0430\u044f \u043e\u0431\u0432\u044f\u0437\u043a\u0430<br \/>\n\u041a\u043e\u043b\u0438\u0447\u0435\u0441\u0442\u0432\u043e \u043e\u0431\u0432\u044f\u0437\u043e\u043a: 3<br \/>\n\u0422\u0438\u043f \u0440\u0430\u0441\u0445\u043e\u0434\u043d\u044b\u0445 \u043c\u0430\u0442\u0435\u0440\u0438\u0430\u043b\u043e\u0432: \u0428\u043f\u0430\u0433\u0430\u0442<br \/>\n\u041f\u0440\u0435\u0441\u0441-\u043c\u0430\u0442\u0435\u0440\u0438\u0430\u043b\u044b: \u041f\u043b\u0430\u0441\u0442\u0438\u043a\u043e\u0432\u0430\u044f \u043f\u043b\u0435\u043d\u043a\u0430<\/p>\n<p><a href=\"https:\/\/toreco.md\/ru\/general\/toreco-devine-distribuitor-autorizat-in-moldova-pentru-brandul-german-hsm\/\"><img decoding=\"async\" src=\"https:\/\/toreco.md\/wp-content\/uploads\/2024\/02\/icon-toreco-distribuitor-autorizat-hsm-germania-moldova.png\" alt=\"Distribuitor Autorizat HSM\" \/><\/a><\/p>","protected":false},"excerpt":{"rendered":"<p>\u0414\u043e\u0441\u0442\u0443\u043f\u0435\u043d \u0434\u043b\u044f \u0437\u0430\u043a\u0430\u0437\u0430 | <strong>\u0417\u0430\u043f\u0440\u043e\u0441\u0438\u0442\u0435 \u043f\u0440\u0435\u0434\u043b\u043e\u0436\u0435\u043d\u0438\u0435 \u043f\u043e \u044d\u043b\u0435\u043a\u0442\u0440\u043e\u043d\u043d\u043e\u0439 \u043f\u043e\u0447\u0442\u0435<\/strong><\/p>\n<p>\u041c\u043e\u0431\u0438\u043b\u044c\u043d\u044b\u0439 \u0443\u043f\u0430\u043a\u043e\u0432\u043e\u0447\u043d\u044b\u0439 \u043f\u0440\u0435\u0441\u0441 HSM V-Press 60 \u0441\u0436\u0438\u043c\u0430\u0435\u0442 \u043f\u043b\u0430\u0441\u0442\u0438\u043a\u043e\u0432\u0443\u044e \u043f\u043b\u0435\u043d\u043a\u0443 \u0438 \u043b\u0435\u0433\u043a\u0438\u0439 \u0443\u043f\u0430\u043a\u043e\u0432\u043e\u0447\u043d\u044b\u0439 \u043c\u0430\u0442\u0435\u0440\u0438\u0430\u043b \u043f\u0440\u044f\u043c\u043e \u0442\u0430\u043c, \u0433\u0434\u0435 \u043d\u0430\u0445\u043e\u0434\u0438\u0442\u0441\u044f \u043c\u0430\u0442\u0435\u0440\u0438\u0430\u043b.<br \/>\nHSM V-Press 60 \u0441\u0436\u0438\u043c\u0430\u0435\u0442 \u043f\u043b\u0430\u0441\u0442\u0438\u043a\u043e\u0432\u0443\u044e \u043f\u043b\u0435\u043d\u043a\u0443, \u043f\u043b\u0430\u0441\u0442\u0438\u043a\u043e\u0432\u044b\u0435 \u0438 \u0431\u0443\u043c\u0430\u0436\u043d\u044b\u0435 \u043f\u0430\u043a\u0435\u0442\u044b, \u0430 \u0442\u0430\u043a\u0436\u0435 \u043b\u0435\u0433\u043a\u0438\u0435 \u043a\u043e\u0440\u043e\u0431\u043a\u0438 \u0438 \u0443\u043f\u0430\u043a\u043e\u0432\u043e\u0447\u043d\u0443\u044e \u0431\u0443\u043c\u0430\u0433\u0443.<\/p>","protected":false},"featured_media":9209,"comment_status":"closed","ping_status":"closed","template":"","meta":[],"product_cat":[108,45,34,42,40,41,107],"product_tag":[202],"class_list":["post-9207","product","type-product","status-publish","has-post-thumbnail","hentry","product_cat-prese-de-balotat","product_cat-industria-auto","product_cat-hotel","product_cat-industria-de-producere-si-prelucrare","product_cat-restaurant-si-bucatarie","product_cat-servicii-de-curatenie","product_cat-utilaje-pentru-deseuri","product_tag-presa-de-balotat","pa_brand-hsm"],"_links":{"self":[{"href":"https:\/\/toreco.md\/ru\/wp-json\/wp\/v2\/product\/9207","targetHints":{"allow":["GET"]}}],"collection":[{"href":"https:\/\/toreco.md\/ru\/wp-json\/wp\/v2\/product"}],"about":[{"href":"https:\/\/toreco.md\/ru\/wp-json\/wp\/v2\/types\/product"}],"replies":[{"embeddable":true,"href":"https:\/\/toreco.md\/ru\/wp-json\/wp\/v2\/comments?post=9207"}],"wp:featuredmedia":[{"embeddable":true,"href":"https:\/\/toreco.md\/ru\/wp-json\/wp\/v2\/media\/9209"}],"wp:attachment":[{"href":"https:\/\/toreco.md\/ru\/wp-json\/wp\/v2\/media?parent=9207"}],"wp:term":[{"taxonomy":"product_cat","embeddable":true,"href":"https:\/\/toreco.md\/ru\/wp-json\/wp\/v2\/product_cat?post=9207"},{"taxonomy":"product_tag","embeddable":true,"href":"https:\/\/toreco.md\/ru\/wp-json\/wp\/v2\/product_tag?post=9207"}],"curies":[{"name":"wp","href":"https:\/\/api.w.org\/{rel}","templated":true}]}}