{"id":9119,"date":"2021-10-18T13:00:27","date_gmt":"2021-10-18T10:00:27","guid":{"rendered":"https:\/\/toreco.md\/?post_type=product&#038;p=9119"},"modified":"2023-04-10T14:51:28","modified_gmt":"2023-04-10T11:51:28","slug":"lavete-material-netesut-albe-premium","status":"publish","type":"product","link":"https:\/\/toreco.md\/ru\/product\/dupa-tip\/consumabile-igiena\/lavete-si-bureti\/lavete-material-netesut-albe-premium\/","title":{"rendered":"\u041d\u0435\u0442\u043a\u0430\u043d\u044b\u0439 \u043c\u0430\u0442\u0435\u0440\u0438\u0430\u043b Tork \u043f\u043e\u0432\u044b\u0448\u0435\u043d\u043d\u043e\u0439 \u043f\u0440\u043e\u0447\u043d\u043e\u0441\u0442\u0438 \u0431\u0435\u043b\u044b\u0439, \u0411\u0435\u043b\u044b\u0439, \u041f\u0440\u0435\u043c\u0438\u0443\u043c, Tork"},"content":{"rendered":"<p>Laveta din matrial ne\u0219esut are o absorb\u021bie sporit\u0103, permi\u021b\u00e2ndu-v\u0103 s\u0103 face\u021bi fa\u021b\u0103 cu u\u0219urin\u021b\u0103 chiar \u0219i celor mai dificile sarcini. Materialul ne\u021besut super &#8211; puternic este potrivit pentru utilizarea cu majoritatea solven\u021bilor \u0219i protejeaz\u0103 m\u00e2inile, contribuind la o cur\u0103\u021bare sigur\u0103 \u0219i convenabil\u0103. Lavetele sunt ambalate \u00eentr-o cutie Tork Easy Handling pentru transport rapid, distribu\u021bia levetelor una c\u00e2te una cre\u0219te nivelul de igien\u0103 \u0219i minimizeaz\u0103 de\u0219eurile. De asemenea, pute\u021bi reduce impactul companiei dvs. asupra mediului \u2014 s-au redus emisiile de CO2 pentru \u021bes\u0103turile ne\u021besute Tork exelCLEAN cu 28% din 2011* \u0219i s-au fabricat ambalaje din materiale reciclate.<br \/>\n*\u0410\u043d\u0430\u043b\u0438\u0437 \u0436\u0438\u0437\u043d\u0435\u043d\u043d\u043e\u0433\u043e \u0446\u0438\u043a\u043b\u0430 (LCA), \u043f\u0440\u043e\u0432\u0435\u0434\u0435\u043d\u043d\u044b\u0439 Essity \u0438 IVL Svenska Milj\u00f6institutet \u0432 \u0430\u043f\u0440\u0435\u043b\u0435 2021 \u0433.<\/p>\n<p>&#8211; Reduce\u021bi timpul de cur\u0103\u021bare cu 35% \u0219i cheltui\u021bi cu 31% mai pu\u021bin efort \u00een compara\u021bie cu zdren\u021bele, deoarece \u021bes\u0103tura ne\u021besut\u0103 este potrivit\u0103 pentru utilizare repetat\u0103.<br \/>\n&#8211; Construc\u021bia Super puternic\u0103 protejeaz\u0103 m\u00e2inile de arsuri \u0219i a\u0219chii metalice.<br \/>\n&#8211; Cre\u0219te\u021bi durabilitatea afacerii dvs. \u2014 ambalajul acestui produs este fabricat din fibre reciclate 100% \u0219i cel pu\u021bin 30% plastic reciclat.<\/p>\n<p>\u0421\u0438\u0441\u0442\u0435\u043c\u0430: W4<br \/>\n\u041f\u043b\u043e\u0442\u043d\u043e\u0441\u0442\u044c: 80 \u0433\/\u043c2<br \/>\n\u041a\u043e\u043b\u0438\u0447\u0435\u0441\u0442\u0432\u043e \u0441\u0430\u043b\u0444\u0435\u0442\u043e\u043a \/ \u043f\u0430\u043a\u0435\u0442: 70 \u0448\u0442<br \/>\nDimensiune: 35.5&#215;61.5 cm<br \/>\n\u0421\u043b\u043e\u0438: 1<\/p>","protected":false},"excerpt":{"rendered":"<p>\u0421\u0443\u043f\u0435\u0440\u043f\u0440\u043e\u0447\u043d\u044b\u0439 \u043d\u0435\u0442\u043a\u0430\u043d\u044b\u0439 \u043c\u0430\u0442\u0435\u0440\u0438\u0430\u043b \u043f\u043e\u0434\u0445\u043e\u0434\u0438\u0442 \u0434\u043b\u044f \u043f\u0440\u0438\u043c\u0435\u043d\u0435\u043d\u0438\u044f \u0441 \u0431\u043e\u043b\u044c\u0448\u0438\u043d\u0441\u0442\u0432\u043e\u043c \u0440\u0430\u0441\u0442\u0432\u043e\u0440\u0438\u0442\u0435\u043b\u0435\u0439 \u0438 \u0437\u0430\u0449\u0438\u0449\u0430\u0435\u0442 \u0440\u0443\u043a\u0438, \u0441\u043f\u043e\u0441\u043e\u0431\u0441\u0442\u0432\u0443\u044f \u0431\u0435\u0437\u043e\u043f\u0430\u0441\u043d\u043e\u0439 \u0438 \u0443\u0434\u043e\u0431\u043d\u043e\u0439 \u043e\u0447\u0438\u0441\u0442\u043a\u0435.<\/p>","protected":false},"featured_media":9120,"comment_status":"closed","ping_status":"closed","template":"","meta":[],"product_cat":[96,34,42,44,40,41,46,95],"product_tag":[184],"class_list":["post-9119","product","type-product","status-publish","has-post-thumbnail","hentry","product_cat-lavete-si-bureti","product_cat-hotel","product_cat-industria-de-producere-si-prelucrare","product_cat-institutii-de-invatamint","product_cat-restaurant-si-bucatarie","product_cat-servicii-de-curatenie","product_cat-sport-si-fitness","product_cat-consumabile-igiena","product_tag-laveta","pa_brand-tork"],"_links":{"self":[{"href":"https:\/\/toreco.md\/ru\/wp-json\/wp\/v2\/product\/9119","targetHints":{"allow":["GET"]}}],"collection":[{"href":"https:\/\/toreco.md\/ru\/wp-json\/wp\/v2\/product"}],"about":[{"href":"https:\/\/toreco.md\/ru\/wp-json\/wp\/v2\/types\/product"}],"replies":[{"embeddable":true,"href":"https:\/\/toreco.md\/ru\/wp-json\/wp\/v2\/comments?post=9119"}],"wp:featuredmedia":[{"embeddable":true,"href":"https:\/\/toreco.md\/ru\/wp-json\/wp\/v2\/media\/9120"}],"wp:attachment":[{"href":"https:\/\/toreco.md\/ru\/wp-json\/wp\/v2\/media?parent=9119"}],"wp:term":[{"taxonomy":"product_cat","embeddable":true,"href":"https:\/\/toreco.md\/ru\/wp-json\/wp\/v2\/product_cat?post=9119"},{"taxonomy":"product_tag","embeddable":true,"href":"https:\/\/toreco.md\/ru\/wp-json\/wp\/v2\/product_tag?post=9119"}],"curies":[{"name":"wp","href":"https:\/\/api.w.org\/{rel}","templated":true}]}}