{"id":9117,"date":"2021-10-18T12:33:49","date_gmt":"2021-10-18T09:33:49","guid":{"rendered":"https:\/\/toreco.md\/?post_type=product&#038;p=9117"},"modified":"2023-07-21T08:05:42","modified_gmt":"2023-07-21T05:05:42","slug":"dezinfectant-gel-alcool-pentru-maini-1000ml-premium","status":"publish","type":"product","link":"https:\/\/toreco.md\/ru\/product\/dupa-tip\/sapun-si-odorizanti\/dezinfectanti-sapun-antibacterian\/dezinfectant-gel-alcool-pentru-maini-1000ml-premium\/","title":{"rendered":"\u0421\u043f\u0438\u0440\u0442\u043e\u0432\u043e\u0435 \u0434\u0435\u0437\u0438\u043d\u0444\u0438\u0446\u0438\u0440\u0443\u044e\u0449\u0435\u0435 \u0433\u0435\u043b\u044c \u0441\u0440\u0435\u0434\u0441\u0442\u0432\u043e \u0434\u043b\u044f \u0440\u0443\u043a 1000\u043c\u043b, Premium, Tork"},"content":{"rendered":"<p><iframe loading=\"lazy\" width=\"640\" height=\"360\" src=\"https:\/\/www.youtube.com\/embed\/MGXLu-NyBg4\" title=\"[TORECO]: Sapun lichid si spuma Tork - reduce costurile deoarece 1L (Tork) = 5L (sapun obisnuit)\" frameborder=\"0\" allow=\"accelerometer; autoplay; clipboard-write; encrypted-media; gyroscope; picture-in-picture; web-share\" allowfullscreen><\/iframe><\/p>\n<p>Preveni\u021bi infec\u021biile utiliz\u00e2nd Tork Alcohol Gel Hand Sanitizer, cu un con\u021binut ridicat de alcool denaturat (80%). Igienizeaz\u0103 \u0219i dezinfecteaz\u0103 rapid m\u00e2inile. Produs eficient, creat pentru utilizare frecvent\u0103. Este perfect pentru a fi folosit \u00een mai multe domenii: industria alimentar\u0103, medicin\u0103 etc. Potrivit pentru dozatoarele de s\u0103pun Tork Liquid &#038; Spray, care sunt u\u0219or de folosit \u0219i ofer\u0103 igien\u0103 perfect\u0103 tuturoro utilizatorilor.<br \/>\n\u041e\u0431\u044a\u0435\u043c: 1 \u043b\u0438\u0442\u0440<br \/>\n\u0421\u0438\u0441\u0442\u0435\u043c\u0430: S1<\/p>","protected":false},"excerpt":{"rendered":"<p>\u041f\u0440\u0435\u0434\u043e\u0442\u0432\u0440\u0430\u0449\u0430\u0439\u0442\u0435 \u0438\u043d\u0444\u0435\u043a\u0446\u0438\u0438 \u0441 \u0434\u0435\u0437\u0438\u043d\u0444\u0438\u0446\u0438\u0440\u0443\u044e\u0449\u0438\u043c \u0433\u0435\u043b\u044c-\u0441\u0440\u0435\u0434\u0441\u0442\u0432\u043e\u043c \u0434\u043b\u044f \u0440\u0443\u043a \u0422\u043erk \u0441 \u0432\u044b\u0441\u043e\u043a\u0438\u043c \u0441\u043e\u0434\u0435\u0440\u0436\u0430\u043d\u0438\u0435\u043c \u0434\u0435\u043d\u0430\u0442\u0443\u0440\u0438\u0440\u043e\u0432\u0430\u043d\u043d\u043e\u0433\u043e \u0441\u043f\u0438\u0440\u0442\u0430 (80%).<\/p>","protected":false},"featured_media":9118,"comment_status":"closed","ping_status":"closed","template":"","meta":[],"product_cat":[85,34,42,44,43,40,46,21,27],"product_tag":[150],"class_list":["post-9117","product","type-product","status-publish","has-post-thumbnail","hentry","product_cat-dezinfectanti-sapun-antibacterian","product_cat-hotel","product_cat-industria-de-producere-si-prelucrare","product_cat-institutii-de-invatamint","product_cat-medicina","product_cat-restaurant-si-bucatarie","product_cat-sport-si-fitness","product_cat-articole-parafarmaceutice","product_cat-bavete-bonete-manusi-masca","product_tag-dezinfectant-pentru-maini","pa_brand-tork"],"_links":{"self":[{"href":"https:\/\/toreco.md\/ru\/wp-json\/wp\/v2\/product\/9117","targetHints":{"allow":["GET"]}}],"collection":[{"href":"https:\/\/toreco.md\/ru\/wp-json\/wp\/v2\/product"}],"about":[{"href":"https:\/\/toreco.md\/ru\/wp-json\/wp\/v2\/types\/product"}],"replies":[{"embeddable":true,"href":"https:\/\/toreco.md\/ru\/wp-json\/wp\/v2\/comments?post=9117"}],"wp:featuredmedia":[{"embeddable":true,"href":"https:\/\/toreco.md\/ru\/wp-json\/wp\/v2\/media\/9118"}],"wp:attachment":[{"href":"https:\/\/toreco.md\/ru\/wp-json\/wp\/v2\/media?parent=9117"}],"wp:term":[{"taxonomy":"product_cat","embeddable":true,"href":"https:\/\/toreco.md\/ru\/wp-json\/wp\/v2\/product_cat?post=9117"},{"taxonomy":"product_tag","embeddable":true,"href":"https:\/\/toreco.md\/ru\/wp-json\/wp\/v2\/product_tag?post=9117"}],"curies":[{"name":"wp","href":"https:\/\/api.w.org\/{rel}","templated":true}]}}