{"id":8321,"date":"2021-08-03T13:02:49","date_gmt":"2021-08-03T10:02:49","guid":{"rendered":"https:\/\/toreco.md\/?post_type=product&#038;p=8321"},"modified":"2025-03-26T10:30:05","modified_gmt":"2025-03-26T08:30:05","slug":"maxx2-brial-detergent-pentru-suprafete-si-geamuri-2","status":"publish","type":"product","link":"https:\/\/toreco.md\/ru\/product\/dupa-domeniul-de-activitate\/hotel\/maxx2-brial-detergent-pentru-suprafete-si-geamuri-2\/","title":{"rendered":"Maxx2 Brial, \u043c\u043e\u044e\u0449\u0435\u0435 \u0441\u0440\u0435\u0434\u0441\u0442\u0432\u043e \u0434\u043b\u044f \u043f\u043e\u0432\u0435\u0440\u0445\u043d\u043e\u0441\u0442\u0435\u0439 \u0438 \u0441\u0442\u0435\u043a\u043e\u043b"},"content":{"rendered":"<p>Extrem de concentrat, nu necesit\u0103 purtarea de echipament de protec\u021bie \u0219i nici cl\u0103tirea ulterioar\u0103 a suprafe\u021bei pe care este aplicat. Compatibilitate excelent\u0103 cu materialele, av\u00e2nd o formul\u0103 care nu las\u0103 urme. Zona de aplicare &#8211; spa\u021bii publice<br \/>\nVolum &#8211; 5 litri<\/p>","protected":false},"excerpt":{"rendered":"<p>\u0418\u043d\u043d\u043e\u0432\u0430\u0446\u0438\u043e\u043d\u043d\u043e\u0435 \u043c\u043e\u044e\u0449\u0435\u0435 \u0441\u0440\u0435\u0434\u0441\u0442\u0432\u043e\u0441\u0443\u043f\u0435\u0440 \u0443\u0432\u043b\u0430\u0436\u043d\u0438\u0442\u0435\u043b\u044c \u0434\u043b\u044f \u043e\u0447\u0438\u0441\u0442\u043a\u0438 \u043f\u043e\u0432\u0435\u0440\u0445\u043d\u043e\u0441\u0442\u0435\u0439 \u0438 \u043e\u043a\u043e\u043d.<\/p>","protected":false},"featured_media":8322,"comment_status":"closed","ping_status":"closed","template":"","meta":[],"product_cat":[34,42,44,43,40,41,46,73],"product_tag":[169],"class_list":["post-8321","product","type-product","status-publish","has-post-thumbnail","hentry","product_cat-hotel","product_cat-industria-de-producere-si-prelucrare","product_cat-institutii-de-invatamint","product_cat-medicina","product_cat-restaurant-si-bucatarie","product_cat-servicii-de-curatenie","product_cat-sport-si-fitness","product_cat-sticla-geamuri-oglinzi","product_tag-detergent","pa_brand-ecolab"],"_links":{"self":[{"href":"https:\/\/toreco.md\/ru\/wp-json\/wp\/v2\/product\/8321","targetHints":{"allow":["GET"]}}],"collection":[{"href":"https:\/\/toreco.md\/ru\/wp-json\/wp\/v2\/product"}],"about":[{"href":"https:\/\/toreco.md\/ru\/wp-json\/wp\/v2\/types\/product"}],"replies":[{"embeddable":true,"href":"https:\/\/toreco.md\/ru\/wp-json\/wp\/v2\/comments?post=8321"}],"wp:featuredmedia":[{"embeddable":true,"href":"https:\/\/toreco.md\/ru\/wp-json\/wp\/v2\/media\/8322"}],"wp:attachment":[{"href":"https:\/\/toreco.md\/ru\/wp-json\/wp\/v2\/media?parent=8321"}],"wp:term":[{"taxonomy":"product_cat","embeddable":true,"href":"https:\/\/toreco.md\/ru\/wp-json\/wp\/v2\/product_cat?post=8321"},{"taxonomy":"product_tag","embeddable":true,"href":"https:\/\/toreco.md\/ru\/wp-json\/wp\/v2\/product_tag?post=8321"}],"curies":[{"name":"wp","href":"https:\/\/api.w.org\/{rel}","templated":true}]}}