{"id":8314,"date":"2021-08-03T12:09:34","date_gmt":"2021-08-03T09:09:34","guid":{"rendered":"https:\/\/toreco.md\/?post_type=product&#038;p=8314"},"modified":"2026-01-28T09:27:31","modified_gmt":"2026-01-28T07:27:31","slug":"maxx2-magic-detergent-superumectant-universal-manual-automat","status":"publish","type":"product","link":"https:\/\/toreco.md\/ru\/product\/dupa-domeniul-de-activitate\/institutii-de-invatamint\/maxx2-magic-detergent-superumectant-universal-manual-automat\/","title":{"rendered":"Maxx2 Magic, \u0443\u043d\u0438\u0432\u0435\u0440\u0441\u0430\u043b\u044c\u043d\u043e\u0435 \u0440\u0443\u0447\u043d\u043e\u0435\/\u0430\u0432\u0442\u043e\u043c\u0430\u0442\u0438\u0447\u0435\u0441\u043a\u043e\u0435 \u043c\u043e\u044e\u0449\u0435\u0435 \u0441\u0440\u0435\u0434\u0441\u0442\u0432\u043e"},"content":{"rendered":"<p>Detergent superumectant de \u00eenalt\u0103 performan\u021b\u0103 pentru pardoseli. Elimin\u0103 rapid murd\u0103ria \u0219i gr\u0103simea cu spumare redus\u0103 la utilizarea manual\u0103 sau \u00een ma\u0219in\u0103. M\u0103re\u0219te intervalele pentru cur\u0103\u021benia de \u00eentre\u021binere \u0219i ofer\u0103 rezultate expectionale de cur\u0103\u021bare. Zona de utilizare &#8211; spa\u021bii publice.<\/p>","protected":false},"excerpt":{"rendered":"<p>\u0412\u044b\u0441\u043e\u043a\u043e\u044d\u0444\u0444\u0435\u043a\u0442\u0438\u0432\u043d\u043e\u0435 \u0441\u0443\u043f\u0435\u0440 \u043c\u043e\u044e\u0449\u0435\u0435 \u0441\u0440\u0435\u0434\u0441\u0442\u0432\u043e \u0434\u043b\u044f \u043f\u043e\u043b\u043e\u0432.<\/p>","protected":false},"featured_media":8315,"comment_status":"closed","ping_status":"closed","template":"","meta":[],"product_cat":[44,43,40,41,46,79],"product_tag":[169],"class_list":["post-8314","product","type-product","status-publish","has-post-thumbnail","hentry","product_cat-institutii-de-invatamint","product_cat-medicina","product_cat-restaurant-si-bucatarie","product_cat-servicii-de-curatenie","product_cat-sport-si-fitness","product_cat-curatare-pardoseli-si-suprafete","product_tag-detergent","pa_brand-ecolab"],"_links":{"self":[{"href":"https:\/\/toreco.md\/ru\/wp-json\/wp\/v2\/product\/8314","targetHints":{"allow":["GET"]}}],"collection":[{"href":"https:\/\/toreco.md\/ru\/wp-json\/wp\/v2\/product"}],"about":[{"href":"https:\/\/toreco.md\/ru\/wp-json\/wp\/v2\/types\/product"}],"replies":[{"embeddable":true,"href":"https:\/\/toreco.md\/ru\/wp-json\/wp\/v2\/comments?post=8314"}],"wp:featuredmedia":[{"embeddable":true,"href":"https:\/\/toreco.md\/ru\/wp-json\/wp\/v2\/media\/8315"}],"wp:attachment":[{"href":"https:\/\/toreco.md\/ru\/wp-json\/wp\/v2\/media?parent=8314"}],"wp:term":[{"taxonomy":"product_cat","embeddable":true,"href":"https:\/\/toreco.md\/ru\/wp-json\/wp\/v2\/product_cat?post=8314"},{"taxonomy":"product_tag","embeddable":true,"href":"https:\/\/toreco.md\/ru\/wp-json\/wp\/v2\/product_tag?post=8314"}],"curies":[{"name":"wp","href":"https:\/\/api.w.org\/{rel}","templated":true}]}}