{"id":8288,"date":"2021-08-03T08:45:28","date_gmt":"2021-08-03T05:45:28","guid":{"rendered":"https:\/\/toreco.md\/?post_type=product&#038;p=8288"},"modified":"2022-04-04T10:21:19","modified_gmt":"2022-04-04T07:21:19","slug":"tomberon-pentru-deseuri-mkt240l-orange","status":"publish","type":"product","link":"https:\/\/toreco.md\/ru\/product\/dupa-tip\/tomberoane-cosuri-gunoi\/cosuri-de-gunoi-stradale\/tomberon-pentru-deseuri-mkt240l-orange\/","title":{"rendered":"K\u043e\u043d\u0442\u0435\u0439\u043d\u0435\u0440 \u0434\u043b\u044f \u043c\u0443\u0441\u043e\u0440\u0430 MKT240L, \u041e\u0440\u0430\u043d\u0436\u0435\u0432\u044b\u0439"},"content":{"rendered":"<p>Containerele (tomberoanele) de gunoi din plastic cu dimensiunea de 730x580x1060 mm sunt echipate cu 2 ro\u021bi cauciucate \u0219i un capac. Greutate &#8211; pu\u021bin peste 13 kg, capacitate &#8211; 240 l. Peretele frontal este confec\u021bionat din material deosebit de durabil pentru \u00eenc\u0103rcarea sigur\u0103 a con\u021binutului cu echipamentul de colectare a gunoiului. Material &#8211; Polietilen\u0103 de joas\u0103 presiune (HDPE) Culoare &#8211; Oranj.<\/p>","protected":false},"excerpt":{"rendered":"<p>Containerele (tomberoanele) de gunoi din plastic cu dimensiunea de 730x580x1060 mm sunt echipate cu 2 ro\u021bi cauciucate \u0219i un capac. Greutate &#8211; pu\u021bin peste 13 kg, capacitate &#8211; 240 l. Peretele frontal este confec\u021bionat din material deosebit de durabil pentru \u00eenc\u0103rcarea sigur\u0103 a con\u021binutului cu echipamentul de colectare a gunoiului. Material &#8211; Polietilen\u0103 de joas\u0103 [&hellip;]<\/p>","protected":false},"featured_media":8289,"comment_status":"closed","ping_status":"closed","template":"","meta":[],"product_cat":[99,101],"product_tag":[204],"class_list":["post-8288","product","type-product","status-publish","has-post-thumbnail","hentry","product_cat-tomberoane-cosuri-gunoi","product_cat-cosuri-de-gunoi-stradale","product_tag-tomberon","pa_brand-tara"],"_links":{"self":[{"href":"https:\/\/toreco.md\/ru\/wp-json\/wp\/v2\/product\/8288","targetHints":{"allow":["GET"]}}],"collection":[{"href":"https:\/\/toreco.md\/ru\/wp-json\/wp\/v2\/product"}],"about":[{"href":"https:\/\/toreco.md\/ru\/wp-json\/wp\/v2\/types\/product"}],"replies":[{"embeddable":true,"href":"https:\/\/toreco.md\/ru\/wp-json\/wp\/v2\/comments?post=8288"}],"wp:featuredmedia":[{"embeddable":true,"href":"https:\/\/toreco.md\/ru\/wp-json\/wp\/v2\/media\/8289"}],"wp:attachment":[{"href":"https:\/\/toreco.md\/ru\/wp-json\/wp\/v2\/media?parent=8288"}],"wp:term":[{"taxonomy":"product_cat","embeddable":true,"href":"https:\/\/toreco.md\/ru\/wp-json\/wp\/v2\/product_cat?post=8288"},{"taxonomy":"product_tag","embeddable":true,"href":"https:\/\/toreco.md\/ru\/wp-json\/wp\/v2\/product_tag?post=8288"}],"curies":[{"name":"wp","href":"https:\/\/api.w.org\/{rel}","templated":true}]}}