{"id":7970,"date":"2021-07-09T13:32:06","date_gmt":"2021-07-09T10:32:06","guid":{"rendered":"https:\/\/toreco.md\/?post_type=product&#038;p=7970"},"modified":"2024-04-29T13:11:06","modified_gmt":"2024-04-29T10:11:06","slug":"sapun-spuma-antimicrobial-s4","status":"publish","type":"product","link":"https:\/\/toreco.md\/ru\/product\/dupa-tip\/sapun-si-odorizanti\/dezinfectanti-sapun-antibacterian\/sapun-spuma-antimicrobial-s4\/","title":{"rendered":"\u0413\u0435\u043b\u044c-\u0441\u043f\u0438\u0440\u0442\u043e\u0432\u043e\u0435 \u0434\u0435\u0437\u0438\u043d\u0444\u0438\u0446\u0438\u0440\u0443\u044e\u0449\u0435\u0435 \u0441\u0440\u0435\u0434\u0441\u0442\u0432\u043e \u0434\u043b\u044f \u0440\u0443\u043a, S4, Tork"},"content":{"rendered":"<p><iframe loading=\"lazy\" width=\"640\" height=\"360\" src=\"https:\/\/www.youtube.com\/embed\/MGXLu-NyBg4\" title=\"[TORECO]: Sapun lichid si spuma Tork - reduce costurile deoarece 1L (Tork) = 5L (sapun obisnuit)\" frameborder=\"0\" allow=\"accelerometer; autoplay; clipboard-write; encrypted-media; gyroscope; picture-in-picture; web-share\" allowfullscreen><\/iframe><\/p>\n<p>Eficient \u00eempotriva unei variet\u0103\u021bi de organisme problem\u0103 &#8211;\u00a0 toate virusurile capsulate, rotavirus \u0219i norovirus. Ideal pentru igiena zilnic\u0103 a m\u00e2inilor, inclusiv asisten\u021b\u0103 medical\u0103.\u00a0 Hidrateaz\u0103 pielea f\u0103r\u0103 a l\u0103sa reziduuri lipicioase. Potrivit pentru toate dozatoarele Tork Skincare (S4).<\/p>\n<p>\u0421\u0438\u0441\u0442\u0435\u043c\u0430 S4<br \/>\n\u041e\u0431\u044a\u0435\u043c: 1000 \u043c\u043b \/ 2500 \u0434\u043e\u0437.<\/p>","protected":false},"excerpt":{"rendered":"<p>\u0413\u0435\u043b\u044c-\u0434\u0435\u0437\u0438\u043d\u0444\u0438\u0446\u0438\u0440\u0443\u044e\u0449\u0435\u0435 \u0441\u0440\u0435\u0434\u0441\u0442\u0432\u043e \u0434\u043b\u044f \u0440\u0443\u043a Tork \u0441 80% -\u043d\u044b\u043c \u0441\u043e\u0434\u0435\u0440\u0436\u0430\u043d\u0438\u0435\u043c \u0434\u0435\u043d\u0430\u0442\u0443\u0440\u0438\u0440\u043e\u0432\u0430\u043d\u043d\u043e\u0433\u043e \u0441\u043f\u0438\u0440\u0442\u0430 \u044d\u0444\u0444\u0435\u043a\u0442\u0438\u0432\u043d\u043e \u0443\u043d\u0438\u0447\u0442\u043e\u0436\u0430\u0435\u0442 \u043c\u0438\u043a\u0440\u043e\u043e\u0440\u0433\u0430\u043d\u0438\u0437\u043c\u044b \u0438 \u043f\u0440\u0435\u0434\u043e\u0442\u0432\u0440\u0430\u0449\u0430\u0435\u0442 \u0440\u0430\u0441\u043f\u0440\u043e\u0441\u0442\u0440\u0430\u043d\u0435\u043d\u0438\u0435 \u0438\u043d\u0444\u0435\u043a\u0446\u0438\u0439.<\/p>","protected":false},"featured_media":7971,"comment_status":"closed","ping_status":"closed","template":"","meta":[],"product_cat":[45,34,42,44,43,40,41,46,21,27,83,85],"product_tag":[150],"class_list":["post-7970","product","type-product","status-publish","has-post-thumbnail","hentry","product_cat-industria-auto","product_cat-hotel","product_cat-industria-de-producere-si-prelucrare","product_cat-institutii-de-invatamint","product_cat-medicina","product_cat-restaurant-si-bucatarie","product_cat-servicii-de-curatenie","product_cat-sport-si-fitness","product_cat-articole-parafarmaceutice","product_cat-bavete-bonete-manusi-masca","product_cat-sapun-si-odorizanti","product_cat-dezinfectanti-sapun-antibacterian","product_tag-dezinfectant-pentru-maini","pa_brand-tork"],"_links":{"self":[{"href":"https:\/\/toreco.md\/ru\/wp-json\/wp\/v2\/product\/7970","targetHints":{"allow":["GET"]}}],"collection":[{"href":"https:\/\/toreco.md\/ru\/wp-json\/wp\/v2\/product"}],"about":[{"href":"https:\/\/toreco.md\/ru\/wp-json\/wp\/v2\/types\/product"}],"replies":[{"embeddable":true,"href":"https:\/\/toreco.md\/ru\/wp-json\/wp\/v2\/comments?post=7970"}],"wp:featuredmedia":[{"embeddable":true,"href":"https:\/\/toreco.md\/ru\/wp-json\/wp\/v2\/media\/7971"}],"wp:attachment":[{"href":"https:\/\/toreco.md\/ru\/wp-json\/wp\/v2\/media?parent=7970"}],"wp:term":[{"taxonomy":"product_cat","embeddable":true,"href":"https:\/\/toreco.md\/ru\/wp-json\/wp\/v2\/product_cat?post=7970"},{"taxonomy":"product_tag","embeddable":true,"href":"https:\/\/toreco.md\/ru\/wp-json\/wp\/v2\/product_tag?post=7970"}],"curies":[{"name":"wp","href":"https:\/\/api.w.org\/{rel}","templated":true}]}}