{"id":7291,"date":"2021-06-25T10:43:36","date_gmt":"2021-06-25T07:43:36","guid":{"rendered":"https:\/\/toreco.md\/?post_type=product&#038;p=7291"},"modified":"2025-05-27T14:53:33","modified_gmt":"2025-05-27T11:53:33","slug":"masina-frecare-uscare-cu-om-la-bord-vlx-2180sr","status":"publish","type":"product","link":"https:\/\/toreco.md\/ru\/product\/dupa-tip\/utilaje-pentru-curatenie\/masini-de-curatat\/masina-frecare-uscare-cu-om-la-bord-vlx-2180sr\/","title":{"rendered":"\u041f\u043e\u043b\u043e\u043c\u043e\u0435\u0447\u043d\u0430\u044f \u043c\u0430\u0448\u0438\u043d\u0430 VLX 2180SR"},"content":{"rendered":"<p>\u041e\u0431\u043e\u0440\u0443\u0434\u043e\u0432\u0430\u043d\u0438\u0435, \u043f\u0440\u0435\u0434\u043d\u0430\u0437\u043d\u0430\u0447\u0435\u043d\u043d\u043e\u0435 \u0434\u043b\u044f \u0440\u043e\u0437\u043d\u0438\u0447\u043d\u043e\u0439 \u0442\u043e\u0440\u0433\u043e\u0432\u043b\u0438, \u043b\u043e\u0433\u0438\u0441\u0442\u0438\u043a\u0438, \u0443\u0447\u0440\u0435\u0436\u0434\u0435\u043d\u0438\u0439 \u0438 \u043f\u0440\u043e\u043c\u044b\u0448\u043b\u0435\u043d\u043d\u044b\u0445 \u043a\u043e\u043c\u043f\u0430\u043d\u0438\u0439 \u0441 \u0443\u043c\u0435\u0440\u0435\u043d\u043d\u043e\u0439 \u0441\u0442\u0435\u043f\u0435\u043d\u044c\u044e \u0437\u0430\u0433\u0440\u044f\u0437\u043d\u0435\u043d\u0438\u044f.<br \/>\n\u042d\u043b\u0435\u043c\u0435\u043d\u0442\u044b \u0442\u0435\u0445\u043d\u0438\u0447\u0435\u0441\u043a\u043e\u0433\u043e \u043e\u0431\u0441\u043b\u0443\u0436\u0438\u0432\u0430\u043d\u0438\u044f \u043e\u0441\u043d\u043e\u0432\u043d\u043e\u0433\u043e \u043e\u0431\u043e\u0440\u0443\u0434\u043e\u0432\u0430\u043d\u0438\u044f \u043b\u0435\u0433\u043a\u043e \u0434\u043e\u0441\u0442\u0443\u043f\u043d\u044b.<br \/>\n\u0417\u0430\u043c\u0435\u043d\u0430 \u0440\u0430\u0441\u0445\u043e\u0434\u043d\u044b\u0445 \u043c\u0430\u0442\u0435\u0440\u0438\u0430\u043b\u043e\u0432 \u043d\u0435 \u0442\u0440\u0435\u0431\u0443\u0435\u0442 \u0434\u043e\u043f\u043e\u043b\u043d\u0438\u0442\u0435\u043b\u044c\u043d\u044b\u0445 \u0438\u043d\u0441\u0442\u0440\u0443\u043c\u0435\u043d\u0442\u043e\u0432 \u0438\u043b\u0438 \u043e\u0431\u043e\u0440\u0443\u0434\u043e\u0432\u0430\u043d\u0438\u044f. \u041e\u0441\u043d\u0430\u0449\u0435\u043da \u0430\u0432\u0442\u043e\u043c\u0430\u0442\u0438\u0447\u0435\u0441\u043a\u0438\u043c\u0438 \u043f\u0440\u043e\u0433\u0440\u0430\u043c\u043c\u0430\u043c\u0438, AUTO \u0438 ECO. <\/p>\n<p>\u0422\u0435\u0445\u043d\u0438\u0447\u0435\u0441\u043a\u0438\u0435 \u0434\u0430\u043d\u043d\u044b\u0435:<br \/>\nAcumulatori &#8211; 2X12V,120Ah, \u00eenc\u0103rc\u0103tor \u00eencorporat;<br \/>\nL\u0103\u021bimea perie de sp\u0103lare &#8211; 500 mm, o perie;<br \/>\nViteza de rota\u0163ie a periei &#8211; 150 r\/m;<br \/>\nPresiunea maxim\u0103 de ap\u0103sare &#8211; 22 kg;<br \/>\nPutere motor perie &#8211; 400 W;<br \/>\nPutere motor de aspirare &#8211; 2 nivele, 480 W;<br \/>\nViteza maxim\u0103  &#8211; 6 km\/h;<br \/>\n\u0422\u0435\u043e\u0440\u0435\u0442\u0438\u0447\u0435\u0441\u043a\u0430\u044f \u043f\u0440\u043e\u0438\u0437\u0432\u043e\u0434\u0438\u0442\u0435\u043b\u044c\u043d\u043e\u0441\u0442\u044c 2848 \u043a\u0432. \u043c.\/ \u0447;<br \/>\nCapacitate rezervor de solu\u0163ie &#8211; 78,5 Lt;<br \/>\nCapacitate rezervor de recuperare &#8211; 80 Lt;<br \/>\nPant\u0103 maxim\u0103 de func\u0163ionare &#8211; 8%.<br \/>\n\u0412\u0435\u0441 (\u0431\u0435\u0437 \u0431\u0430\u0442\u0430\u0440\u0435\u0439) 118 \u043a\u0433.<br \/>\n\u0420\u0430\u0437\u043c\u0435\u0440\u044b 1.310 x 675 x 1.030 \u043c\u043c.<\/p>","protected":false},"excerpt":{"rendered":"<p>\u041f\u043e\u043b\u043e\u043c\u043e\u0435\u0447\u043d\u0430\u044f \u043c\u0430\u0448\u0438\u043d\u0430, \u043a\u043e\u043c\u043f\u0430\u043a\u0442\u043d\u044b\u0445 \u0440\u0430\u0437\u043c\u0435\u0440\u043e\u0432, \u0443\u043f\u0440\u0430\u0432\u043b\u044f\u0435\u043c\u0430\u044f \u0447\u0435\u043b\u043e\u0432\u0435\u043a\u043e\u043c, \u0447\u0440\u0435\u0437\u0432\u044b\u0447\u0430\u0439\u043d\u043e \u043c\u0430\u043d\u0435\u0432\u0440\u0435\u043d\u043d\u0430 \u043d\u0430 \u0443\u0437\u043a\u0438\u0445 \u0443\u0447\u0430\u0441\u0442\u043a\u0430\u0445 \u0438 \u0438\u043c\u0435\u0435\u0442 \u043c\u0430\u043a\u0441\u0438\u043c\u0430\u043b\u044c\u043d\u0443\u044e \u044d\u0444\u0444\u0435\u043a\u0442\u0438\u0432\u043d\u043e\u0441\u0442\u044c \u043f\u0440\u0438 \u0443\u0431\u043e\u0440\u043a\u0435 \u0431\u043e\u043b\u044c\u0448\u0438\u0445 \u043f\u0440\u043e\u0441\u0442\u0440\u0430\u043d\u0441\u0442\u0432.<\/p>","protected":false},"featured_media":7317,"comment_status":"closed","ping_status":"closed","template":"","meta":[],"product_cat":[109,113],"product_tag":[211],"class_list":["post-7291","product","type-product","status-publish","has-post-thumbnail","hentry","product_cat-utilaje-pentru-curatenie","product_cat-masini-de-curatat","product_tag-masini-curatenie","pa_brand-tennant"],"_links":{"self":[{"href":"https:\/\/toreco.md\/ru\/wp-json\/wp\/v2\/product\/7291","targetHints":{"allow":["GET"]}}],"collection":[{"href":"https:\/\/toreco.md\/ru\/wp-json\/wp\/v2\/product"}],"about":[{"href":"https:\/\/toreco.md\/ru\/wp-json\/wp\/v2\/types\/product"}],"replies":[{"embeddable":true,"href":"https:\/\/toreco.md\/ru\/wp-json\/wp\/v2\/comments?post=7291"}],"wp:featuredmedia":[{"embeddable":true,"href":"https:\/\/toreco.md\/ru\/wp-json\/wp\/v2\/media\/7317"}],"wp:attachment":[{"href":"https:\/\/toreco.md\/ru\/wp-json\/wp\/v2\/media?parent=7291"}],"wp:term":[{"taxonomy":"product_cat","embeddable":true,"href":"https:\/\/toreco.md\/ru\/wp-json\/wp\/v2\/product_cat?post=7291"},{"taxonomy":"product_tag","embeddable":true,"href":"https:\/\/toreco.md\/ru\/wp-json\/wp\/v2\/product_tag?post=7291"}],"curies":[{"name":"wp","href":"https:\/\/api.w.org\/{rel}","templated":true}]}}