{"id":7290,"date":"2021-06-25T10:28:07","date_gmt":"2021-06-25T07:28:07","guid":{"rendered":"https:\/\/toreco.md\/?post_type=product&#038;p=7290"},"modified":"2025-05-27T14:53:37","modified_gmt":"2025-05-27T11:53:37","slug":"masina-frecare-uscare-vlx-1040s","status":"publish","type":"product","link":"https:\/\/toreco.md\/ru\/product\/dupa-tip\/utilaje-pentru-curatenie\/masini-de-curatat\/masina-frecare-uscare-vlx-1040s\/","title":{"rendered":"\u041f\u043e\u043b\u043e\u043c\u043e\u0435\u0447\u043d\u0430\u044f \u043c\u0430\u0448\u0438\u043d\u0430 VLX 1040S"},"content":{"rendered":"<p>\u041f\u0440\u043e\u0441\u0442\u0430\u044f \u0432 \u0438\u0441\u043f\u043e\u043b\u044c\u0437\u043e\u0432\u0430\u043d\u0438\u0438 \u043a\u043e\u043d\u0441\u0442\u0440\u0443\u043a\u0446\u0438\u044f, \u0438\u043d\u0442\u0443\u0438\u0442\u0438\u0432\u043d\u043e\u0435 \u0443\u043f\u0440\u0430\u0432\u043b\u0435\u043d\u0438\u0435 \u0438 \u043d\u0430\u0434\u0435\u0436\u043d\u044b\u0435 \u0444\u0443\u043d\u043a\u0446\u0438\u0438 \u043e\u0431\u0435\u0441\u043f\u0435\u0447\u0438\u0432\u0430\u044e\u0442 \u043f\u0440\u043e\u0441\u0442\u043e\u0442\u0443 \u044d\u043a\u0441\u043f\u043b\u0443\u0430\u0442\u0430\u0446\u0438\u0438 \u0438 \u043e\u0431\u0441\u043b\u0443\u0436\u0438\u0432\u0430\u043d\u0438\u044f.<br \/>\n\u0418\u0434\u0435\u0430\u043b\u044c\u043d\u043e \u043f\u043e\u0434\u0445\u043e\u0434\u0438\u0442 \u0434\u043b\u044f \u0443\u0431\u043e\u0440\u043a\u0438 \u043d\u0435\u0431\u043e\u043b\u044c\u0448\u0438\u0445 \u0438 \u043f\u0435\u0440\u0435\u043f\u043e\u043b\u043d\u0435\u043d\u043d\u044b\u0445 \u043c\u0435\u0441\u0442. \u041e\u0441\u043d\u0430\u0449\u0435\u043d\u043e \u0441\u0432\u0435\u0442\u043e\u0432\u044b\u043c \u0438\u043d\u0434\u0438\u043a\u0430\u0442\u043e\u0440\u043e\u043c \u043d\u0430 \u043f\u0430\u043d\u0435\u043b\u0438 \u0443\u043f\u0440\u0430\u0432\u043b\u0435\u043d\u0438\u044f (\u043a\u043e\u0433\u0434\u0430 \u0443\u0440\u043e\u0432\u0435\u043d\u044c \u0440\u0430\u0441\u0442\u0432\u043e\u0440\u0430 \u0432 \u0440\u0435\u0437\u0435\u0440\u0432\u0443\u0430\u0440\u0435 \u043d\u0438\u0437\u043a\u0438\u0439), \u0440\u0435\u0437\u0435\u0440\u0432\u0443\u0430\u0440 \u0435\u043c\u043a\u043e\u0441\u0442\u044c\u044e \u0432 40 \u043b, \u0434\u043e\u0441\u0442\u0443\u043f\u043d\u044b\u0439 \u0444\u0438\u043b\u044c\u0442\u0440.<br \/>\nCapacitate baterie &#8211; 24 V, l\u0103\u021bimea de sp\u0103lare &#8211; 500 mm;<br \/>\nViteza de rota\u0163ie a periei &#8211; 155 r\/m;<br \/>\nPresiunea maxim\u0103 de ap\u0103sare &#8211; 18 kg;<br \/>\nPutere motor perie &#8211; 550 W;<br \/>\n\u0422\u0435\u043e\u0440\u0435\u0442\u0438\u0447\u0435\u0441\u043a\u0430\u044f \u043f\u0440\u043e\u0438\u0437\u0432\u043e\u0434\u0438\u0442\u0435\u043b\u044c\u043d\u043e\u0441\u0442\u044c 2,250 \u043a\u0432.\u043c \/ \u0447\u0430\u0441<br \/>\nCapacitate rezervor de recuperare &#8211; 50 L;<br \/>\nPutere motor de aspirare &#8211; 480 W<br \/>\nMotor de trac\u0163iune, vitez\u0103 maxim\u0103 &#8211; 4,5 km\/h;<br \/>\nPant\u0103 maxim\u0103 de func\u0163ionare &#8211; 2%.<br \/>\n\u0412\u0435\u0441 (\u0431\u0435\u0437 \u0431\u0430\u0442\u0430\u0440\u0435\u0439) 73 \u043a\u0433.<br \/>\n\u0420\u0430\u0437\u043c\u0435\u0440\u044b 1.230 x 516 x 960 \u043c\u043c.<\/p>","protected":false},"excerpt":{"rendered":"<p>VLX 1040S \u044d\u0442\u043e \u043d\u0430\u0434\u0435\u0436\u043d\u043e\u0435 \u043e\u0431\u043e\u0440\u0443\u0434\u043e\u0432\u0430\u043d\u0438\u0435 \u043a\u043e\u0442\u043e\u0440\u043e\u0435 \u043e\u0431\u0435\u0441\u043f\u0435\u0447\u0438\u0432\u0430\u0435\u0442 \u044d\u0444\u0444\u0435\u043a\u0442\u0438\u0432\u043d\u0443\u044e \u043e\u0447\u0438\u0441\u0442\u043a\u0443 \u0432 \u0443\u0437\u043a\u0438\u0445 \u043f\u043e\u043c\u0435\u0449\u0435\u043d\u0438\u044f\u0445.<\/p>","protected":false},"featured_media":7316,"comment_status":"closed","ping_status":"closed","template":"","meta":[],"product_cat":[109,113],"product_tag":[211],"class_list":["post-7290","product","type-product","status-publish","has-post-thumbnail","hentry","product_cat-utilaje-pentru-curatenie","product_cat-masini-de-curatat","product_tag-masini-curatenie","pa_brand-tennant"],"_links":{"self":[{"href":"https:\/\/toreco.md\/ru\/wp-json\/wp\/v2\/product\/7290","targetHints":{"allow":["GET"]}}],"collection":[{"href":"https:\/\/toreco.md\/ru\/wp-json\/wp\/v2\/product"}],"about":[{"href":"https:\/\/toreco.md\/ru\/wp-json\/wp\/v2\/types\/product"}],"replies":[{"embeddable":true,"href":"https:\/\/toreco.md\/ru\/wp-json\/wp\/v2\/comments?post=7290"}],"wp:featuredmedia":[{"embeddable":true,"href":"https:\/\/toreco.md\/ru\/wp-json\/wp\/v2\/media\/7316"}],"wp:attachment":[{"href":"https:\/\/toreco.md\/ru\/wp-json\/wp\/v2\/media?parent=7290"}],"wp:term":[{"taxonomy":"product_cat","embeddable":true,"href":"https:\/\/toreco.md\/ru\/wp-json\/wp\/v2\/product_cat?post=7290"},{"taxonomy":"product_tag","embeddable":true,"href":"https:\/\/toreco.md\/ru\/wp-json\/wp\/v2\/product_tag?post=7290"}],"curies":[{"name":"wp","href":"https:\/\/api.w.org\/{rel}","templated":true}]}}