{"id":7276,"date":"2021-06-24T16:30:21","date_gmt":"2021-06-24T13:30:21","guid":{"rendered":"https:\/\/toreco.md\/?post_type=product&#038;p=7276"},"modified":"2025-05-27T14:53:42","modified_gmt":"2025-05-27T11:53:42","slug":"masina-frecare-uscare-echipata-complet-camira-32lcl-35ldr","status":"publish","type":"product","link":"https:\/\/toreco.md\/ru\/product\/dupa-tip\/utilaje-pentru-curatenie\/masini-de-curatat\/masina-frecare-uscare-echipata-complet-camira-32lcl-35ldr\/","title":{"rendered":"CAMIRA - \u041c\u0430\u0448\u0438\u043d\u0430 \u0434\u043b\u044f \u043c\u043e\u0439\u043a\u0438"},"content":{"rendered":"<p>\u0411\u0443\u0434\u0443\u0447\u0438 \u043e\u0441\u043d\u0430\u0449\u0435\u043d \u0434\u0432\u0443\u043c\u044f \u0433\u0435\u043b\u0435\u0432\u044b\u043c\u0438 \u0431\u0430\u0442\u0430\u0440\u0435\u044f\u043c\u0438 \u043f\u043e 50 \u0410\u0447, \u043a\u043e\u0442\u043e\u0440\u044b\u0435 \u043d\u0435 \u0442\u0440\u0435\u0431\u0443\u044e\u0442 \u0442\u0435\u0445\u043d\u0438\u0447\u0435\u0441\u043a\u043e\u0433\u043e \u043e\u0431\u0441\u043b\u0443\u0436\u0438\u0432\u0430\u043d\u0438\u044f, \u0432\u0440\u0435\u043c\u044f \u0440\u0430\u0431\u043e\u0442\u044b \u0441\u043e\u0441\u0442\u0430\u0432\u043b\u044f\u0435\u0442 \u043e\u043a\u043e\u043b\u043e 2,5 \u0447\u0430\u0441\u043e\u0432, \u0430 \u043c\u0430\u0448\u0438\u043d\u0430 \u0431\u044b\u0441\u0442\u0440\u043e \u0438 \u044d\u0444\u0444\u0435\u043a\u0442\u0438\u0432\u043d\u043e \u043e\u0447\u0438\u0449\u0430\u0435\u0442 \u0441\u0440\u0435\u0434\u043d\u0438\u0435 \u043f\u043e\u0432\u0435\u0440\u0445\u043d\u043e\u0441\u0442\u0438 \u0434\u043e 1600 \u043c2 \/ \u0447\u0430\u0441.<br \/>\n\u041f\u0440\u0438 \u043d\u0438\u0437\u043a\u043e\u043c \u0443\u0440\u043e\u0432\u043d\u0435 \u0437\u0430\u0440\u044f\u0434\u0430 \u0431\u0430\u0442\u0430\u0440\u0435\u0438 \u043f\u043e\u0434\u043a\u043b\u044e\u0447\u0430\u0435\u043c\u044b\u0439 \u042d\u041a\u041e-\u0440\u0435\u0436\u0438\u043c \u043c\u043e\u0436\u0435\u0442 \u0431\u044b\u0442\u044c \u0430\u043a\u0442\u0438\u0432\u0438\u0440\u043e\u0432\u0430\u043d \u0438 \u043f\u0440\u043e\u0434\u043b\u0435\u0432\u0430\u0435\u0442 \u0432\u0440\u0435\u043c\u044f \u0440\u0430\u0431\u043e\u0442\u044b \u043c\u0430\u0448\u0438\u043d\u044b, \u043a\u043e\u0433\u0434\u0430 \u044d\u0442\u043e \u043d\u0435\u043e\u0431\u0445\u043e\u0434\u0438\u043c\u043e \u0434\u043b\u044f \u0437\u0430\u0432\u0435\u0440\u0448\u0435\u043d\u0438\u044f \u0437\u0430\u0434\u0430\u0447\u0438 \u043e\u0447\u0438\u0441\u0442\u043a\u0438.<br \/>\n\u041f\u043e\u0432\u043e\u0440\u043e\u0442\u043d\u044b\u0439 \u0432\u0441\u0430\u0441\u044b\u0432\u0430\u044e\u0449\u0438\u0439 \u0441\u0442\u0435\u0440\u0436\u0435\u043d\u044c \u043e\u0431\u0435\u0441\u043f\u0435\u0447\u0438\u0432\u0430\u0435\u0442 \u043e\u0442\u043b\u0438\u0447\u043d\u0443\u044e \u043c\u043e\u0449\u043d\u043e\u0441\u0442\u044c \u0432\u0441\u0430\u0441\u044b\u0432\u0430\u043d\u0438\u044f \u0434\u0430\u0436\u0435 \u043f\u0440\u0438 \u0441\u043c\u0435\u043d\u0435 \u043d\u0430\u043f\u0440\u0430\u0432\u043b\u0435\u043d\u0438\u044f, \u0430 \u0441\u0442\u0430\u043d\u0434\u0430\u0440\u0442\u043d\u0430\u044f \u0449\u0435\u0442\u043a\u0430 \u0441 \u0440\u0430\u0431\u043e\u0447\u0435\u0439 \u0448\u0438\u0440\u0438\u043d\u043e\u0439 43 \u0441\u043c \u0438\u0434\u0435\u0430\u043b\u044c\u043d\u043e \u043f\u043e\u0434\u0445\u043e\u0434\u0438\u0442 \u0434\u043b\u044f \u0440\u0430\u0437\u043b\u0438\u0447\u043d\u044b\u0445 \u0437\u0430\u0434\u0430\u0447 \u043e\u0447\u0438\u0441\u0442\u043a\u0438.<br \/>\n\u041e\u0431\u044a\u0435\u043c\u043d\u044b\u0439 \u0431\u0430\u043a \u0434\u043b\u044f \u0441\u0442\u043e\u0447\u043d\u043e\u0439 \u0432\u043e\u0434\u044b, \u043a\u043e\u0442\u043e\u0440\u044b\u0439 \u043b\u0435\u0433\u043a\u043e \u043e\u0447\u0438\u0449\u0430\u0435\u0442\u0441\u044f \u0431\u043b\u0430\u0433\u043e\u0434\u0430\u0440\u044f \u0434\u043e\u0441\u0442\u0443\u043f\u0443, \u043e\u0441\u043d\u0430\u0449\u0435\u043d \u0443\u0434\u043e\u0431\u043d\u044b\u043c \u0441\u043b\u0438\u0432\u043d\u044b\u043c \u0448\u043b\u0430\u043d\u0433\u043e\u043c.<br \/>\n\u0420\u0435\u0437\u0435\u0440\u0432\u0443\u0430\u0440 \u0434\u043b\u044f \u0447\u0438\u0441\u0442\u043e\u0439 \u0432\u043e\u0434\u044b \u0442\u0430\u043a\u0436\u0435 \u043c\u043e\u0436\u043d\u043e \u043f\u043e\u043b\u043d\u043e\u0441\u0442\u044c\u044e \u043e\u043f\u043e\u0440\u043e\u0436\u043d\u0438\u0442\u044c.<br \/>\n\u0421\u0438\u0441\u0442\u0435\u043c\u0430 \u0443\u0434\u0430\u043b\u0435\u043d\u0438\u044f \u0449\u0435\u0442\u043e\u043a \u043e\u0434\u043d\u0438\u043c \u043d\u0430\u0436\u0430\u0442\u0438\u0435\u043c \u043a\u043d\u043e\u043f\u043a\u0438 \u0441\u0442\u0430\u043d\u0434\u0430\u0440\u0442\u043d\u044b\u043c \u0432\u0441\u0442\u0440\u043e\u0435\u043d\u043d\u044b\u043c \u0437\u0430\u0440\u044f\u0434\u043d\u044b\u043c \u0443\u0441\u0442\u0440\u043e\u0439\u0441\u0442\u0432\u043e\u043c \u0438 \u043e\u0442\u043b\u0438\u0447\u043d\u044b\u043c \u0441\u043e\u043e\u0442\u043d\u043e\u0448\u0435\u043d\u0438\u0435\u043c \u0446\u0435\u043d\u044b \u0438 \u043a\u0430\u0447\u0435\u0441\u0442\u0432\u0430 \u043e\u0434\u043d\u043e\u0439 \u0438\u0437 \u0441\u0430\u043c\u044b\u0445 \u0443\u0434\u043e\u0431\u043d\u044b\u0445 \u0432 \u0438\u0441\u043f\u043e\u043b\u044c\u0437\u043e\u0432\u0430\u043d\u0438\u0438 \u043c\u0430\u0448\u0438\u043d \u0432 \u0441\u0432\u043e\u0435\u043c \u043a\u043b\u0430\u0441\u0441\u0435.<\/p>\n<p>\u0422\u0415\u0425\u041d\u0418\u0427\u0415\u0421\u041a\u0418\u0415 \u0414\u0410\u041d\u041d\u042b\u0415:<br \/>\nTensiune alimentare (\u00eenc\u0103rc\u0103tor) &#8211; 230 V \/ 50 Hz<br \/>\nTensiune alimentare (operare) &#8211; 24 V \/ 2 x 50 Ah<br \/>\nVacuum de aspirare (ap\u0103) &#8211;  65 mbar<br \/>\nPutere maxim\u0103 motor vacuum &#8211; 400 W<br \/>\nPutere maxim\u0103 motor perie &#8211; 400 W<br \/>\nProductivitate &#8211; 1600 m2\/h<br \/>\nViteza de rota\u021bie a periei &#8211; 150 rot\/min<br \/>\nPresiunea de contact a periei &#8211; 18 kg<br \/>\nDiametrul periei &#8211; 43 cm<br \/>\nL\u0103\u021bime de aspirare &#8211; 54 cm<br \/>\nRezervor ap\u0103 curat\u0103 &#8211; 32 litri<br \/>\nRezervor ap\u0103 rezidual\u0103 &#8211; 35 litri<br \/>\nGreutate &#8211; 95 kg<br \/>\nDimensiuni (H x L x l) &#8211; 77 x 110 x 54 cm<\/p>","protected":false},"excerpt":{"rendered":"<p>CAMIRA \u044f\u0432\u043b\u044f\u0435\u0442\u0441\u044f \u043f\u0440\u043e\u0434\u0443\u043a\u0442\u043e\u043c SPRINTUS \u0432 \u0430\u0441\u0441\u043e\u0440\u0442\u0438\u043c\u0435\u043d\u0442\u0435 \u043e\u0431\u043e\u0440\u0443\u0434\u043e\u0432\u0430\u043d\u0438\u044f \u0434\u043b\u044f \u043c\u043e\u0439\u043a\u0438 \u0438 \u0432\u0441\u0430\u0441\u044b\u0432\u0430\u043d\u0438\u044f. \u041e\u0447\u0438\u0441\u0442\u0438\u0442\u0435\u043b\u044c, \u043a\u043e\u0442\u043e\u0440\u044b\u0439 \u0432\u0445\u043e\u0434\u0438\u0442 \u0432 \u0441\u043e\u0441\u0442\u0430\u0432 30-\u043b\u0438\u0442\u0440\u043e\u0432\u043e\u0433\u043e \u043a\u043b\u0430\u0441\u0441\u0430, \u0443\u0431\u0435\u0436\u0434\u0430\u0435\u0442 \u0432 \u043a\u043e\u043c\u043f\u0430\u043a\u0442\u043d\u043e\u043c \u0438 \u0433\u0438\u0431\u043a\u043e\u043c \u0434\u0438\u0437\u0430\u0439\u043d\u0435, \u043a\u043e\u0442\u043e\u0440\u044b\u0439 \u043e\u0431\u0435\u0441\u043f\u0435\u0447\u0438\u0432\u0430\u0435\u0442 \u044d\u0444\u0444\u0435\u043a\u0442\u0438\u0432\u043d\u0443\u044e \u0438 \u0431\u044b\u0441\u0442\u0440\u0443\u044e \u043e\u0447\u0438\u0441\u0442\u043a\u0443.<\/p>","protected":false},"featured_media":7281,"comment_status":"closed","ping_status":"closed","template":"","meta":[],"product_cat":[109,113],"product_tag":[211],"class_list":["post-7276","product","type-product","status-publish","has-post-thumbnail","hentry","product_cat-utilaje-pentru-curatenie","product_cat-masini-de-curatat","product_tag-masini-curatenie","pa_brand-sprintus"],"_links":{"self":[{"href":"https:\/\/toreco.md\/ru\/wp-json\/wp\/v2\/product\/7276","targetHints":{"allow":["GET"]}}],"collection":[{"href":"https:\/\/toreco.md\/ru\/wp-json\/wp\/v2\/product"}],"about":[{"href":"https:\/\/toreco.md\/ru\/wp-json\/wp\/v2\/types\/product"}],"replies":[{"embeddable":true,"href":"https:\/\/toreco.md\/ru\/wp-json\/wp\/v2\/comments?post=7276"}],"wp:featuredmedia":[{"embeddable":true,"href":"https:\/\/toreco.md\/ru\/wp-json\/wp\/v2\/media\/7281"}],"wp:attachment":[{"href":"https:\/\/toreco.md\/ru\/wp-json\/wp\/v2\/media?parent=7276"}],"wp:term":[{"taxonomy":"product_cat","embeddable":true,"href":"https:\/\/toreco.md\/ru\/wp-json\/wp\/v2\/product_cat?post=7276"},{"taxonomy":"product_tag","embeddable":true,"href":"https:\/\/toreco.md\/ru\/wp-json\/wp\/v2\/product_tag?post=7276"}],"curies":[{"name":"wp","href":"https:\/\/api.w.org\/{rel}","templated":true}]}}