{"id":7265,"date":"2021-06-24T13:32:10","date_gmt":"2021-06-24T10:32:10","guid":{"rendered":"https:\/\/toreco.md\/?post_type=product&#038;p=7265"},"modified":"2025-06-02T11:53:01","modified_gmt":"2025-06-02T08:53:01","slug":"masina-de-maturat-cu-baterie-medusa","status":"publish","type":"product","link":"https:\/\/toreco.md\/ru\/product\/dupa-tip\/utilaje-pentru-curatenie\/masini-de-maturat\/masina-de-maturat-cu-baterie-medusa\/","title":{"rendered":"\u041f\u0440\u043e\u043c\u044b\u0448\u043b\u0435\u043d\u043d\u0430\u044f \u043f\u043e\u0434\u043c\u0435\u0442\u0430\u043b\u044c\u043d\u0430\u044f \u043c\u0430\u0448\u0438\u043d\u0430 Medusa"},"content":{"rendered":"<p>\u041e\u0431\u043b\u0430\u0441\u0442\u044c \u043f\u0440\u0438\u043c\u0435\u043d\u0435\u043d\u0438\u044f: \u0438\u0434\u0435\u0430\u043b\u044c\u043d\u043e \u043f\u043e\u0434\u0445\u043e\u0434\u0438\u0442 \u0434\u043b\u044f \u0432\u0441\u0435\u0445 \u0442\u0438\u043f\u043e\u0432 \u043e\u0431\u0449\u0435\u0441\u0442\u0432\u0435\u043d\u043d\u044b\u0445 \u043c\u0435\u0441\u0442, \u043a\u043e\u0440\u0438\u0434\u043e\u0440\u043e\u0432, \u043b\u0435\u0441\u0442\u043d\u0438\u0446, \u043f\u043e\u0434\u044a\u0435\u0437\u0434\u043d\u044b\u0445 \u0434\u043e\u0440\u043e\u0433, \u0441\u043a\u043b\u0430\u0434\u0441\u043a\u0438\u0445 \u043f\u043e\u043c\u0435\u0449\u0435\u043d\u0438\u0439, \u0430\u044d\u0440\u043e\u043f\u043e\u0440\u0442\u043e\u0432, \u0441\u0442\u0430\u043d\u0446\u0438\u0439 \u043c\u0435\u0442\u0440\u043e \u0438\u043b\u0438 \u043f\u043e\u0435\u0437\u0434\u043e\u0432, \u0441\u0443\u043f\u0435\u0440\u043c\u0430\u0440\u043a\u0435\u0442\u043e\u0432 \u0438 \u0442. \u0414.<\/p>\n<p>\u0418\u043c\u0435\u0435\u0442 \u0440\u0430\u0431\u043e\u0447\u0443\u044e \u0448\u0438\u0440\u0438\u043d\u0443 37 \u0441\u043c, \u0432\u043a\u043b\u044e\u0447\u0430\u044f \u0434\u0432\u0435 \u0432\u0440\u0430\u0449\u0430\u044e\u0449\u0438\u0435\u0441\u044f \u0431\u043e\u043a\u043e\u0432\u044b\u0435 \u0449\u0435\u0442\u043a\u0438. \u0411\u043e\u043a\u043e\u0432\u044b\u0435 \u0449\u0435\u0442\u043a\u0438 \u043e\u0431\u0435\u0441\u043f\u0435\u0447\u0438\u0432\u0430\u044e\u0442 \u043f\u043e\u043b\u043d\u0443\u044e \u043e\u0447\u0438\u0441\u0442\u043a\u0443 \u0432\u0434\u043e\u043b\u044c \u043a\u0440\u0430\u0435\u0432 \u0438 \u0434\u0430\u0436\u0435 \u0441\u0430\u043c\u044b\u0445 \u043c\u0430\u043b\u0435\u043d\u044c\u043a\u0438\u0445 \u0443\u0433\u043b\u043e\u0432.<\/p>\n<p>\u041c\u043e\u0449\u043d\u044b\u0439 \u043b\u0438\u0442\u0438\u0439-\u0438\u043e\u043d\u043d\u044b\u0439 \u0430\u043a\u043a\u0443\u043c\u0443\u043b\u044f\u0442\u043e\u0440 (\u0431\u0435\u0437 \u044d\u0444\u0444\u0435\u043a\u0442\u0430 \u043f\u0430\u043c\u044f\u0442\u0438) \u043d\u0430 10,8 \u0412 \u0438 1,5 \u0410\u0447 \u043e\u0431\u0435\u0441\u043f\u0435\u0447\u0438\u0432\u0430\u0435\u0442 \u0432\u0440\u0435\u043c\u044f \u0440\u0430\u0431\u043e\u0442\u044b \u043f\u0440\u0438\u0431\u043b. 45 \u043c\u0438\u043d\u0443\u0442 \u043d\u0430 \u0431\u0430\u0442\u0430\u0440\u0435\u044e. \u0412\u0440\u0435\u043c\u044f \u0437\u0430\u0440\u044f\u0434\u043a\u0438 \u043e\u043a\u043e\u043b\u043e 70 \u043c\u0438\u043d\u0443\u0442.<\/p>\n<p>\u041e\u0441\u043d\u043e\u0432\u043d\u044b\u0435 \u0445\u0430\u0440\u0430\u043a\u0442\u0435\u0440\u0438\u0441\u0442\u0438\u043a\u0438:<\/p>\n<p>&#8211; Buton mare de pornire ac\u021bionat cu piciorul;<br \/>\n&#8211; Foarte compact \u0219i u\u0219or de manevrat pentru orice utilizator;<br \/>\n&#8211; Schimbarea f\u0103r\u0103 scule a periilor principal\u0103 \u0219i secundare;<br \/>\n&#8211; M\u00e2ner telescopic din aluminiu pentru reglarea pozi\u021biei de lucru optime;<br \/>\n&#8211; Rotile cauciucate nu las\u0103 urme pe suprafe\u021bele sensibile;<br \/>\n&#8211; Container pentru murd\u0103rie cu capacitatea de 2 litri;<br \/>\n&#8211; Volum redus, prin urmare, ideal pentru cur\u0103\u021barea \u00een timpul orelor de program;<br \/>\n&#8211; Pozi\u021bia de parcare pentru depozitare u\u0219oar\u0103;<br \/>\n\u0422\u0435\u0445\u043d\u0438\u0447\u0435\u0441\u043a\u0438\u0435 \u0434\u0430\u043d\u043d\u044b\u0435: <\/p>\n<p>Alimentare (unitatea de \u00eenc\u0103rcare) &#8211; 230 V \/ 50 Hz<br \/>\n\u0440\u0430\u0431\u043e\u0447\u0435\u0435 \u043d\u0430\u043f\u0440\u044f\u0436\u0435\u043d\u0438\u0435 10,8 \u0412 \/ 2,0 \u0410\u0447<br \/>\n\u041c\u0430\u043a\u0441\u0438\u043c\u0430\u043b\u044c\u043d\u0430\u044f \u043c\u043e\u0449\u043d\u043e\u0441\u0442\u044c 25 \u0412\u0442<br \/>\n\u0410\u0432\u0442\u043e\u043d\u043e\u043c\u0438\u044f-45 \u043c\u0438\u043d \/ 1 \u0430\u043a\u043a\u0443\u043c\u0443\u043b\u044f\u0442\u043e\u0440<br \/>\n\u0423\u0440\u043e\u0432\u0435\u043d\u044c \u0437\u0432\u0443\u043a\u043e\u0432\u043e\u0433\u043e \u0434\u0430\u0432\u043b\u0435\u043d\u0438\u044f 63 \u0434\u0411<br \/>\n\u041e\u0431\u044a\u0435\u043c \u043a\u043e\u043d\u0442\u0435\u0439\u043d\u0435\u0440\u0430 2 \u043b\u0438\u0442\u0440\u0430<br \/>\n\u0412\u0435\u0441-2,8 \u043a\u0433<br \/>\nDimensiuni (L x l x H) &#8211; 30 x 36 x 11 cm<br \/>\n\u0421\u0442\u0430\u043d\u0434\u0430\u0440\u0442\u043d\u043e\u0435 \u043e\u0431\u043e\u0440\u0443\u0434\u043e\u0432\u0430\u043d\u0438\u0435: <\/p>\n<p> 1 \u0445 \u043b\u0438\u0442\u0438\u0439-\u0438\u043e\u043d\u043d\u044b\u0439 \u0430\u043a\u043a\u0443\u043c\u0443\u043b\u044f\u0442\u043e\u0440<br \/>\n 1 \u0445 \u0437\u0430\u0440\u044f\u0434\u043d\u044b\u0439 \u0431\u043b\u043e\u043a<br \/>\n 1 \u0445 \u0442\u0435\u043b\u0435\u0441\u043a\u043e\u043f\u0438\u0447\u0435\u0441\u043a\u0430\u044f \u0430\u043b\u044e\u043c\u0438\u043d\u0438\u0435\u0432\u0430\u044f \u0440\u0443\u0447\u043a\u0430  <\/p>","protected":false},"excerpt":{"rendered":"<p>\u041f\u0440\u043e\u043c\u044b\u0448\u043b\u0435\u043d\u043d\u0430\u044f \u043f\u043e\u0434\u043c\u0435\u0442\u0430\u043b\u044c\u043d\u0430\u044f \u043c\u0430\u0448\u0438\u043d\u0430 \u0438\u0441\u043f\u043e\u043b\u044c\u0437\u0443\u0435\u0442\u0441\u044f \u0434\u043b\u044f \u0431\u044b\u0441\u0442\u0440\u043e\u0439 \u043e\u0447\u0438\u0441\u0442\u043a\u0438 \u0432\u0441\u0435\u0445 \u0432\u043d\u0443\u0442\u0440\u0435\u043d\u043d\u0438\u0445 \u0438 \u043d\u0430\u0440\u0443\u0436\u043d\u044b\u0445 \u043f\u043e\u0432\u0435\u0440\u0445\u043d\u043e\u0441\u0442\u0435\u0439. \u0429\u0435\u0442\u043a\u0430 \u0430\u0434\u0430\u043f\u0442\u0438\u0440\u0443\u0435\u0442\u0441\u044f \u0438\u043d\u0434\u0438\u0432\u0438\u0434\u0443\u0430\u043b\u044c\u043d\u043e \u043a \u043b\u044e\u0431\u043e\u0439 \u0442\u0432\u0435\u0440\u0434\u043e\u0439 \u0438\u043b\u0438 \u0442\u0435\u043a\u0441\u0442\u0438\u043b\u044c\u043d\u043e\u0439 \u043f\u043e\u0432\u0435\u0440\u0445\u043d\u043e\u0441\u0442\u0438.<\/p>","protected":false},"featured_media":7280,"comment_status":"closed","ping_status":"closed","template":"","meta":[],"product_cat":[109,111],"product_tag":[209],"class_list":["post-7265","product","type-product","status-publish","has-post-thumbnail","hentry","product_cat-utilaje-pentru-curatenie","product_cat-masini-de-maturat","product_tag-maturatoare","pa_brand-sprintus"],"_links":{"self":[{"href":"https:\/\/toreco.md\/ru\/wp-json\/wp\/v2\/product\/7265","targetHints":{"allow":["GET"]}}],"collection":[{"href":"https:\/\/toreco.md\/ru\/wp-json\/wp\/v2\/product"}],"about":[{"href":"https:\/\/toreco.md\/ru\/wp-json\/wp\/v2\/types\/product"}],"replies":[{"embeddable":true,"href":"https:\/\/toreco.md\/ru\/wp-json\/wp\/v2\/comments?post=7265"}],"wp:featuredmedia":[{"embeddable":true,"href":"https:\/\/toreco.md\/ru\/wp-json\/wp\/v2\/media\/7280"}],"wp:attachment":[{"href":"https:\/\/toreco.md\/ru\/wp-json\/wp\/v2\/media?parent=7265"}],"wp:term":[{"taxonomy":"product_cat","embeddable":true,"href":"https:\/\/toreco.md\/ru\/wp-json\/wp\/v2\/product_cat?post=7265"},{"taxonomy":"product_tag","embeddable":true,"href":"https:\/\/toreco.md\/ru\/wp-json\/wp\/v2\/product_tag?post=7265"}],"curies":[{"name":"wp","href":"https:\/\/api.w.org\/{rel}","templated":true}]}}