{"id":7264,"date":"2021-06-24T13:25:06","date_gmt":"2021-06-24T10:25:06","guid":{"rendered":"https:\/\/toreco.md\/?post_type=product&#038;p=7264"},"modified":"2021-08-20T11:56:18","modified_gmt":"2021-08-20T08:56:18","slug":"maturatoare-manuala-s3-005778","status":"publish","type":"product","link":"https:\/\/toreco.md\/ru\/product\/dupa-tip\/utilaje-pentru-curatenie\/masini-de-maturat\/maturatoare-manuala-s3-005778\/","title":{"rendered":"M\u0103tur\u0103toare Manual\u0103 S3 &#8211; 005778"},"content":{"rendered":"<p>\u0420\u0430\u0431\u043e\u0442\u0430\u0435\u0442 \u043a\u0430\u043a \u043d\u0430 \u0432\u043b\u0430\u0436\u043d\u044b\u0445, \u0442\u0430\u043a \u0438 \u043d\u0430 \u0441\u0443\u0445\u0438\u0445 \u043f\u043e\u043a\u0440\u044b\u0442\u0438\u044f\u0445, \u0432 \u043f\u043e\u043c\u0435\u0449\u0435\u043d\u0438\u044f\u0445 \u0438 \u043d\u0430 \u0443\u043b\u0438\u0446\u0435, \u0437\u043d\u0430\u0447\u0438\u0442\u0435\u043b\u044c\u043d\u043e \u0443\u043c\u0435\u043d\u044c\u0448\u0430\u0435\u0442 \u0432\u0440\u0435\u043c\u044f \u0443\u0431\u043e\u0440\u043a\u0438.<br \/>\n\u041c\u043e\u0436\u0435\u0442 \u0443\u0441\u043f\u0435\u0448\u043d\u043e \u0437\u0430\u043c\u0435\u043d\u0438\u0442\u044c \u0440\u0443\u0447\u043d\u043e\u0435 \u043f\u043e\u0434\u043c\u0435\u0442\u0430\u043d\u0438\u0435, \u0441 \u0433\u043e\u0440\u0430\u0437\u0434\u043e \u0431\u043e\u043b\u0435\u0435 \u0432\u044b\u0441\u043e\u043a\u043e\u0439 \u044d\u0444\u0444\u0435\u043a\u0442\u0438\u0432\u043d\u043e\u0441\u0442\u044c\u044e \u0438 \u0433\u043e\u0440\u0430\u0437\u0434\u043e \u043b\u0443\u0447\u0448\u0438\u043c\u0438 \u0440\u0435\u0437\u0443\u043b\u044c\u0442\u0430\u0442\u0430\u043c\u0438 \u043e\u0447\u0438\u0441\u0442\u043a\u0438.<br \/>\n\u0415\u043c\u043a\u043e\u0441\u0442\u044c \u0431\u0430\u043a\u0430 \u0441\u043e\u0441\u0442\u0430\u0432\u043b\u044f\u0435\u0442 30 \u043b, \u0430 \u0432\u0435\u0441 \u043c\u0430\u0448\u0438\u043d\u044b-20 \u043a\u0433.<br \/>\n\u041f\u043e\u0434\u043c\u0435\u0442\u0430\u0435\u0442 \u0434\u043e 1500 \u043c2 \u0432 \u0447\u0430\u0441, \u0447\u0442\u043e \u0434\u043e \u0442\u0440\u0435\u0445 \u0440\u0430\u0437 \u044d\u0444\u0444\u0435\u043a\u0442\u0438\u0432\u043d\u0435\u0435, \u0447\u0435\u043c \u043f\u0440\u0438 \u043e\u0431\u044b\u0447\u043d\u043e\u043c \u043f\u043e\u0434\u043c\u0435\u0442\u0430\u043d\u0438\u0438 \u043c\u0435\u0442\u043b\u043e\u0439.<\/p>\n<p>\u041e\u0441\u043d\u043e\u0432\u043d\u044b\u0435 \u0445\u0430\u0440\u0430\u043a\u0442\u0435\u0440\u0438\u0441\u0442\u0438\u043a\u0438:<br \/>\nFront de lucru &#8211; 87 cm<br \/>\nLungimea periilor principale &#8211; 50 cm<br \/>\nCapacitate container &#8211; 50 Lt<br \/>\nTransmisie &#8211; Pe curea<br \/>\nDimensiuni (LxLxH) &#8211; 109 \u00d7 76 \u00d7 41 cm<br \/>\nGreutate neta &#8211; 30 kg<\/p>","protected":false},"excerpt":{"rendered":"<p>\u041a\u043e\u043c\u043f\u0430\u043a\u0442\u043d\u0430\u044f \u043f\u043e\u0434\u043c\u0435\u0442\u0430\u043b\u044c\u043d\u0430\u044f \u043c\u0430\u0448\u0438\u043d\u0430 \u0441 \u0443\u043f\u0440\u0430\u0432\u043b\u0435\u043d\u0438\u0435\u043c \u0441\u0442\u043e\u044f Tennant S3. \u0411\u044b\u0441\u0442\u0440\u0430\u044f \u0438 \u043b\u0435\u0433\u043a\u0430\u044f \u0443\u0431\u043e\u0440\u043a\u0430 \u043f\u0440\u0438 \u043d\u0438\u0437\u043a\u043e\u0439 \u0441\u0442\u043e\u0438\u043c\u043e\u0441\u0442\u0438, \u044d\u0444\u0444\u0435\u043a\u0442\u0438\u0432\u043d\u0430 \u0434\u0430\u0436\u0435 \u043d\u0430 \u0441\u0430\u043c\u044b\u0445 \u0441\u043b\u043e\u0436\u043d\u044b\u0445 \u043f\u043e\u043a\u0440\u044b\u0442\u0438\u044f\u0445.<\/p>","protected":false},"featured_media":7282,"comment_status":"closed","ping_status":"closed","template":"","meta":[],"product_cat":[109,111],"product_tag":[209],"class_list":["post-7264","product","type-product","status-publish","has-post-thumbnail","hentry","product_cat-utilaje-pentru-curatenie","product_cat-masini-de-maturat","product_tag-maturatoare","pa_brand-tennant"],"_links":{"self":[{"href":"https:\/\/toreco.md\/ru\/wp-json\/wp\/v2\/product\/7264","targetHints":{"allow":["GET"]}}],"collection":[{"href":"https:\/\/toreco.md\/ru\/wp-json\/wp\/v2\/product"}],"about":[{"href":"https:\/\/toreco.md\/ru\/wp-json\/wp\/v2\/types\/product"}],"replies":[{"embeddable":true,"href":"https:\/\/toreco.md\/ru\/wp-json\/wp\/v2\/comments?post=7264"}],"wp:featuredmedia":[{"embeddable":true,"href":"https:\/\/toreco.md\/ru\/wp-json\/wp\/v2\/media\/7282"}],"wp:attachment":[{"href":"https:\/\/toreco.md\/ru\/wp-json\/wp\/v2\/media?parent=7264"}],"wp:term":[{"taxonomy":"product_cat","embeddable":true,"href":"https:\/\/toreco.md\/ru\/wp-json\/wp\/v2\/product_cat?post=7264"},{"taxonomy":"product_tag","embeddable":true,"href":"https:\/\/toreco.md\/ru\/wp-json\/wp\/v2\/product_tag?post=7264"}],"curies":[{"name":"wp","href":"https:\/\/api.w.org\/{rel}","templated":true}]}}