{"id":7036,"date":"2021-06-23T14:16:43","date_gmt":"2021-06-23T11:16:43","guid":{"rendered":"https:\/\/toreco.md\/?post_type=product&#038;p=7036"},"modified":"2024-08-21T14:22:21","modified_gmt":"2024-08-21T11:22:21","slug":"cos-gunoi-modular-organic-4buc-70l","status":"publish","type":"product","link":"https:\/\/toreco.md\/ru\/product\/dupa-tip\/tomberoane-cosuri-gunoi\/cosuri-de-gunoi-selectiv\/cos-gunoi-modular-organic-4buc-70l\/","title":{"rendered":"\u041c\u0443\u0441\u043e\u0440\u043d\u044b\u0435 \u043a\u043e\u043d\u0442\u0435\u0439\u043d\u0435\u0440\u044b, 4\u0448\u0442, 70L"},"content":{"rendered":"<p>\u041c\u043e\u0434\u0443\u043b\u044c\u043d\u044b\u0439 \u043c\u0443\u0441\u043e\u0440\u043d\u044b\u0439 \u0431\u0430\u043a (\u0434\u043b\u044f \u0432\u044b\u0431\u043e\u0440\u043e\u0447\u043d\u043e\u0433\u043e \u0441\u0431\u043e\u0440\u0430 \u043e\u0442\u0445\u043e\u0434\u043e\u0432) \u043c\u043e\u0436\u0435\u0442 \u0431\u044b\u0442\u044c \u0434\u043e\u0441\u0442\u0443\u043f\u0435\u043d \u0432 \u043e\u0434\u0438\u043d\u043e\u0447\u043d\u043e\u043c, \u0434\u0432\u043e\u0439\u043d\u043e\u043c, \u0442\u0440\u043e\u0439\u043d\u043e\u043c \u0438 \u0447\u0435\u0442\u0432\u0435\u0440\u043d\u043e\u043c \u043c\u043e\u0434\u0443\u043b\u044f\u0445. \u041a\u0430\u0436\u0434\u044b\u0439 \u0438\u043d\u0434\u0438\u0432\u0438\u0434\u0443\u0430\u043b\u044c\u043d\u044b\u0439 \u043c\u043e\u0434\u0443\u043b\u044c \u0441 \u044d\u0442\u0438\u043a\u0435\u0442\u043a\u0430\u043c\u0438\/\u043d\u0430\u043a\u043b\u0435\u0439\u043a\u0430\u043c\u0438 \/ \u043d\u0430\u043a\u043b\u0435\u0439\u043a\u0430\u043c\u0438 (\u0440\u0430\u0441\u043f\u043e\u043b\u043e\u0436\u0435\u043d\u0438\u0435 \u0441\u043f\u0435\u0440\u0435\u0434\u0438) \u0438 \u043a\u043e\u043d\u0442\u0443\u0440\u043e\u043c \u0441\u043e\u043e\u0442\u0432\u0435\u0442\u0441\u0442\u0432\u0443\u044e\u0449\u0435\u0433\u043e \u0446\u0432\u0435\u0442\u0430 (\u043d\u0430 \u043a\u0440\u044b\u0448\u043a\u0435) \u0434\u043b\u044f \u0440\u0430\u0437\u0434\u0435\u043b\u0435\u043d\u0438\u044f \u043e\u0442\u0445\u043e\u0434\u043e\u0432 \u0432 \u0441\u043e\u043e\u0442\u0432\u0435\u0442\u0441\u0442\u0432\u0438\u0438 \u0441 \u0446\u0432\u0435\u0442\u043e\u0432\u044b\u043c \u043a\u043e\u0434\u043e\u043c \u043e\u0442\u0434\u0435\u043b\u044c\u043d\u043e\u0433\u043e \u0441\u0431\u043e\u0440\u0430 \u043e\u0442\u0445\u043e\u0434\u043e\u0432.<\/p>\n<p>\u041c\u043e\u0434\u0443\u043b\u044c\u043d\u044b\u0439 \u043c\u0443\u0441\u043e\u0440\u043d\u044b\u0439 \u0431\u0430\u043a \u0438\u0437\u0433\u043e\u0442\u043e\u0432\u043b\u0435\u043d \u0438\u0437 \u043e\u0446\u0438\u043d\u043a\u043e\u0432\u0430\u043d\u043d\u043e\u0439 \u0441\u0442\u0430\u043b\u0438 \u0441 \u0442\u0435\u0440\u043c\u0438\u0447\u0435\u0441\u043a\u0438\u043c \u043e\u043a\u0440\u0430\u0448\u0438\u0432\u0430\u043d\u0438\u0435\u043c.<br \/>\n\u041c\u043e\u0434\u0443\u043b\u044c\u043d\u044b\u0439 \u043c\u0443\u0441\u043e\u0440\u043d\u044b\u0439 \u0431\u0430\u043a \u0442\u0430\u043a\u0436\u0435 \u043f\u043e\u0441\u0442\u0430\u0432\u043b\u044f\u0435\u0442\u0441\u044f \u0441 \u043a\u043e\u043b\u044c\u0446\u043e\u043c \u0434\u043b\u044f \u0437\u0430\u0445\u0432\u0430\u0442\u0430 \u0431\u044b\u0442\u043e\u0432\u043e\u0433\u043e \u043c\u0435\u0448\u043a\u0430 \u0438\u043b\u0438 \u0432\u043d\u0443\u0442\u0440\u0435\u043d\u043d\u0438\u043c\u0438 \u0432\u0435\u0434\u0440\u0430\u043c\u0438 (\u0432\u0441\u0442\u0430\u0432\u043a\u0430\u043c\u0438) \u0432 \u0437\u0430\u0432\u0438\u0441\u0438\u043c\u043e\u0441\u0442\u0438 \u043e\u0442 \u043c\u043e\u0434\u0435\u043b\u0438, \u0447\u0442\u043e\u0431\u044b \u0443\u043f\u0440\u043e\u0441\u0442\u0438\u0442\u044c \u043e\u0447\u0438\u0441\u0442\u043a\u0443 \u0431\u0430\u043a\u0430.<\/p>\n<p>\u0414\u043e\u043f\u043e\u043b\u043d\u0438\u0442\u0435\u043b\u044c\u043d\u044b\u0435 \u0430\u043a\u0441\u0435\u0441\u0441\u0443\u0430\u0440\u044b \u043c\u043e\u0433\u0443\u0442 \u0431\u044b\u0442\u044c \u043e\u0441\u043d\u0430\u0449\u0435\u043d\u044b \u043f\u043e \u0437\u0430\u043f\u0440\u043e\u0441\u0443: \u0432\u043d\u0443\u0442\u0440\u0435\u043d\u043d\u0438\u0435 \u0432\u0435\u0434\u0440\u0430 (\u0432\u0441\u0442\u0430\u0432\u043a\u0438), \u043a\u0440\u044b\u0448\u043a\u0430 (\u0441\u043e\u043e\u0442\u0432\u0435\u0442\u0441\u0442\u0432\u0443\u044e\u0449\u0438\u0439 \u0446\u0432\u0435\u0442 \u0432 \u0437\u0430\u0432\u0438\u0441\u0438\u043c\u043e\u0441\u0442\u0438 \u043e\u0442 \u0442\u0438\u043f\u0430 \u043c\u0443\u0441\u043e\u0440\u0430), \u0434\u043e\u0436\u0434\u0435\u0432\u0438\u043a\/\u0443\u043a\u0440\u044b\u0442\u0438\u0435 (\u043e\u0434\u0438\u043d\u0430\u0440\u043d\u044b\u0439, \u0434\u0432\u043e\u0439\u043d\u043e\u0439, \u0442\u0440\u043e\u0439\u043d\u043e\u0439 \u0438\u043b\u0438 \u0447\u0435\u0442\u044b\u0440\u0435\u0445\u043a\u0440\u0430\u0442\u043d\u044b\u0439), \u043f\u0435\u043f\u0435\u043b\u044c\u043d\u0438\u0446\u0430 \u0438 \u0442. \u0434.<\/p>\n<p>\u0425\u0430\u0440\u0430\u043a\u0442\u0435\u0440\u0438\u0441\u0442\u0438\u043a\u0438:<br \/>\n&#8211; cleme pentru montarea sacului menajer \u00een interiorul recipientului;<br \/>\n&#8211; g\u0103le\u021bi interioare (inserturi);<br \/>\n&#8211; autocolante \u00een culori care marcheaz\u0103 tipul de de\u0219euri separate;<br \/>\n&#8211; contur colorat, etichete de\u0219euri, baza din cauciuc antiderapant;<br \/>\n&#8211; posibilitatea utiliz\u0103rii at\u00e2t \u00een interior c\u00e2t \u0219i \u00een exterior.<\/p>\n<p>\u0425\u0430\u0440\u0430\u043a\u0442\u0435\u0440\u0438\u0441\u0442\u0438\u043a\u0438:<br \/>\n\u0414\u043b\u0438\u043d\u0430: 121 \u0441\u043c<br \/>\n\u0428\u0438\u0440\u0438\u043d\u0430: 31 \u0441\u043c<br \/>\n\u0412\u044b\u0441\u043e\u0442\u0430: 69 \u0441\u043c<br \/>\n\u0412\u0435\u0441: 20 \u043a\u0433<br \/>\n\u0422\u043e\u043b\u0449\u0438\u043d\u0430 \u043c\u0435\u0442\u0430\u043b\u043b\u0430: 1,3 \u043c\u043c<br \/>\nVolum: 4&#215;70 L<\/p>","protected":false},"excerpt":{"rendered":"<p>\u041c\u043e\u0434\u0443\u043b\u044c\u043d\u044b\u0439 \u043c\u0443\u0441\u043e\u0440\u043d\u044b\u0439 \u0431\u0430\u043a (\u0434\u043b\u044f \u0432\u044b\u0431\u043e\u0440\u043e\u0447\u043d\u043e\u0433\u043e \u0441\u0431\u043e\u0440\u0430 \u043e\u0442\u0445\u043e\u0434\u043e\u0432) \u043c\u043e\u0436\u0435\u0442 \u0431\u044b\u0442\u044c \u0434\u043e\u0441\u0442\u0443\u043f\u0435\u043d \u0432 \u043e\u0434\u0438\u043d\u043e\u0447\u043d\u043e\u043c, \u0434\u0432\u043e\u0439\u043d\u043e\u043c, \u0442\u0440\u043e\u0439\u043d\u043e\u043c \u0438 \u0447\u0435\u0442\u0432\u0435\u0440\u043d\u043e\u043c \u043c\u043e\u0434\u0443\u043b\u044f\u0445. \u041a\u0430\u0436\u0434\u044b\u0439 \u0438\u043d\u0434\u0438\u0432\u0438\u0434\u0443\u0430\u043b\u044c\u043d\u044b\u0439 \u043c\u043e\u0434\u0443\u043b\u044c \u0441 \u044d\u0442\u0438\u043a\u0435\u0442\u043a\u0430\u043c\u0438\/\u043d\u0430\u043a\u043b\u0435\u0439\u043a\u0430\u043c\u0438 \/ \u043d\u0430\u043a\u043b\u0435\u0439\u043a\u0430\u043c\u0438 (\u0440\u0430\u0441\u043f\u043e\u043b\u043e\u0436\u0435\u043d\u0438\u0435 \u0441\u043f\u0435\u0440\u0435\u0434\u0438) \u0438 \u043a\u043e\u043d\u0442\u0443\u0440\u043e\u043c \u0441\u043e\u043e\u0442\u0432\u0435\u0442\u0441\u0442\u0432\u0443\u044e\u0449\u0435\u0433\u043e \u0446\u0432\u0435\u0442\u0430 (\u043d\u0430 \u043a\u0440\u044b\u0448\u043a\u0435) \u0434\u043b\u044f \u0440\u0430\u0437\u0434\u0435\u043b\u0435\u043d\u0438\u044f \u043e\u0442\u0445\u043e\u0434\u043e\u0432 \u0432 \u0441\u043e\u043e\u0442\u0432\u0435\u0442\u0441\u0442\u0432\u0438\u0438 \u0441 \u0446\u0432\u0435\u0442\u043e\u0432\u044b\u043c \u043a\u043e\u0434\u043e\u043c \u043e\u0442\u0434\u0435\u043b\u044c\u043d\u043e\u0433\u043e \u0441\u0431\u043e\u0440\u0430 \u043e\u0442\u0445\u043e\u0434\u043e\u0432.<\/p>","protected":false},"featured_media":7179,"comment_status":"closed","ping_status":"closed","template":"","meta":[],"product_cat":[34,42,44,43,40,46,99,103],"product_tag":[194],"class_list":["post-7036","product","type-product","status-publish","has-post-thumbnail","hentry","product_cat-hotel","product_cat-industria-de-producere-si-prelucrare","product_cat-institutii-de-invatamint","product_cat-medicina","product_cat-restaurant-si-bucatarie","product_cat-sport-si-fitness","product_cat-tomberoane-cosuri-gunoi","product_cat-cosuri-de-gunoi-selectiv","product_tag-cos-gunoi","pa_brand-alda"],"_links":{"self":[{"href":"https:\/\/toreco.md\/ru\/wp-json\/wp\/v2\/product\/7036","targetHints":{"allow":["GET"]}}],"collection":[{"href":"https:\/\/toreco.md\/ru\/wp-json\/wp\/v2\/product"}],"about":[{"href":"https:\/\/toreco.md\/ru\/wp-json\/wp\/v2\/types\/product"}],"replies":[{"embeddable":true,"href":"https:\/\/toreco.md\/ru\/wp-json\/wp\/v2\/comments?post=7036"}],"wp:featuredmedia":[{"embeddable":true,"href":"https:\/\/toreco.md\/ru\/wp-json\/wp\/v2\/media\/7179"}],"wp:attachment":[{"href":"https:\/\/toreco.md\/ru\/wp-json\/wp\/v2\/media?parent=7036"}],"wp:term":[{"taxonomy":"product_cat","embeddable":true,"href":"https:\/\/toreco.md\/ru\/wp-json\/wp\/v2\/product_cat?post=7036"},{"taxonomy":"product_tag","embeddable":true,"href":"https:\/\/toreco.md\/ru\/wp-json\/wp\/v2\/product_tag?post=7036"}],"curies":[{"name":"wp","href":"https:\/\/api.w.org\/{rel}","templated":true}]}}