{"id":6824,"date":"2021-06-22T15:37:32","date_gmt":"2021-06-22T12:37:32","guid":{"rendered":"https:\/\/toreco.md\/?post_type=product&#038;p=6824"},"modified":"2022-01-31T10:27:22","modified_gmt":"2022-01-31T08:27:22","slug":"tomberon-plastic-pentru-deseuri-mkt120l-galben","status":"publish","type":"product","link":"https:\/\/toreco.md\/ru\/product\/dupa-tip\/tomberoane-cosuri-gunoi\/cosuri-de-gunoi-stradale\/tomberon-plastic-pentru-deseuri-mkt120l-galben\/","title":{"rendered":"K\u043e\u043d\u0442\u0435\u0439\u043d\u0435\u0440 \u0434\u043b\u044f \u043c\u0443\u0441\u043e\u0440\u0430 MKT120L, \u0416\u0435\u043b\u0442\u044b\u0439"},"content":{"rendered":"<p>Containerele (tomberoanele) de gunoi din plastic cu dimensiunea de 480x550x997 mm sunt echipate cu 2 ro\u021bi cauciucate \u0219i un capac, greutate &#8211; pu\u021bin peste 7 kg, capacitate &#8211; 120 l.<br \/>\n\u041f\u0435\u0440\u0435\u0434\u043d\u044f\u044f \u0441\u0442\u0435\u043d\u043a\u0430 \u0432\u044b\u043f\u043e\u043b\u043d\u0435\u043d\u0430 \u0438\u0437 \u043e\u0441\u043e\u0431\u043e \u043f\u0440\u043e\u0447\u043d\u043e\u0433\u043e \u043c\u0430\u0442\u0435\u0440\u0438\u0430\u043b\u0430 \u0434\u043b\u044f \u0431\u0435\u0437\u043e\u043f\u0430\u0441\u043d\u043e\u0439 \u0437\u0430\u0433\u0440\u0443\u0437\u043a\u0438 \u0441\u043e\u0434\u0435\u0440\u0436\u0438\u043c\u043e\u0433\u043e \u0432 \u0442\u0435\u0445\u043d\u0438\u043a\u0443 \u0434\u043b\u044f \u0432\u044b\u0432\u043e\u0437\u0430 \u043c\u0443\u0441\u043e\u0440\u0430.<br \/>\nMaterial &#8211; Polietilen\u0103 de joas\u0103 presiune (HDPE)<br \/>\nCuloare &#8211;  galben<\/p>","protected":false},"excerpt":{"rendered":"<p>Containerele (tomberoanele) de gunoi din plastic cu dimensiunea de 480x550x997 mm sunt echipate cu 2 ro\u021bi cauciucate \u0219i un capac, greutate &#8211; pu\u021bin peste 7 kg, capacitate &#8211; 120 l. Peretele frontal este confec\u021bionat din material deosebit de durabil pentru \u00eenc\u0103rcarea sigur\u0103 a con\u021binutului cu echipamentul de colectare a gunoiului. Material &#8211; Polietilen\u0103 de joas\u0103 [&hellip;]<\/p>","protected":false},"featured_media":7231,"comment_status":"closed","ping_status":"closed","template":"","meta":[],"product_cat":[99,101],"product_tag":[204],"class_list":["post-6824","product","type-product","status-publish","has-post-thumbnail","hentry","product_cat-tomberoane-cosuri-gunoi","product_cat-cosuri-de-gunoi-stradale","product_tag-tomberon","pa_brand-tara"],"_links":{"self":[{"href":"https:\/\/toreco.md\/ru\/wp-json\/wp\/v2\/product\/6824","targetHints":{"allow":["GET"]}}],"collection":[{"href":"https:\/\/toreco.md\/ru\/wp-json\/wp\/v2\/product"}],"about":[{"href":"https:\/\/toreco.md\/ru\/wp-json\/wp\/v2\/types\/product"}],"replies":[{"embeddable":true,"href":"https:\/\/toreco.md\/ru\/wp-json\/wp\/v2\/comments?post=6824"}],"wp:featuredmedia":[{"embeddable":true,"href":"https:\/\/toreco.md\/ru\/wp-json\/wp\/v2\/media\/7231"}],"wp:attachment":[{"href":"https:\/\/toreco.md\/ru\/wp-json\/wp\/v2\/media?parent=6824"}],"wp:term":[{"taxonomy":"product_cat","embeddable":true,"href":"https:\/\/toreco.md\/ru\/wp-json\/wp\/v2\/product_cat?post=6824"},{"taxonomy":"product_tag","embeddable":true,"href":"https:\/\/toreco.md\/ru\/wp-json\/wp\/v2\/product_tag?post=6824"}],"curies":[{"name":"wp","href":"https:\/\/api.w.org\/{rel}","templated":true}]}}