{"id":6308,"date":"2021-06-18T10:43:48","date_gmt":"2021-06-18T07:43:48","guid":{"rendered":"https:\/\/toreco.md\/?post_type=product&#038;p=6308"},"modified":"2025-01-21T10:37:22","modified_gmt":"2025-01-21T08:37:22","slug":"coaster-suport-hartie-pentru-pahare","status":"publish","type":"product","link":"https:\/\/toreco.md\/ru\/product\/dupa-tip\/prosoape-servetele-hartie\/coaster-suport-hartie-pentru-pahare\/","title":{"rendered":"K\u043e\u0441\u0442\u0435\u0440 - \u0431\u0443\u043c\u0430\u0436\u043d\u044b\u0435 \u043f\u043e\u0434\u0441\u0442\u0430\u0432\u043a\u0438, Tork"},"content":{"rendered":"<p>\u0423\u043a\u0440\u0430\u0441\u044c\u0442\u0435 \u0441\u0432\u043e\u0439 \u0441\u0442\u043e\u043b \u044d\u0442\u0438\u043c\u0438 \u043f\u043e\u0434\u0441\u0442\u0430\u0432\u043a\u0430\u043c\u0438 \u0434\u043b\u044f \u0447\u0430\u0448\u0435\u043a \u0438\u043b\u0438 \u0441\u0442\u0430\u043a\u0430\u043d\u043e\u0432, \u0438 \u043e\u043d\u0438 \u043d\u0435 \u0442\u043e\u043b\u044c\u043a\u043e \u0437\u0430\u0449\u0438\u0442\u044f\u0442 \u0441\u0442\u043e\u043b \u0438 \u043a\u043b\u0438\u0435\u043d\u0442\u043e\u0432, \u043d\u043e \u0442\u0430\u043a\u0436\u0435 \u043c\u043e\u0433\u0443\u0442 \u0431\u044b\u0442\u044c \u0434\u0435\u043a\u043e\u0440\u0430\u0442\u0438\u0432\u043d\u044b\u043c\u0438, \u0438\u043d\u0444\u043e\u0440\u043c\u0430\u0446\u0438\u043e\u043d\u043d\u044b\u043c\u0438 \u0438 \u0440\u0435\u043a\u043b\u0430\u043c\u043d\u044b\u043c\u0438 \u043f\u0440\u0435\u0434\u043c\u0435\u0442\u0430\u043c\u0438.<\/p>\n<p>&#8211; Posibilitatea de a personaliza coasterele.<\/p>\n<p>&#8211; Studiile arat\u0103 c\u0103 75% dintre vizitatori acord\u0103 aten\u021bie sporit\u0103 la informa\u021bii de pe coaster sau un \u0219ervetel.<\/p>\n<p>1 \u043a\u043e\u0440\u043e\u0431\u043a\u0430: 12 \u043f\u0430\u043a\u0435\u0442\u043e\u0432<br \/>\n1 \u043f\u0430\u043a\u0435\u0442: 250 \u043f\u043e\u0434\u0441\u0442\u0430\u0432\u043a\u0438<br \/>\n\u0421\u043b\u043e\u0438: 8<br \/>\n\u0426\u0432\u0435\u0442: \u0411\u0435\u043b\u044b\u0439<\/p>","protected":false},"excerpt":{"rendered":"<p>\u042d\u0442\u0438 \u0431\u0435\u043b\u044b\u0435 \u043f\u043e\u0434\u0441\u0442\u0430\u0432\u043a\u0438 \u043f\u0440\u0435\u043a\u0440\u0430\u0441\u043d\u043e \u0432\u043e\u043f\u043b\u043e\u0449\u0430\u044e\u0442 \u043a\u043e\u043d\u0446\u0435\u043f\u0446\u0438\u044e:\u0447\u0442\u043e \u043c\u0435\u043d\u044c\u0448\u0435 \u0431\u043e\u043b\u044c\u0448\u0435!<\/p>","protected":false},"featured_media":6526,"comment_status":"closed","ping_status":"closed","template":"","meta":[],"product_cat":[34,40,18,49],"product_tag":[160],"class_list":["post-6308","product","type-product","status-publish","has-post-thumbnail","hentry","product_cat-hotel","product_cat-restaurant-si-bucatarie","product_cat-prosoape-servetele-hartie","product_cat-servetele-de-masa","product_tag-servetele-de-masa","pa_brand-tork"],"_links":{"self":[{"href":"https:\/\/toreco.md\/ru\/wp-json\/wp\/v2\/product\/6308","targetHints":{"allow":["GET"]}}],"collection":[{"href":"https:\/\/toreco.md\/ru\/wp-json\/wp\/v2\/product"}],"about":[{"href":"https:\/\/toreco.md\/ru\/wp-json\/wp\/v2\/types\/product"}],"replies":[{"embeddable":true,"href":"https:\/\/toreco.md\/ru\/wp-json\/wp\/v2\/comments?post=6308"}],"wp:featuredmedia":[{"embeddable":true,"href":"https:\/\/toreco.md\/ru\/wp-json\/wp\/v2\/media\/6526"}],"wp:attachment":[{"href":"https:\/\/toreco.md\/ru\/wp-json\/wp\/v2\/media?parent=6308"}],"wp:term":[{"taxonomy":"product_cat","embeddable":true,"href":"https:\/\/toreco.md\/ru\/wp-json\/wp\/v2\/product_cat?post=6308"},{"taxonomy":"product_tag","embeddable":true,"href":"https:\/\/toreco.md\/ru\/wp-json\/wp\/v2\/product_tag?post=6308"}],"curies":[{"name":"wp","href":"https:\/\/api.w.org\/{rel}","templated":true}]}}