{"id":6035,"date":"2021-06-17T10:39:30","date_gmt":"2021-06-17T07:39:30","guid":{"rendered":"https:\/\/toreco.md\/?post_type=product&#038;p=6035"},"modified":"2024-02-26T14:00:47","modified_gmt":"2024-02-26T12:00:47","slug":"diamanto-csa5-produs-cristalizare-complet","status":"publish","type":"product","link":"https:\/\/toreco.md\/ru\/product\/dupa-tip\/detergenti-si-dezinfectanti-profesionali\/detergenti-speciali\/diamanto-csa5-produs-cristalizare-complet\/","title":{"rendered":"DIAMANTO CSA5, \u0430\u0433\u0435\u043d\u0442 \u0434\u043b\u044f \u0437\u0430\u0449\u0438\u0442\u044b \u043d\u0435\u0436\u043d\u043e\u0433\u043e \u043c\u0440\u0430\u043c\u043e\u0440\u0430"},"content":{"rendered":"<p>\u041a\u0438\u0441\u043b\u043e\u0440\u043e\u0434\u043d\u044b\u0439 \u043d\u0435 \u0441\u043e\u0434\u0435\u0440\u0436\u0430\u0449\u0438\u0439 \u043f\u043e\u0440\u043e\u0448\u043a\u0430 \u043a\u0440\u0438\u0441\u0442\u0430\u043b\u043b\u0438\u0437\u0443\u044e\u0449\u0438\u0439 \u0430\u0433\u0435\u043d\u0442 \u0434\u043b\u044f \u0437\u0430\u0449\u0438\u0442\u044b \u043d\u0435\u0436\u043d\u043e\u0433\u043e \u043c\u0440\u0430\u043c\u043e\u0440\u0430 \u0438 \u043d\u0430\u0442\u0443\u0440\u0430\u043b\u044c\u043d\u044b\u0445 \u043a\u0430\u043c\u043d\u0435\u0439.<br \/>\n\u0417\u0430\u0449\u0438\u0442\u043d\u0430\u044f \u043f\u043b\u0435\u043d\u043a\u0430, \u043f\u043e\u043b\u0443\u0447\u0435\u043d\u043d\u0430\u044f \u0432 \u0440\u0435\u0437\u0443\u043b\u044c\u0442\u0430\u0442\u0435 \u043e\u0431\u0440\u0430\u0431\u043e\u0442\u043a\u0438 \u043f\u043e\u0432\u0435\u0440\u0445\u043d\u043e\u0441\u0442\u0438, \u0438\u043c\u0435\u0435\u0442 \u0432\u044b\u0441\u043e\u043a\u0443\u044e \u0441\u0442\u0435\u043f\u0435\u043d\u044c \u0431\u043b\u0435\u0441\u043a\u0430.<br \/>\n\u041e\u0431\u044a\u0435\u043c: 5 \u043a\u0433<\/p>","protected":false},"excerpt":{"rendered":"<p>Cristalizant complet \u00een pulbere, pe baz\u0103 de oxizi pentru protejarea suprafe\u021belor delicate din marmur\u0103 \u0219i pietre naturale. Pelicula protectiv\u0103 rezultat\u0103 \u00een urma trat\u0103rii suprafe\u021belor are un grad mare de str\u0103lucire. Cantitate: 5kg<\/p>","protected":false},"featured_media":6650,"comment_status":"closed","ping_status":"closed","template":"","meta":[],"product_cat":[71,81],"product_tag":[169],"class_list":["post-6035","product","type-product","status-publish","has-post-thumbnail","hentry","product_cat-detergenti-si-dezinfectanti-profesionali","product_cat-detergenti-speciali","product_tag-detergent","pa_brand-sanidet"],"_links":{"self":[{"href":"https:\/\/toreco.md\/ru\/wp-json\/wp\/v2\/product\/6035","targetHints":{"allow":["GET"]}}],"collection":[{"href":"https:\/\/toreco.md\/ru\/wp-json\/wp\/v2\/product"}],"about":[{"href":"https:\/\/toreco.md\/ru\/wp-json\/wp\/v2\/types\/product"}],"replies":[{"embeddable":true,"href":"https:\/\/toreco.md\/ru\/wp-json\/wp\/v2\/comments?post=6035"}],"wp:featuredmedia":[{"embeddable":true,"href":"https:\/\/toreco.md\/ru\/wp-json\/wp\/v2\/media\/6650"}],"wp:attachment":[{"href":"https:\/\/toreco.md\/ru\/wp-json\/wp\/v2\/media?parent=6035"}],"wp:term":[{"taxonomy":"product_cat","embeddable":true,"href":"https:\/\/toreco.md\/ru\/wp-json\/wp\/v2\/product_cat?post=6035"},{"taxonomy":"product_tag","embeddable":true,"href":"https:\/\/toreco.md\/ru\/wp-json\/wp\/v2\/product_tag?post=6035"}],"curies":[{"name":"wp","href":"https:\/\/api.w.org\/{rel}","templated":true}]}}