{"id":6028,"date":"2021-06-17T09:55:38","date_gmt":"2021-06-17T06:55:38","guid":{"rendered":"https:\/\/toreco.md\/?post_type=product&#038;p=6028"},"modified":"2025-03-12T15:47:42","modified_gmt":"2025-03-12T13:47:42","slug":"inox-gel-detergent-antirugina","status":"publish","type":"product","link":"https:\/\/toreco.md\/ru\/product\/dupa-tip\/detergenti-si-dezinfectanti-profesionali\/detergenti-speciali\/inox-gel-detergent-antirugina\/","title":{"rendered":"INOX-GEL, \u0441\u0440\u0435\u0434\u0441\u0442\u0432\u043e \u0434\u043b\u044f \u0440\u0430\u0441\u0442\u0432\u043e\u0440\u0435\u043d\u0438\u044f \u0438 \u0443\u0434\u0430\u043b\u0435\u043d\u0438\u044f \u0440\u0436\u0430\u0432\u0447\u0438\u043d\u044b \u0438 \u0441\u043e\u043b\u0435\u0432\u044b\u0445 \u043e\u0442\u043b\u043e\u0436\u0435\u043d\u0438\u0439"},"content":{"rendered":"<p>\u0413\u0435\u043b\u0435\u043e\u0431\u0440\u0430\u0437\u043d\u044b\u0439 \u043a\u0438\u0441\u043b\u043e\u0442\u043d\u044b\u0439 \u043f\u0440\u043e\u0434\u0443\u043a\u0442 \u0431\u044b\u043b \u0441\u043f\u0435\u0446\u0438\u0430\u043b\u044c\u043d\u043e \u0440\u0430\u0437\u0440\u0430\u0431\u043e\u0442\u0430\u043d \u0434\u043b\u044f \u0440\u0430\u0441\u0442\u0432\u043e\u0440\u0435\u043d\u0438\u044f \u0438 \u0443\u0434\u0430\u043b\u0435\u043d\u0438\u044f \u0440\u0436\u0430\u0432\u0447\u0438\u043d\u044b \u0438 \u0441\u043e\u043b\u0435\u0432\u044b\u0445 \u043e\u0442\u043b\u043e\u0436\u0435\u043d\u0438\u0439 \u0441 \u043f\u043e\u0432\u0435\u0440\u0445\u043d\u043e\u0441\u0442\u0438 \u043d\u0435\u0440\u0436\u0430\u0432\u0435\u044e\u0449\u0435\u0439 \u0441\u0442\u0430\u043b\u0438 \u0438 \u0436\u0435\u043b\u0435\u0437\u043e\u0441\u043e\u0434\u0435\u0440\u0436\u0430\u0449\u0438\u0445 \u0441\u043f\u043b\u0430\u0432\u043e\u0432.<br \/>\n\u0413\u0435\u043b\u044c \u0440\u0430\u0441\u043f\u0440\u0435\u0434\u0435\u043b\u044f\u0435\u0442\u0441\u044f \u043f\u043e \u0432\u0435\u0440\u0442\u0438\u043a\u0430\u043b\u044c\u043d\u044b\u043c \u043f\u043e\u0432\u0435\u0440\u0445\u043d\u043e\u0441\u0442\u044f\u043c \u0438 \u0434\u043e\u043b\u0433\u043e \u043d\u0435 \u0441\u0442\u0435\u043a\u0430\u0435\u0442, \u043e\u0431\u0435\u0441\u043f\u0435\u0447\u0438\u0432\u0430\u044f \u0434\u043b\u0438\u0442\u0435\u043b\u044c\u043d\u043e\u0435 \u0432\u0440\u0435\u043c\u044f \u0432\u043e\u0437\u0434\u0435\u0439\u0441\u0442\u0432\u0438\u044f.<\/p>\n<p>\u041e\u0431\u044a\u0435\u043c: 10 \u043a\u0433<\/p>","protected":false},"excerpt":{"rendered":"<p>Produs acid sub form\u0103 de gel a fost special conceput pentru a dizolva \u0219i \u00eendep\u0103rta depunerile de rugin\u0103 \u0219i sare de pe suprafa\u021ba o\u021belului inoxidabil \u0219i a aliajelor care con\u021bin fier. Gelul este distribuit pe suprafe\u021be verticale \u0219i nu se scurge timp \u00eendelungat, oferind mai mult timp de expunere. Cantitate: 10 kg<\/p>","protected":false},"featured_media":6654,"comment_status":"closed","ping_status":"closed","template":"","meta":[],"product_cat":[71,81],"product_tag":[169],"class_list":["post-6028","product","type-product","status-publish","has-post-thumbnail","hentry","product_cat-detergenti-si-dezinfectanti-profesionali","product_cat-detergenti-speciali","product_tag-detergent","pa_brand-chem-italia"],"_links":{"self":[{"href":"https:\/\/toreco.md\/ru\/wp-json\/wp\/v2\/product\/6028","targetHints":{"allow":["GET"]}}],"collection":[{"href":"https:\/\/toreco.md\/ru\/wp-json\/wp\/v2\/product"}],"about":[{"href":"https:\/\/toreco.md\/ru\/wp-json\/wp\/v2\/types\/product"}],"replies":[{"embeddable":true,"href":"https:\/\/toreco.md\/ru\/wp-json\/wp\/v2\/comments?post=6028"}],"wp:featuredmedia":[{"embeddable":true,"href":"https:\/\/toreco.md\/ru\/wp-json\/wp\/v2\/media\/6654"}],"wp:attachment":[{"href":"https:\/\/toreco.md\/ru\/wp-json\/wp\/v2\/media?parent=6028"}],"wp:term":[{"taxonomy":"product_cat","embeddable":true,"href":"https:\/\/toreco.md\/ru\/wp-json\/wp\/v2\/product_cat?post=6028"},{"taxonomy":"product_tag","embeddable":true,"href":"https:\/\/toreco.md\/ru\/wp-json\/wp\/v2\/product_tag?post=6028"}],"curies":[{"name":"wp","href":"https:\/\/api.w.org\/{rel}","templated":true}]}}