{"id":5991,"date":"2021-06-16T17:07:43","date_gmt":"2021-06-16T14:07:43","guid":{"rendered":"https:\/\/toreco.md\/?post_type=product&#038;p=5991"},"modified":"2026-02-02T13:57:20","modified_gmt":"2026-02-02T11:57:20","slug":"bacsurf-el-300-detergent-suprafete-bucatarie","status":"publish","type":"product","link":"https:\/\/toreco.md\/ru\/product\/dupa-tip\/detergenti-si-dezinfectanti-profesionali\/curatare-pardoseli-si-suprafete\/bacsurf-el-300-detergent-suprafete-bucatarie\/","title":{"rendered":"BACSURF EL 300, \u043c\u043e\u044e\u0449\u0435\u0435 \u0441\u0440\u0435\u0434\u0441\u0442\u0432\u043e, \u043a\u0443\u0445\u043e\u043d\u043d\u044b\u0435 \u043f\u043e\u0432\u0435\u0440\u0445\u043d\u043e\u0441\u0442\u0438"},"content":{"rendered":"<p>\u041a\u043e\u043d\u0446\u0435\u043d\u0442\u0440\u0438\u0440\u043e\u0432\u0430\u043d\u043d\u043e\u0435 \u043c\u043e\u044e\u0449\u0435\u0435, \u0434\u0435\u0437\u0438\u043d\u0444\u0438\u0446\u0438\u0440\u0443\u044e\u0449\u0435\u0435 \u0441\u0440\u0435\u0434\u0441\u0442\u0432\u043e. \u041f\u0435\u043d\u043d\u043e\u0435, \u043d\u0435\u0439\u0442\u0440\u0430\u043b\u044c\u043d\u043e\u0435 \u0438 \u0431\u0435\u0437 \u0437\u0430\u043f\u0430\u0445\u0430 \u0434\u043b\u044f \u043f\u043e\u0432\u0435\u0440\u0445\u043d\u043e\u0441\u0442\u0435\u0439, \u043a\u043e\u0442\u043e\u0440\u044b\u0435 \u0432\u0441\u0442\u0443\u043f\u0430\u044e\u0442 \u0432 \u043a\u043e\u043d\u0442\u0430\u043a\u0442 \u0441 \u043f\u0438\u0449\u0435\u0432\u044b\u043c\u0438 \u043f\u0440\u043e\u0434\u0443\u043a\u0442\u0430\u043c\u0438.<br \/>\n\u041b\u0435\u0433\u043a\u043e \u0443\u0434\u0430\u043b\u044f\u0435\u0442 \u0436\u0438\u0440 \u0438 \u043c\u0430\u0441\u043b\u043e \u0438 \u0443\u043d\u0438\u0447\u0442\u043e\u0436\u0430\u0435\u0442 \u043c\u0438\u043a\u0440\u043e\u043e\u0440\u0433\u0430\u043d\u0438\u0437\u043c\u044b \u0432 \u0437\u043e\u043d\u0430\u0445 \u043f\u0440\u0438\u0433\u043e\u0442\u043e\u0432\u043b\u0435\u043d\u0438\u044f \u043f\u0438\u0449\u0438.<br \/>\n\u041e\u0431\u044a\u0435\u043c: 5 \u043b<\/p>","protected":false},"excerpt":{"rendered":"<p>Detergent, dezinfectant concentrat, spumant, neutru \u0219i f\u0103r\u0103 parfum pentru suprafe\u021bele care intr\u0103 \u00een contact cu alimentele. Asigur\u0103 cur\u0103\u021barea eficient\u0103 \u0219i distruge microorganismele din zonele de preparare a alimentelor. Cantitate: 5l<\/p>","protected":false},"featured_media":6703,"comment_status":"closed","ping_status":"closed","template":"","meta":[],"product_cat":[34,42,44,40,71,79],"product_tag":[169],"class_list":["post-5991","product","type-product","status-publish","has-post-thumbnail","hentry","product_cat-hotel","product_cat-industria-de-producere-si-prelucrare","product_cat-institutii-de-invatamint","product_cat-restaurant-si-bucatarie","product_cat-detergenti-si-dezinfectanti-profesionali","product_cat-curatare-pardoseli-si-suprafete","product_tag-detergent","pa_brand-ecolab"],"_links":{"self":[{"href":"https:\/\/toreco.md\/ru\/wp-json\/wp\/v2\/product\/5991","targetHints":{"allow":["GET"]}}],"collection":[{"href":"https:\/\/toreco.md\/ru\/wp-json\/wp\/v2\/product"}],"about":[{"href":"https:\/\/toreco.md\/ru\/wp-json\/wp\/v2\/types\/product"}],"replies":[{"embeddable":true,"href":"https:\/\/toreco.md\/ru\/wp-json\/wp\/v2\/comments?post=5991"}],"wp:featuredmedia":[{"embeddable":true,"href":"https:\/\/toreco.md\/ru\/wp-json\/wp\/v2\/media\/6703"}],"wp:attachment":[{"href":"https:\/\/toreco.md\/ru\/wp-json\/wp\/v2\/media?parent=5991"}],"wp:term":[{"taxonomy":"product_cat","embeddable":true,"href":"https:\/\/toreco.md\/ru\/wp-json\/wp\/v2\/product_cat?post=5991"},{"taxonomy":"product_tag","embeddable":true,"href":"https:\/\/toreco.md\/ru\/wp-json\/wp\/v2\/product_tag?post=5991"}],"curies":[{"name":"wp","href":"https:\/\/api.w.org\/{rel}","templated":true}]}}