{"id":5978,"date":"2021-06-16T15:37:36","date_gmt":"2021-06-16T12:37:36","guid":{"rendered":"https:\/\/toreco.md\/?post_type=product&#038;p=5978"},"modified":"2025-06-20T11:20:35","modified_gmt":"2025-06-20T08:20:35","slug":"helios-brillant-solutie-pentru-curatire-lustruire-inox","status":"publish","type":"product","link":"https:\/\/toreco.md\/ru\/product\/dupa-tip\/detergenti-si-dezinfectanti-profesionali\/detergenti-speciali\/helios-brillant-solutie-pentru-curatire-lustruire-inox\/","title":{"rendered":"HELIOS BRILLANT, \u0441\u0440\u0435\u0434\u0441\u0442\u0432\u043e \u0434\u043b\u044f \u0447\u0438\u0441\u0442\u043a\u0438 \u0441\u0442\u0435\u043a\u043b\u043e\u043a\u0435\u0440\u0430\u043c\u0438\u043a\u0438 \u0438 \u043f\u043e\u0432\u0435\u0440\u0445\u043d\u043e\u0441\u0442\u0435\u0439 \u0438\u0437 \u043d\u0435\u0440\u0436\u0430\u0432\u0435\u044e\u0449\u0435\u0439 \u0441\u0442\u0430\u043b\u0438"},"content":{"rendered":"<p>\u041f\u0440\u0435\u0434\u043d\u0430\u0437\u043d\u0430\u0447\u0435\u043d \u0434\u043b\u044f \u043e\u0447\u0438\u0441\u0442\u043a\u0438 \u0438 \u0443\u0445\u043e\u0434\u0430 \u0437\u0430 \u043f\u043e\u0432\u0435\u0440\u0445\u043d\u043e\u0441\u0442\u044f\u043c\u0438 \u0438 \u0438\u0437\u0434\u0435\u043b\u0438\u044f\u043c\u0438 \u0438\u0437 \u0432\u044b\u0441\u043e\u043a\u043e\u043a\u0430\u0447\u0435\u0441\u0442\u0432\u0435\u043d\u043d\u043e\u0439 \u0441\u0442\u0430\u043b\u0438, \u0445\u0440\u043e\u043c\u0430, \u043d\u0438\u043a\u0435\u043b\u044f, \u043b\u0430\u0442\u0443\u043d\u0438 \u0438 \u0441\u0442\u043e\u0439\u043a\u043e\u0439 \u043a \u0432\u043e\u0437\u0434\u0435\u0439\u0441\u0442\u0432\u0438\u044e \u043a\u0438\u0441\u043b\u043e\u0442\u044b \u044d\u043c\u0430\u043b\u0438, \u043a\u0443\u0445\u043e\u043d\u043d\u044b\u0445 \u0441\u0442\u0435\u043a\u043b\u043e\u043a\u0435\u0440\u0430\u043c\u0438\u0447\u0435\u0441\u043a\u0438\u0445 \u043f\u043e\u0432\u0435\u0440\u0445\u043d\u043e\u0441\u0442\u0435\u0439.<br \/>\n\u0422\u0430\u043a\u0436\u0435 \u043f\u043e\u0434\u0445\u043e\u0434\u0438\u0442 \u0434\u043b\u044f \u0443\u0434\u0430\u043b\u0435\u043d\u0438\u044f \u043c\u0435\u0442\u0430\u043b\u043b\u0438\u0447\u0435\u0441\u043a\u043e\u0433\u043e \u0438\u0441\u0442\u0438\u0440\u0430\u043d\u0438\u044f \u043d\u0430 \u0444\u0430\u0440\u0444\u043e\u0440\u043e\u0432\u043e\u043c \u0438 \u043a\u0435\u0440\u0430\u043c\u0438\u0447\u0435\u0441\u043a\u043e\u043c \u0441\u0442\u0435\u043a\u043b\u0435.<\/p>\n<p>\u041e\u0431\u044a\u0435\u043c: 500 \u043c\u043b<\/p>","protected":false},"excerpt":{"rendered":"<p>Helios Brillant cur\u0103\u021b\u0103 \u0219i \u00eengrije\u0219te toate suprafe\u021bele din o\u021bel inoxidabil, crom, nichel, alam\u0103, vase de g\u0103tit, emailuri rezistente la acizi \u0219i plite din sticl\u0103 ceramic\u0103. De asemenea, potrivit pentru \u00eendep\u0103rtarea abraziunii metalice pe por\u021belan \u0219i ceramic\u0103 din sticl\u0103. Cantitate: 500ml<\/p>","protected":false},"featured_media":6670,"comment_status":"closed","ping_status":"closed","template":"","meta":[],"product_cat":[71,81],"product_tag":[169],"class_list":["post-5978","product","type-product","status-publish","has-post-thumbnail","hentry","product_cat-detergenti-si-dezinfectanti-profesionali","product_cat-detergenti-speciali","product_tag-detergent","pa_brand-ecolab"],"_links":{"self":[{"href":"https:\/\/toreco.md\/ru\/wp-json\/wp\/v2\/product\/5978","targetHints":{"allow":["GET"]}}],"collection":[{"href":"https:\/\/toreco.md\/ru\/wp-json\/wp\/v2\/product"}],"about":[{"href":"https:\/\/toreco.md\/ru\/wp-json\/wp\/v2\/types\/product"}],"replies":[{"embeddable":true,"href":"https:\/\/toreco.md\/ru\/wp-json\/wp\/v2\/comments?post=5978"}],"wp:featuredmedia":[{"embeddable":true,"href":"https:\/\/toreco.md\/ru\/wp-json\/wp\/v2\/media\/6670"}],"wp:attachment":[{"href":"https:\/\/toreco.md\/ru\/wp-json\/wp\/v2\/media?parent=5978"}],"wp:term":[{"taxonomy":"product_cat","embeddable":true,"href":"https:\/\/toreco.md\/ru\/wp-json\/wp\/v2\/product_cat?post=5978"},{"taxonomy":"product_tag","embeddable":true,"href":"https:\/\/toreco.md\/ru\/wp-json\/wp\/v2\/product_tag?post=5978"}],"curies":[{"name":"wp","href":"https:\/\/api.w.org\/{rel}","templated":true}]}}