{"id":5959,"date":"2021-06-16T14:07:55","date_gmt":"2021-06-16T11:07:55","guid":{"rendered":"https:\/\/toreco.md\/?post_type=product&#038;p=5959"},"modified":"2025-03-13T12:18:10","modified_gmt":"2025-03-13T10:18:10","slug":"odorizant-siliconic-pisoar","status":"publish","type":"product","link":"https:\/\/toreco.md\/ru\/product\/dupa-tip\/sapun-si-odorizanti\/odorizanti-siliconici\/odorizant-siliconic-pisoar\/","title":{"rendered":"\u0410\u0440\u043e\u043c\u0430\u0442\u0438\u0437\u0438\u0440\u043e\u0432\u0430\u043d\u043d\u044b\u0435 \u0437\u0430\u0449\u0438\u0442\u043d\u044b\u0435 \u0440\u0435\u0448\u0435\u0442\u043a\u0438 \/ \u044d\u043a\u0440\u0430\u043d\u044b \u0434\u043b\u044f \u043f\u0438\u0441\u0441\u0443\u0430\u0440\u0430"},"content":{"rendered":"<p>\u041e\u0441\u0432\u0435\u0436\u0438\u0442\u0435\u043b\u044c \u0432\u043e\u0437\u0434\u0443\u0445\u0430 \u0434\u043b\u044f \u043f\u0438\u0441\u0441\u0443\u0430\u0440\u043e\u0432  \u0438\u043c\u0435\u0435\u0442 \u0440\u0435\u0432\u043e\u043b\u044e\u0446\u0438\u043e\u043d\u043d\u044b\u0439 \u0434\u0438\u0437\u0430\u0439\u043d \u0441\u043f\u043e\u0441\u043e\u0431\u043d\u044b\u0439 \u0430\u0434\u0430\u043f\u0442\u0438\u0440\u043e\u0432\u0430\u0442\u044c\u0441\u044f \u043a\u043e \u0432\u0441\u0435\u043c \u0442\u0438\u043f\u0430\u043c \u043f\u0438\u0441\u0441\u0443\u0430\u0440\u043e\u0432.<br \/>\nAsigura o vizibilitate perfect\u0103 a toaletei si eliminarea u\u0219oar\u0103 a urinei. Particularitatea func\u021bion\u0103rii sale este emiterea &#8220;particulelor bune&#8221; care elimin\u0103 mirosurile de urin\u0103. <\/p>","protected":false},"excerpt":{"rendered":"<p>\u041e\u0440\u0430\u043d\u0436\u0435\u0432\u044b\u0439 \u0441\u0438\u043b\u0438\u043a\u043e\u043d\u043e\u0432\u044b\u0439 \u043e\u0441\u0432\u0435\u0436\u0438\u0442\u0435\u043b\u044c \u0432\u043e\u0437\u0434\u0443\u0445\u0430 \u0434\u043b\u044f \u043f\u0438\u0441\u0441\u0443\u0430\u0440\u043e\u0432.<\/p>","protected":false},"featured_media":6760,"comment_status":"closed","ping_status":"closed","template":"","meta":[],"product_cat":[45,34,42,44,43,40,41,46,83,88],"product_tag":[172],"class_list":["post-5959","product","type-product","status-publish","has-post-thumbnail","hentry","product_cat-industria-auto","product_cat-hotel","product_cat-industria-de-producere-si-prelucrare","product_cat-institutii-de-invatamint","product_cat-medicina","product_cat-restaurant-si-bucatarie","product_cat-servicii-de-curatenie","product_cat-sport-si-fitness","product_cat-sapun-si-odorizanti","product_cat-odorizanti-siliconici","product_tag-odorizant","pa_brand-sanitec"],"_links":{"self":[{"href":"https:\/\/toreco.md\/ru\/wp-json\/wp\/v2\/product\/5959","targetHints":{"allow":["GET"]}}],"collection":[{"href":"https:\/\/toreco.md\/ru\/wp-json\/wp\/v2\/product"}],"about":[{"href":"https:\/\/toreco.md\/ru\/wp-json\/wp\/v2\/types\/product"}],"replies":[{"embeddable":true,"href":"https:\/\/toreco.md\/ru\/wp-json\/wp\/v2\/comments?post=5959"}],"wp:featuredmedia":[{"embeddable":true,"href":"https:\/\/toreco.md\/ru\/wp-json\/wp\/v2\/media\/6760"}],"wp:attachment":[{"href":"https:\/\/toreco.md\/ru\/wp-json\/wp\/v2\/media?parent=5959"}],"wp:term":[{"taxonomy":"product_cat","embeddable":true,"href":"https:\/\/toreco.md\/ru\/wp-json\/wp\/v2\/product_cat?post=5959"},{"taxonomy":"product_tag","embeddable":true,"href":"https:\/\/toreco.md\/ru\/wp-json\/wp\/v2\/product_tag?post=5959"}],"curies":[{"name":"wp","href":"https:\/\/api.w.org\/{rel}","templated":true}]}}