{"id":5881,"date":"2021-06-16T11:25:29","date_gmt":"2021-06-16T08:25:29","guid":{"rendered":"https:\/\/toreco.md\/?post_type=product&#038;p=5881"},"modified":"2026-04-03T09:41:43","modified_gmt":"2026-04-03T06:41:43","slug":"ultrasan-detergent-concentrat-igienizare-curatare","status":"publish","type":"product","link":"https:\/\/toreco.md\/ru\/product\/dupa-tip\/detergenti-si-dezinfectanti-profesionali\/bucatarie\/ultrasan-detergent-concentrat-igienizare-curatare\/","title":{"rendered":"ULTRASAN, \u041a\u043e\u043d\u0446\u0435\u043d\u0442\u0440\u0438\u0440\u043e\u0432\u0430\u043d\u043d\u043e\u0435 \u043c\u043e\u044e\u0449\u0435\u0435 \u0441\u0440\u0435\u0434\u0441\u0442\u0432\u043e \u0441 \u043e\u0447\u0438\u0449\u0430\u044e\u0449\u0438\u043c \u0438 \u0433\u0438\u0433\u0438\u0435\u043d\u0438\u0437\u0438\u0440\u0443\u044e\u0449\u0438\u043c \u044d\u0444\u0444\u0435\u043a\u0442\u043e\u043c"},"content":{"rendered":"<p>Detergent concentrat f\u0103r\u0103 parfum, pe baz\u0103 de clorhidrat, este potrivit pentru cur\u0103\u021barea suprafe\u021belor \u00een sectorul alimentar \u0219i \u00een domeniul s\u0103n\u0103\u021bii publice.<br \/>\n\u042d\u0444\u0444\u0435\u043a\u0442\u0438\u0432\u043d\u043e \u0443\u043d\u0438\u0447\u0442\u043e\u0436\u0430\u0435\u0442 \u0433\u0440\u0430\u043c\u043f\u043e\u043b\u043e\u0436\u0438\u0442\u0435\u043b\u044c\u043d\u044b\u0435 \u0438 \u0433\u0440\u0430\u043c\u043e\u0442\u0440\u0438\u0446\u0430\u0442\u0435\u043b\u044c\u043d\u044b\u0435 \u0431\u0430\u043a\u0442\u0435\u0440\u0438\u0438, \u0434\u0440\u043e\u0436\u0436\u0438, \u0433\u0440\u0438\u0431\u043a\u0438, \u043f\u043b\u0435\u0441\u0435\u043d\u044c \u0438 \u0440\u0430\u0437\u043b\u0438\u0447\u043d\u044b\u0435 \u0432\u0438\u0434\u044b \u0432\u0438\u0440\u0443\u0441\u043e\u0432.<\/p>\n<p>\u041e\u0431\u044a\u0435\u043c: 5 \u043a\u0433 <\/p>","protected":false},"excerpt":{"rendered":"<p>\u041a\u043e\u043d\u0446\u0435\u043d\u0442\u0440\u0438\u0440\u043e\u0432\u0430\u043d\u043d\u043e\u0435 \u0434\u0435\u0437\u0438\u043d\u0444\u0438\u0446\u0438\u0440\u0443\u044e\u0449\u0435\u0435 \u0441\u0440\u0435\u0434\u0441\u0442\u0432\u043e \u0431\u0435\u0437 \u043e\u0442\u0434\u0443\u0448\u043a\u0438 \u043d\u0430 \u043e\u0441\u043d\u043e\u0432\u0435 \u0433\u0438\u0434\u0440\u043e\u0445\u043b\u043e\u0440\u0438\u0434\u0430 \u043f\u043e\u0434\u0445\u043e\u0434\u0438\u0442 \u0434\u043b\u044f \u043e\u0431\u0440\u0430\u0431\u043e\u0442\u043a\u0438 \u043f\u043e\u0432\u0435\u0440\u0445\u043d\u043e\u0441\u0442\u0435\u0439 \u0432 \u043f\u0438\u0449\u0435\u0432\u043e\u043c \u0441\u0435\u043a\u0442\u043e\u0440\u0435 \u0438 \u0432 \u0437\u0434\u0440\u0430\u0432\u043e\u043e\u0445\u0440\u0430\u043d\u0435\u043d\u0438\u0438.<\/p>","protected":false},"featured_media":5923,"comment_status":"closed","ping_status":"closed","template":"","meta":[],"product_cat":[74,34,42,44,43,40,41,71],"product_tag":[158],"class_list":["post-5881","product","type-product","status-publish","has-post-thumbnail","hentry","product_cat-bucatarie","product_cat-hotel","product_cat-industria-de-producere-si-prelucrare","product_cat-institutii-de-invatamint","product_cat-medicina","product_cat-restaurant-si-bucatarie","product_cat-servicii-de-curatenie","product_cat-detergenti-si-dezinfectanti-profesionali","product_tag-igienizant","pa_brand-chem-italia"],"_links":{"self":[{"href":"https:\/\/toreco.md\/ru\/wp-json\/wp\/v2\/product\/5881","targetHints":{"allow":["GET"]}}],"collection":[{"href":"https:\/\/toreco.md\/ru\/wp-json\/wp\/v2\/product"}],"about":[{"href":"https:\/\/toreco.md\/ru\/wp-json\/wp\/v2\/types\/product"}],"replies":[{"embeddable":true,"href":"https:\/\/toreco.md\/ru\/wp-json\/wp\/v2\/comments?post=5881"}],"wp:featuredmedia":[{"embeddable":true,"href":"https:\/\/toreco.md\/ru\/wp-json\/wp\/v2\/media\/5923"}],"wp:attachment":[{"href":"https:\/\/toreco.md\/ru\/wp-json\/wp\/v2\/media?parent=5881"}],"wp:term":[{"taxonomy":"product_cat","embeddable":true,"href":"https:\/\/toreco.md\/ru\/wp-json\/wp\/v2\/product_cat?post=5881"},{"taxonomy":"product_tag","embeddable":true,"href":"https:\/\/toreco.md\/ru\/wp-json\/wp\/v2\/product_tag?post=5881"}],"curies":[{"name":"wp","href":"https:\/\/api.w.org\/{rel}","templated":true}]}}