{"id":5848,"date":"2021-06-16T09:50:19","date_gmt":"2021-06-16T06:50:19","guid":{"rendered":"https:\/\/toreco.md\/?post_type=product&#038;p=5848"},"modified":"2026-04-09T08:57:45","modified_gmt":"2026-04-09T05:57:45","slug":"drysan-oxy-dezinfectant-pentru-suprafete-bucatarie-2","status":"publish","type":"product","link":"https:\/\/toreco.md\/ru\/product\/dupa-tip\/detergenti-si-dezinfectanti-profesionali\/dezinfectanti-suprafete\/drysan-oxy-dezinfectant-pentru-suprafete-bucatarie-2\/","title":{"rendered":"DRYSAN OXY, \u0434\u0435\u0437\u0438\u043d\u0444\u0438\u0446\u0438\u0440\u0443\u044e\u0449\u0435\u0435 \u0441\u0440\u0435\u0434\u0441\u0442\u0432\u043e \u0434\u043b\u044f \u043a\u0443\u0445\u043e\u043d\u043d\u044b\u0445 \u043f\u043e\u0432\u0435\u0440\u0445\u043d\u043e\u0441\u0442\u0435\u0439"},"content":{"rendered":"<p>\u0412\u044b\u0441\u043e\u043a\u043e\u044d\u0444\u0444\u0435\u043a\u0442\u0438\u0432\u043d\u044b\u0439, \u0433\u043e\u0442\u043e\u0432\u044b\u0439 \u043a \u0438\u0441\u043f\u043e\u043b\u044c\u0437\u043e\u0432\u0430\u043d\u0438\u044e \u0441\u043f\u0440\u0435\u0439 \u0434\u043b\u044f \u043e\u0447\u0438\u0441\u0442\u043a\u0438 \u0438 \u0434\u0435\u0437\u0438\u043d\u0444\u0435\u043a\u0446\u0438\u0438 \u0431\u0435\u0437 \u043e\u043f\u043e\u043b\u0430\u0441\u043a\u0438\u0432\u0430\u043d\u0438\u044f. \u041e\u0441\u043d\u043e\u0432\u0430\u043d\u043d\u0430\u044f \u043d\u0430 \u0442\u0435\u0445\u043d\u043e\u043b\u043e\u0433\u0438\u0438 Hi-speed H2O2, \u0444\u043e\u0440\u043c\u0443\u043b\u0430 \u0431\u0435\u0437 \u043e\u0442\u0434\u0443\u0448\u0435\u043a \u0441\u043e\u0432\u043c\u0435\u0441\u0442\u0438\u043c\u0430 \u0441 \u0448\u0438\u0440\u043e\u043a\u0438\u043c \u0441\u043f\u0435\u043a\u0442\u0440\u043e\u043c \u043f\u043e\u0432\u0435\u0440\u0445\u043d\u043e\u0441\u0442\u0435\u0439.<\/p>\n<p><strong>O sticl\u0103 de <a href=\"https:\/\/www.youtube.com\/watch?v=iGQbwt2hkik\" target=\"_blank\" title=\"Dry SanOxy - detergent de cur\u0103\u021bare \u0219i dezinfectant f\u0103r\u0103 cl\u0103tire, H2O2\" rel=\"noopener\">Dry SanOxy<\/a> cur\u0103\u021b\u0103 \u0219i dezinfecteaz\u0103 p\u00e2n\u0103 la 200 m2<\/strong><\/p>\n<p>\u041f\u0440\u043e\u0438\u0437\u0432\u043e\u0434\u0438\u0442\u0435\u043b\u044c\u043d\u043e\u0441\u0442\u044c \u0438\u043c\u0435\u0435\u0442 \u0437\u043d\u0430\u0447\u0435\u043d\u0438\u0435:<br \/>\n\u0418\u043d\u043d\u043e\u0432\u0430\u0446\u0438\u043e\u043d\u043d\u0430\u044f \u0444\u043e\u0440\u043c\u0443\u043b\u0430 H2O2, \u043a\u043e\u0442\u043e\u0440\u0430\u044f \u043e\u0445\u0432\u0430\u0442\u044b\u0432\u0430\u0435\u0442 \u0448\u0438\u0440\u043e\u043a\u0438\u0439 \u0441\u043f\u0435\u043a\u0442\u0440 \u044d\u0444\u0444\u0435\u043a\u0442\u0438\u0432\u043d\u043e\u0441\u0442\u0438<br \/>\n\u0423\u043d\u0438\u0447\u0442\u043e\u0436\u0430\u0435\u0442 \u0437\u0430\u043f\u0430\u0445\u0438<br \/>\n\u041a\u043e\u0440\u043e\u0442\u043a\u043e\u0435 \u0432\u0440\u0435\u043c\u044f \u043a\u043e\u043d\u0442\u0430\u043a\u0442\u0430<br \/>\n\u0423\u0434\u043e\u0431\u043d\u044b\u0439 \u0438 \u0431\u044b\u0441\u0442\u0440\u044b\u0439 \u0432 \u0438\u0441\u043f\u043e\u043b\u044c\u0437\u043e\u0432\u0430\u043d\u0438\u0438<br \/>\n\u042d\u043a\u043e\u043d\u043e\u043c\u0438\u0442 \u0432\u0440\u0435\u043c\u044f: \u0434\u0435\u0437\u0438\u043d\u0444\u0438\u0446\u0438\u0440\u0443\u0435\u0442 \u0438 \u043e\u0447\u0438\u0449\u0430\u0435\u0442 \u0437\u0430 \u043e\u0434\u0438\u043d \u0448\u0430\u0433<br \/>\n\u041f\u0440\u0435\u0432\u043e\u0441\u0445\u043e\u0434\u043d\u0430\u044f \u0441\u043e\u0432\u043c\u0435\u0441\u0442\u0438\u043c\u043e\u0441\u0442\u044c \u043c\u0430\u0442\u0435\u0440\u0438\u0430\u043b\u043e\u0432 \u0438 \u044d\u0444\u0444\u0435\u043a\u0442\u0438\u0432\u043d\u043e\u0441\u0442\u044c \u043e\u0447\u0438\u0441\u0442\u043a\u0438<br \/>\n\u041f\u043e\u043b\u043e\u0441\u043a\u0430\u043d\u0438\u0435 \u043d\u0435 \u0442\u0440\u0435\u0431\u0443\u0435\u0442\u0441\u044f<br \/>\n\u0414\u043e\u0437\u0438\u0440\u043e\u0432\u043a\u0430: \u0433\u043e\u0442\u043e\u0432 \u043a \u0438\u0441\u043f\u043e\u043b\u044c\u0437\u043e\u0432\u0430\u043d\u0438\u044e.<\/p>\n<p>\u0411\u0435\u0437\u043e\u043f\u0430\u0441\u043d\u043e\u0441\u0442\u044c \u0438\u043c\u0435\u0435\u0442 \u0437\u043d\u0430\u0447\u0435\u043d\u0438\u0435:<br \/>\n\u041d\u0430 \u043e\u0441\u043d\u043e\u0432\u0435 Hi-speed \u0442\u0435\u0445\u043d\u043e\u043b\u043e\u0433\u0438\u0438 H2O2<br \/>\n\u0410\u043a\u0442\u0438\u0432\u043d\u044b\u0435 \u0438\u043d\u0433\u0440\u0435\u0434\u0438\u0435\u043d\u0442\u044b \u043f\u0440\u0438 \u0438\u0441\u043f\u043e\u043b\u044c\u0437\u043e\u0432\u0430\u043d\u0438\u0438 \u0440\u0430\u0437\u043b\u0430\u0433\u0430\u044e\u0442\u0441\u044f \u043d\u0430 \u0432\u043e\u0434\u0443 \u0438 \u043a\u0438\u0441\u043b\u043e\u0440\u043e\u0434<br \/>\n\u0411\u0435\u0437\u043e\u043f\u0430\u0441\u043d\u043e\u0441\u0442\u044c \u043d\u0430 \u0440\u0430\u0431\u043e\u0447\u0435\u043c \u043c\u0435\u0441\u0442\u0435: \u043d\u0435 \u0442\u0440\u0435\u0431\u0443\u044e\u0442\u0441\u044f PPE<\/p>\n<p>\u0423\u0441\u0442\u043e\u0439\u0447\u0438\u0432\u043e\u0441\u0442\u044c \u0438\u043c\u0435\u0435\u0442 \u0437\u043d\u0430\u0447\u0435\u043d\u0438\u0435:<br \/>\n\u041e\u043a\u0430\u0437\u0430\u043d\u0438\u0435 \u043f\u043e\u043b\u043e\u0436\u0438\u0442\u0435\u043b\u044c\u043d\u043e\u0433\u043e \u0432\u043e\u0437\u0434\u0435\u0439\u0441\u0442\u0432\u0438\u044f \u043d\u0430 \u043e\u043a\u0440\u0443\u0436\u0430\u044e\u0449\u0443\u044e \u0441\u0440\u0435\u0434\u0443<br \/>\n100% \u044d\u043a\u043e<\/p>\n<p>\u041e\u043d \u0438\u0441\u043f\u043e\u043b\u044c\u0437\u0443\u0435\u0442\u0441\u044f \u0432 \u043f\u0438\u0449\u0435\u0432\u043e\u0439 \u0438 \u043f\u0438\u0442\u044c\u0435\u0432\u043e\u0439 \u043f\u0440\u043e\u043c\u044b\u0448\u043b\u0435\u043d\u043d\u043e\u0441\u0442\u0438.<br \/>\n\u041e\u0447\u0438\u0449\u0430\u0435\u0442 \u0438 \u0434\u0435\u0437\u0438\u043d\u0444\u0438\u0446\u0438\u0440\u0443\u0435\u0442 \u0437\u0430 \u043e\u0434\u0438\u043d \u0448\u0430\u0433.<br \/>\n\u041f\u0440\u043e\u0441\u0442\u043e\u0442\u0430 \u0432 \u0438\u0441\u043f\u043e\u043b\u044c\u0437\u043e\u0432\u0430\u043d\u0438\u0438 - \u0431\u0435\u0437 \u0434\u043e\u0437\u0438\u0440\u043e\u0432\u0430\u043d\u0438\u044f \u0438\u043b\u0438 \u0441\u043c\u0435\u0448\u0438\u0432\u0430\u043d\u0438\u044f \u0438 \u0431\u0435\u0437\u043e\u043f\u0430\u0441\u043d\u044b \u0434\u043b\u044f \u043f\u043e\u0432\u0435\u0440\u0445\u043d\u043e\u0441\u0442\u0435\u0439, \u043a\u043e\u0442\u043e\u0440\u044b\u0435 \u0432\u0441\u0442\u0443\u043f\u0430\u044e\u0442 \u0432 \u043a\u043e\u043d\u0442\u0430\u043a\u0442 \u0441 \u043f\u0438\u0449\u0435\u0439.<\/p>\n<p>\u041e\u0431\u044a\u0435\u043c: 1 \u043b<\/p>","protected":false},"excerpt":{"rendered":"<p>\u0412\u044b\u0441\u043e\u043a\u043e\u044d\u0444\u0444\u0435\u043a\u0442\u0438\u0432\u043d\u044b\u0439, \u0433\u043e\u0442\u043e\u0432\u044b\u0439 \u043a \u0438\u0441\u043f\u043e\u043b\u044c\u0437\u043e\u0432\u0430\u043d\u0438\u044e \u0441\u043f\u0440\u0435\u0439 \u0434\u043b\u044f \u043e\u0447\u0438\u0441\u0442\u043a\u0438 \u0438 \u0434\u0435\u0437\u0438\u043d\u0444\u0435\u043a\u0446\u0438\u0438 \u0431\u0435\u0437 \u043e\u043f\u043e\u043b\u0430\u0441\u043a\u0438\u0432\u0430\u043d\u0438\u044f. \u041e\u0441\u043d\u043e\u0432\u0430\u043d\u043d\u0430\u044f \u043d\u0430 \u0442\u0435\u0445\u043d\u043e\u043b\u043e\u0433\u0438\u0438 Hi-speed H2O2, \u0444\u043e\u0440\u043c\u0443\u043b\u0430 \u0431\u0435\u0437 \u043e\u0442\u0434\u0443\u0448\u0435\u043a \u0441\u043e\u0432\u043c\u0435\u0441\u0442\u0438\u043c\u0430 \u0441 \u0448\u0438\u0440\u043e\u043a\u0438\u043c \u0441\u043f\u0435\u043a\u0442\u0440\u043e\u043c \u043f\u043e\u0432\u0435\u0440\u0445\u043d\u043e\u0441\u0442\u0435\u0439. \u0414\u0435\u0437\u0438\u043d\u0444\u0438\u0446\u0438\u0440\u0443\u044e\u0449\u0435\u0435 \u0441\u0440\u0435\u0434\u0441\u0442\u0432\u043e \u043d\u0430 \u043e\u0441\u043d\u043e\u0432\u0435 \u043f\u0435\u0440\u0435\u043a\u0438\u0441\u0438.<\/p>","protected":false},"featured_media":5941,"comment_status":"closed","ping_status":"closed","template":"","meta":[],"product_cat":[34,42,44,40,41,71,80],"product_tag":[158],"class_list":["post-5848","product","type-product","status-publish","has-post-thumbnail","hentry","product_cat-hotel","product_cat-industria-de-producere-si-prelucrare","product_cat-institutii-de-invatamint","product_cat-restaurant-si-bucatarie","product_cat-servicii-de-curatenie","product_cat-detergenti-si-dezinfectanti-profesionali","product_cat-dezinfectanti-suprafete","product_tag-igienizant","pa_brand-ecolab"],"_links":{"self":[{"href":"https:\/\/toreco.md\/ru\/wp-json\/wp\/v2\/product\/5848","targetHints":{"allow":["GET"]}}],"collection":[{"href":"https:\/\/toreco.md\/ru\/wp-json\/wp\/v2\/product"}],"about":[{"href":"https:\/\/toreco.md\/ru\/wp-json\/wp\/v2\/types\/product"}],"replies":[{"embeddable":true,"href":"https:\/\/toreco.md\/ru\/wp-json\/wp\/v2\/comments?post=5848"}],"wp:featuredmedia":[{"embeddable":true,"href":"https:\/\/toreco.md\/ru\/wp-json\/wp\/v2\/media\/5941"}],"wp:attachment":[{"href":"https:\/\/toreco.md\/ru\/wp-json\/wp\/v2\/media?parent=5848"}],"wp:term":[{"taxonomy":"product_cat","embeddable":true,"href":"https:\/\/toreco.md\/ru\/wp-json\/wp\/v2\/product_cat?post=5848"},{"taxonomy":"product_tag","embeddable":true,"href":"https:\/\/toreco.md\/ru\/wp-json\/wp\/v2\/product_tag?post=5848"}],"curies":[{"name":"wp","href":"https:\/\/api.w.org\/{rel}","templated":true}]}}