{"id":5726,"date":"2021-06-15T13:27:34","date_gmt":"2021-06-15T10:27:34","guid":{"rendered":"https:\/\/toreco.md\/?post_type=product&#038;p=5726"},"modified":"2025-04-08T14:46:24","modified_gmt":"2025-04-08T11:46:24","slug":"lavamani-industria-sapun-industrial-pentru-maini","status":"publish","type":"product","link":"https:\/\/toreco.md\/ru\/product\/dupa-tip\/sapun-si-odorizanti\/sapun-lichid\/lavamani-industria-sapun-industrial-pentru-maini\/","title":{"rendered":"LAVAMANI INDUSTRIA \u041f\u0440\u043e\u043c\u044b\u0448\u043b\u0435\u043d\u043d\u043e\u0435 \u043c\u044b\u043b\u043e \u0434\u043b\u044f \u0440\u0443\u043a"},"content":{"rendered":"<p>\u0421\u043f\u0435\u0446\u0438\u0430\u043b\u044c\u043d\u0430\u044f \u0444\u043e\u0440\u043c\u0443\u043b\u0430 \u043e\u0431\u0435\u0441\u043f\u0435\u0447\u0438\u0432\u0430\u0435\u0442 Greater \u043e\u0447\u0438\u0449\u0430\u044e\u0449\u0443\u044e \u0441\u0438\u043b\u0443 \u0441\u043c\u0430\u0437\u043a\u0438, \u043c\u0430\u0441\u043b\u0430, \u0440\u0436\u0430\u0432\u0447\u0438\u043d\u044b, \u043a\u0440\u0430\u0441\u043e\u043a \u0438 \u0442.\u0434., \u0431\u0435\u0437 \u043d\u0435\u0433\u0430\u0442\u0438\u0432\u043d\u043e\u0433\u043e \u0432\u043e\u0437\u0434\u0435\u0439\u0441\u0442\u0432\u0438\u044f \u043d\u0430 \u043a\u043e\u0436\u0443.<br \/>\n\u041f\u0440\u043e\u0434\u0443\u043a\u0442 \u0441\u043e\u0431\u043b\u044e\u0434\u0430\u0435\u0442 \u0435\u0441\u0442\u0435\u0441\u0442\u0432\u0435\u043d\u043d\u044b\u0439 pH \u043a\u043e\u0436\u0438, \u0434\u0435\u043b\u0430\u044f \u0435\u0435 \u0431\u0430\u0440\u0445\u0430\u0442\u0438\u0441\u0442\u043e\u0439 \u0438 \u043f\u0440\u0438\u044f\u0442\u043d\u043e \u043f\u0430\u0445\u043d\u0443\u0449\u0435\u0439.<br \/>\n\u041f\u0440\u043e\u0434\u0443\u043a\u0442 \u0441\u043e\u0431\u043b\u044e\u0434\u0430\u0435\u0442 \u0435\u0441\u0442\u0435\u0441\u0442\u0432\u0435\u043d\u043d\u044b\u0439 pH \u043a\u043e\u0436\u0438, \u0434\u0435\u043b\u0430\u044f \u0435\u0435 \u0431\u0430\u0440\u0445\u0430\u0442\u0438\u0441\u0442\u043e\u0439 \u0438 \u043f\u0440\u0438\u044f\u0442\u043d\u043e \u043f\u0430\u0445\u043d\u0443\u0449\u0435\u0439.<br \/>\n\u041e\u0431\u043b\u0430\u0441\u0442\u0438 \u043f\u0440\u0438\u043c\u0435\u043d\u0435\u043d\u0438\u044f: \u043e\u0431\u0441\u043b\u0443\u0436\u0438\u0432\u0430\u043d\u0438\u0435 \u0430\u0432\u0442\u043e\u043c\u043e\u0431\u0438\u043b\u0435\u0439, \u0432\u0443\u043b\u043a\u0430\u043d\u0438\u0437\u0430\u0446\u0438\u044f, \u0441\u043b\u0435\u0441\u0430\u0440\u0438, \u043c\u0435\u0445\u0430\u043d\u0438\u0447\u0435\u0441\u043a\u0438\u0435 \u043c\u0430\u0441\u0442\u0435\u0440\u0441\u043a\u0438\u0435, \u043a\u043e\u043d\u0441\u0442\u0440\u0443\u043a\u0446\u0438\u0438, \u043c\u0435\u0445\u0430\u043d\u0438\u0447\u0435\u0441\u043a\u0430\u044f \u043f\u0440\u043e\u043c\u044b\u0448\u043b\u0435\u043d\u043d\u043e\u0441\u0442\u044c \u0438 \u0442.\u0434.<br \/>\n\u041e\u0431\u044a\u0435\u043c: 1 \u043a\u0433.<\/p>","protected":false},"excerpt":{"rendered":"<p>Formula speciala asigur\u0103 o putere mai mare de cur\u0103\u0163are a gr\u0103simii, uleiului, ruginii, cernelii,etc, fara a avea efecte negative asupra pielii. Produsul respect\u0103 pH-ul natural al pielii l\u0103s\u00e2nd-o catifelata \u015fi pl\u0103cut parfumat\u0103. Recomandat \u00een mod deosebit pentru activitatile care necesita o curatare a mainilor foarte frecventa. Domenii de utilizare: Service auto, vulcanizari, lacatuserii, ateliere mecanice, [&hellip;]<\/p>","protected":false},"featured_media":6731,"comment_status":"closed","ping_status":"closed","template":"","meta":[],"product_cat":[45,42,41,83,84],"product_tag":[171],"class_list":["post-5726","product","type-product","status-publish","has-post-thumbnail","hentry","product_cat-industria-auto","product_cat-industria-de-producere-si-prelucrare","product_cat-servicii-de-curatenie","product_cat-sapun-si-odorizanti","product_cat-sapun-lichid","product_tag-sapun","pa_brand-sanitec"],"_links":{"self":[{"href":"https:\/\/toreco.md\/ru\/wp-json\/wp\/v2\/product\/5726","targetHints":{"allow":["GET"]}}],"collection":[{"href":"https:\/\/toreco.md\/ru\/wp-json\/wp\/v2\/product"}],"about":[{"href":"https:\/\/toreco.md\/ru\/wp-json\/wp\/v2\/types\/product"}],"replies":[{"embeddable":true,"href":"https:\/\/toreco.md\/ru\/wp-json\/wp\/v2\/comments?post=5726"}],"wp:featuredmedia":[{"embeddable":true,"href":"https:\/\/toreco.md\/ru\/wp-json\/wp\/v2\/media\/6731"}],"wp:attachment":[{"href":"https:\/\/toreco.md\/ru\/wp-json\/wp\/v2\/media?parent=5726"}],"wp:term":[{"taxonomy":"product_cat","embeddable":true,"href":"https:\/\/toreco.md\/ru\/wp-json\/wp\/v2\/product_cat?post=5726"},{"taxonomy":"product_tag","embeddable":true,"href":"https:\/\/toreco.md\/ru\/wp-json\/wp\/v2\/product_tag?post=5726"}],"curies":[{"name":"wp","href":"https:\/\/api.w.org\/{rel}","templated":true}]}}