{"id":5680,"date":"2021-06-15T10:58:32","date_gmt":"2021-06-15T07:58:32","guid":{"rendered":"https:\/\/toreco.md\/?post_type=product&#038;p=5680"},"modified":"2022-12-15T09:19:06","modified_gmt":"2022-12-15T07:19:06","slug":"rilan-crema-usor-abraziva-eco-baie-bucatarie","status":"publish","type":"product","link":"https:\/\/toreco.md\/ru\/product\/dupa-tip\/detergenti-si-dezinfectanti-profesionali\/curatare-pardoseli-si-suprafete\/rilan-crema-usor-abraziva-eco-baie-bucatarie\/","title":{"rendered":"RILAN, \u0430\u0431\u0440\u0430\u0437\u0438\u0432\u043d\u043e\u0435 \u0441\u0440\u0435\u0434\u0441\u0442\u0432\u043e \u0434\u043b\u044f \u0443\u0434\u0430\u043b\u0435\u043d\u0438\u044f \u0432\u044a\u0435\u0432\u0448\u0438\u0445\u0441\u044f \u0437\u0430\u0433\u0440\u044f\u0437\u043d\u0435\u043d\u0438\u0439"},"content":{"rendered":"<p>Rilan \u2013 \u0430\u0431\u0440\u0430\u0437\u0438\u0432\u043d\u043e\u0435 \u0441\u0440\u0435\u0434\u0441\u0442\u0432\u043e \u0434\u043b\u044f \u0443\u0434\u0430\u043b\u0435\u043d\u0438\u044f \u0432\u044a\u0435\u0432\u0448\u0438\u0445\u0441\u044f \u0437\u0430\u0433\u0440\u044f\u0437\u043d\u0435\u043d\u0438\u0439.<br \/>\n\u041c\u0435\u043b\u043a\u0438\u0439 \u0430\u0431\u0440\u0430\u0437\u0438\u0432 \u043e\u0431\u0435\u0441\u043f\u0435\u0447\u0438\u0432\u0430\u0435\u0442 \u043c\u044f\u0433\u043a\u043e\u0435 \u0438 \u043d\u0435\u0436\u043d\u043e\u0435 \u0443\u0434\u0430\u043b\u0435\u043d\u0438\u0435 \u0441\u0442\u043e\u0439\u043a\u0438\u0445 \u043f\u044f\u0442\u0435\u043d, \u0442\u0430\u043a\u0438\u0445 \u043a\u0430\u043a \u0441\u043b\u0435\u0434\u044b \u0432\u043e\u0434\u044b \u0438 \u0438\u0437\u0432\u0435\u0441\u0442\u043d\u044f\u043a\u043e\u0432\u044b\u0435 \u043e\u0442\u043b\u043e\u0436\u0435\u043d\u0438\u044f.<br \/>\n\u041e\u0431\u044a\u0435\u043c: 750ml<\/p>","protected":false},"excerpt":{"rendered":"<p>Rilan este un produs de cur\u0103\u021bat tip crem\u0103 ce con\u021bine agen\u021bi surfactan\u021bi speciali. Abraziunea fin\u0103 asigur\u0103 \u00eenl\u0103turarea u\u0219oar\u0103 \u0219i delicat\u0103 a petelor persistente cum ar fi urmele de ap\u0103, arsurile \u0219i depunerile de calcar. Cantitate: 750ml<\/p>","protected":false},"featured_media":6639,"comment_status":"closed","ping_status":"closed","template":"","meta":[],"product_cat":[34,44,43,40,41,46,71,79],"product_tag":[169],"class_list":["post-5680","product","type-product","status-publish","has-post-thumbnail","hentry","product_cat-hotel","product_cat-institutii-de-invatamint","product_cat-medicina","product_cat-restaurant-si-bucatarie","product_cat-servicii-de-curatenie","product_cat-sport-si-fitness","product_cat-detergenti-si-dezinfectanti-profesionali","product_cat-curatare-pardoseli-si-suprafete","product_tag-detergent","pa_brand-ecolab"],"_links":{"self":[{"href":"https:\/\/toreco.md\/ru\/wp-json\/wp\/v2\/product\/5680","targetHints":{"allow":["GET"]}}],"collection":[{"href":"https:\/\/toreco.md\/ru\/wp-json\/wp\/v2\/product"}],"about":[{"href":"https:\/\/toreco.md\/ru\/wp-json\/wp\/v2\/types\/product"}],"replies":[{"embeddable":true,"href":"https:\/\/toreco.md\/ru\/wp-json\/wp\/v2\/comments?post=5680"}],"wp:featuredmedia":[{"embeddable":true,"href":"https:\/\/toreco.md\/ru\/wp-json\/wp\/v2\/media\/6639"}],"wp:attachment":[{"href":"https:\/\/toreco.md\/ru\/wp-json\/wp\/v2\/media?parent=5680"}],"wp:term":[{"taxonomy":"product_cat","embeddable":true,"href":"https:\/\/toreco.md\/ru\/wp-json\/wp\/v2\/product_cat?post=5680"},{"taxonomy":"product_tag","embeddable":true,"href":"https:\/\/toreco.md\/ru\/wp-json\/wp\/v2\/product_tag?post=5680"}],"curies":[{"name":"wp","href":"https:\/\/api.w.org\/{rel}","templated":true}]}}