{"id":5594,"date":"2021-06-14T15:26:57","date_gmt":"2021-06-14T12:26:57","guid":{"rendered":"https:\/\/toreco.md\/?post_type=product&#038;p=5594"},"modified":"2024-11-05T13:24:12","modified_gmt":"2024-11-05T11:24:12","slug":"sanikal-detergent-anticalcar","status":"publish","type":"product","link":"https:\/\/toreco.md\/ru\/product\/dupa-tip\/detergenti-si-dezinfectanti-profesionali\/camera-de-baie-wc\/sanikal-detergent-anticalcar\/","title":{"rendered":"SANIKAL, \u0441\u0440\u0435\u0434\u0441\u0442\u0432\u043e \u043e\u0442 \u043d\u0430\u043a\u0438\u043f\u0438"},"content":{"rendered":"<p>\u0421\u0440\u0435\u0434\u0441\u0442\u0432\u043e \u043f\u0440\u043e\u0442\u0438\u0432 \u043d\u0430\u043a\u0438\u043f\u0438 \u0441 \u0430\u043d\u0442\u0438\u0431\u0430\u043a\u0442\u0435\u0440\u0438\u0430\u043b\u044c\u043d\u044b\u043c \u044d\u0444\u0444\u0435\u043a\u0442\u043e\u043c \u0434\u043b\u044f \u0443\u0434\u0430\u043b\u0435\u043d\u0438\u044f \u0438\u0437\u0432\u0435\u0441\u0442\u043d\u044f\u043a\u043e\u0432\u043e\u0439 \u0433\u0440\u044f\u0437\u0438, \u0441\u043b\u0435\u0434\u043e\u0432 \u043c\u044b\u043b\u0430 \u0438 \u043f\u044f\u0442\u0435\u043d \u0432\u043e\u0434\u044b \u0431\u0435\u0437 \u044d\u043d\u0435\u0440\u0433\u0438\u0447\u043d\u043e\u0433\u043e \u0442\u0440\u0435\u043d\u0438\u044f \u0441\u043e \u0432\u0441\u0435\u0445 \u043f\u043e\u0432\u0435\u0440\u0445\u043d\u043e\u0441\u0442\u0435\u0439 \u0438 \u0441\u0430\u043d\u0442\u0435\u0445\u043d\u0438\u043a\u0438, \u043a\u043e\u0442\u043e\u0440\u044b\u0435 \u043d\u0430\u0445\u043e\u0434\u044f\u0442\u0441\u044f \u0432 \u0432\u0430\u043d\u043d\u044b\u0445 \u043a\u043e\u043c\u043d\u0430\u0442\u0430\u0445.<br \/>\n\u041e\u0434\u043e\u0440\u0438\u0437\u0438\u0440\u0443\u044e\u0449\u0438\u0439 \u044d\u0444\u0444\u0435\u043a\u0442. \u0418\u0441\u043f\u043e\u043b\u044c\u0437\u043e\u0432\u0430\u043d\u0438\u0435: \u0440\u0430\u043a\u043e\u0432\u0438\u043d\u044b, \u0434\u0443\u0448\u0435\u0432\u044b\u0435 \u043a\u0430\u0431\u0438\u043d\u044b, \u043a\u0440\u0430\u043d\u044b, \u0445\u0440\u043e\u043c\u0438\u0440\u043e\u0432\u0430\u043d\u043d\u044b\u0435 \u043f\u043e\u0432\u0435\u0440\u0445\u043d\u043e\u0441\u0442\u0438, \u043a\u0435\u0440\u0430\u043c\u0438\u043a\u0430.<br \/>\n\u041e\u0431\u044a\u0435\u043c: 750ml<\/p>","protected":false},"excerpt":{"rendered":"<p>Detergent anticalcar cu efect antibacterian pentru \u00eendep\u0103rtarea murd\u0103riei calcaroase, urmelor de s\u0103pun \u0219i a petelor de ap\u0103 f\u0103r\u0103 o frecare energic\u0103 de pe toate suprafe\u021bele \u0219i obiectele sanitare care se g\u0103sesc \u00een b\u0103i. Efect odorizant. Utilizare: chiuvete, cabine de du\u0219, robinete, suprafe\u021be cromate, ceramic\u0103 etc. Cantitate: 750ml<\/p>","protected":false},"featured_media":5685,"comment_status":"closed","ping_status":"closed","template":"","meta":[],"product_cat":[34,44,43,40,41,46,71,78],"product_tag":[169],"class_list":["post-5594","product","type-product","status-publish","has-post-thumbnail","hentry","product_cat-hotel","product_cat-institutii-de-invatamint","product_cat-medicina","product_cat-restaurant-si-bucatarie","product_cat-servicii-de-curatenie","product_cat-sport-si-fitness","product_cat-detergenti-si-dezinfectanti-profesionali","product_cat-camera-de-baie-wc","product_tag-detergent","pa_brand-sanidet"],"_links":{"self":[{"href":"https:\/\/toreco.md\/ru\/wp-json\/wp\/v2\/product\/5594","targetHints":{"allow":["GET"]}}],"collection":[{"href":"https:\/\/toreco.md\/ru\/wp-json\/wp\/v2\/product"}],"about":[{"href":"https:\/\/toreco.md\/ru\/wp-json\/wp\/v2\/types\/product"}],"replies":[{"embeddable":true,"href":"https:\/\/toreco.md\/ru\/wp-json\/wp\/v2\/comments?post=5594"}],"wp:featuredmedia":[{"embeddable":true,"href":"https:\/\/toreco.md\/ru\/wp-json\/wp\/v2\/media\/5685"}],"wp:attachment":[{"href":"https:\/\/toreco.md\/ru\/wp-json\/wp\/v2\/media?parent=5594"}],"wp:term":[{"taxonomy":"product_cat","embeddable":true,"href":"https:\/\/toreco.md\/ru\/wp-json\/wp\/v2\/product_cat?post=5594"},{"taxonomy":"product_tag","embeddable":true,"href":"https:\/\/toreco.md\/ru\/wp-json\/wp\/v2\/product_tag?post=5594"}],"curies":[{"name":"wp","href":"https:\/\/api.w.org\/{rel}","templated":true}]}}