{"id":5462,"date":"2021-06-14T11:04:00","date_gmt":"2021-06-14T08:04:00","guid":{"rendered":"https:\/\/toreco.md\/?post_type=product&#038;p=5462"},"modified":"2025-02-28T13:42:49","modified_gmt":"2025-02-28T11:42:49","slug":"brillant-clatitor-pentru-masina-de-spalat-vase","status":"publish","type":"product","link":"https:\/\/toreco.md\/ru\/product\/dupa-tip\/detergenti-si-dezinfectanti-profesionali\/bucatarie\/brillant-clatitor-pentru-masina-de-spalat-vase\/","title":{"rendered":"BRILLANT, \u043e\u043f\u043e\u043b\u0430\u0441\u043a\u0438\u0432\u0430\u0442\u0435\u043b\u044c \u0434\u043b\u044f \u043f\u043e\u0441\u0443\u0434\u043e\u043c\u043e\u0435\u0447\u043d\u043e\u0439 \u043c\u0430\u0448\u0438\u043d\u044b"},"content":{"rendered":"<p>\u041e\u043f\u043e\u043b\u0430\u0441\u043a\u0438\u0432\u0430\u0442\u0435\u043b\u044c, \u0443\u0441\u043a\u043e\u0440\u044f\u0435\u0442 \u043f\u0440\u043e\u0446\u0435\u0441\u0441 \u0441\u0443\u0448\u043a\u0438 \u0438 \u043f\u0440\u0438\u0434\u0430\u0435\u0442 \u0431\u043b\u0435\u0441\u043a \u043f\u0440\u043e\u043c\u044b\u0442\u0443\u044e \u043f\u043e\u0441\u0443\u0434\u0443.<br \/>\n\u041e\u043d \u0438\u0441\u043f\u043e\u043b\u044c\u0437\u0443\u0435\u0442\u0441\u044f \u0432 \u0430\u0432\u0442\u043e\u043c\u0430\u0442\u0438\u0447\u0435\u0441\u043a\u0438\u0445 \u043f\u043e\u0441\u0443\u0434\u043e\u043c\u043e\u0435\u0447\u043d\u044b\u0445 \u043c\u0430\u0448\u0438\u043d\u0430\u0445 \u043d\u0430 \u044d\u0442\u0430\u043f\u0435 \u043f\u043e\u043b\u043e\u0441\u043a\u0430\u043d\u0438\u044f.<br \/>\n\u041e\u0431\u0435\u0441\u043f\u0435\u0447\u0438\u0432\u0430\u0435\u0442 \u043e\u0442\u043b\u0438\u0447\u043d\u0443\u044e \u0438 \u0431\u044b\u0441\u0442\u0440\u0443\u044e \u0441\u0443\u0448\u043a\u0443, \u043f\u0440\u0438\u0434\u0430\u0435\u0442 \u0431\u043b\u0435\u0441\u043a \u0441\u0442\u0430\u043a\u0430\u043d\u0430\u043c, \u0441\u0442\u043e\u043b\u043e\u0432\u044b\u043c \u043f\u0440\u0438\u0431\u043e\u0440\u0430\u043c \u0438 \u043f\u043e\u0441\u0443\u0434\u0435 \u0432 \u0446\u0435\u043b\u043e\u043c, \u043f\u0440\u0435\u0434\u043e\u0442\u0432\u0440\u0430\u0449\u0430\u0435\u0442 \u043e\u0431\u0440\u0430\u0437\u043e\u0432\u0430\u043d\u0438\u0435 \u043e\u0442\u043b\u043e\u0436\u0435\u043d\u0438\u0439.<br \/>\n\u041e\u0447\u0435\u043d\u044c \u044d\u0444\u0444\u0435\u043a\u0442\u0438\u0432\u0435\u043d \u0434\u0430\u0436\u0435 \u0434\u043b\u044f \u0436\u0435\u0441\u0442\u043a\u043e\u0439 \u0432\u043e\u0434\u044b.<br \/>\n\u041f\u0440\u0438\u043c\u0435\u043d\u0435\u043d\u0438\u0435: \u0440\u0435\u0441\u0442\u043e\u0440\u0430\u043d\u044b, \u043f\u043e\u0432\u0430\u0440\u0430, \u0441\u0442\u043e\u043b\u043e\u0432\u044b\u0435, \u043a\u0430\u0444\u0435, \u0431\u0430\u0440\u044b \u0438 \u0442.\u0434.<br \/>\n\u0421\u043f\u043e\u0441\u043e\u0431 \u043f\u0440\u0438\u043c\u0435\u043d\u0435\u043d\u0438\u044f: \u0432 \u043f\u043e\u0441\u0443\u0434\u043e\u043c\u043e\u0435\u0447\u043d\u044b\u0445 \u043c\u0430\u0448\u0438\u043d\u0430\u0445 \u0441\u043e \u0432\u0441\u0442\u0440\u043e\u0435\u043d\u043d\u044b\u043c \u0438\u0437\u043c\u0435\u0440\u0438\u0442\u0435\u043b\u044c\u043d\u044b\u043c \u0443\u0441\u0442\u0440\u043e\u0439\u0441\u0442\u0432\u043e\u043c (\u0434\u043e\u0437\u0438\u0440\u043e\u0432\u043a\u0430) \u0437\u0430\u043b\u0435\u0439\u0442\u0435 \u0440\u0430\u0441\u0442\u0432\u043e\u0440 \u0432 \u0441\u043e\u043e\u0442\u0432\u0435\u0442\u0441\u0442\u0432\u0443\u044e\u0449\u0438\u0439 \u0440\u0435\u0437\u0435\u0440\u0432\u0443\u0430\u0440.<br \/>\n\u00cen ma\u0219inile de sp\u0103lat vase cu un dispozitiv extern de m\u0103surare (dozare), \u00eentroduce\u021bi tubul de dozare \u00een recipientul cu solu\u021bia propriu-zis\u0103. Regla\u021bi tubul pentru unitatea de dozare de la 0,15 &#8211; 0,30 ml de solu\u021bie per litru de ap\u0103, \u00een func\u021bie de duritatea apei \u0219i tipul veselei.<br \/>\n\u041e\u0431\u044a\u0435\u043c: 5 \u043a\u0433<\/p>","protected":false},"excerpt":{"rendered":"<p>\u0416\u0438\u0434\u043a\u0438\u0439 \u043e\u043f\u043e\u043b\u0430\u0441\u043a\u0438\u0432\u0430\u0442\u0435\u043b\u044c \u0434\u043b\u044f \u0430\u0432\u0442\u043e\u043c\u0430\u0442\u0438\u0447\u0435\u0441\u043a\u0438\u0445 \u043f\u043e\u0441\u0443\u0434\u043e\u043c\u043e\u0435\u0447\u043d\u044b\u0445 \u043c\u0430\u0448\u0438\u043d.<\/p>","protected":false},"featured_media":5505,"comment_status":"closed","ping_status":"closed","template":"","meta":[],"product_cat":[34,40,41,71,74],"product_tag":[169],"class_list":["post-5462","product","type-product","status-publish","has-post-thumbnail","hentry","product_cat-hotel","product_cat-restaurant-si-bucatarie","product_cat-servicii-de-curatenie","product_cat-detergenti-si-dezinfectanti-profesionali","product_cat-bucatarie","product_tag-detergent","pa_brand-chem-italia"],"_links":{"self":[{"href":"https:\/\/toreco.md\/ru\/wp-json\/wp\/v2\/product\/5462","targetHints":{"allow":["GET"]}}],"collection":[{"href":"https:\/\/toreco.md\/ru\/wp-json\/wp\/v2\/product"}],"about":[{"href":"https:\/\/toreco.md\/ru\/wp-json\/wp\/v2\/types\/product"}],"replies":[{"embeddable":true,"href":"https:\/\/toreco.md\/ru\/wp-json\/wp\/v2\/comments?post=5462"}],"wp:featuredmedia":[{"embeddable":true,"href":"https:\/\/toreco.md\/ru\/wp-json\/wp\/v2\/media\/5505"}],"wp:attachment":[{"href":"https:\/\/toreco.md\/ru\/wp-json\/wp\/v2\/media?parent=5462"}],"wp:term":[{"taxonomy":"product_cat","embeddable":true,"href":"https:\/\/toreco.md\/ru\/wp-json\/wp\/v2\/product_cat?post=5462"},{"taxonomy":"product_tag","embeddable":true,"href":"https:\/\/toreco.md\/ru\/wp-json\/wp\/v2\/product_tag?post=5462"}],"curies":[{"name":"wp","href":"https:\/\/api.w.org\/{rel}","templated":true}]}}