{"id":5460,"date":"2021-06-14T10:58:21","date_gmt":"2021-06-14T07:58:21","guid":{"rendered":"https:\/\/toreco.md\/?post_type=product&#038;p=5460"},"modified":"2025-10-30T13:38:49","modified_gmt":"2025-10-30T11:38:49","slug":"stovi-net-detergent-pentru-vesela-cu-clor-pentru-masina-de-spalat-vase","status":"publish","type":"product","link":"https:\/\/toreco.md\/ru\/product\/dupa-tip\/detergenti-si-dezinfectanti-profesionali\/bucatarie\/stovi-net-detergent-pentru-vesela-cu-clor-pentru-masina-de-spalat-vase\/","title":{"rendered":"STOVI-NET, \u0416\u0438\u0434\u043a\u043e\u0435 \u043c\u043e\u044e\u0449\u0435\u0435 \u0441\u0440\u0435\u0434\u0441\u0442\u0432\u043e \u0441 \u0430\u043a\u0442\u0438\u0432\u043d\u044b\u043c \u0445\u043b\u043e\u0440\u043e\u043c \u0434\u043b\u044f \u0430\u0432\u0442\u043e\u043c\u0430\u0442\u0438\u0447\u0435\u0441\u043a\u0438\u0445 \u043f\u043e\u0441\u0443\u0434\u043e\u043c\u043e\u0435\u0447\u043d\u044b\u0445 \u043c\u0430\u0448\u0438\u043d"},"content":{"rendered":"<p>\u0416\u0438\u0434\u043a\u043e\u0435 \u043c\u043e\u044e\u0449\u0435\u0435 \u0441\u0440\u0435\u0434\u0441\u0442\u0432\u043e \u0441 \u0430\u043a\u0442\u0438\u0432\u043d\u044b\u043c \u0445\u043b\u043e\u0440\u043e\u043c \u0434\u043b\u044f \u0430\u0432\u0442\u043e\u043c\u0430\u0442\u0438\u0447\u0435\u0441\u043a\u0438\u0445 \u043f\u043e\u0441\u0443\u0434\u043e\u043c\u043e\u0435\u0447\u043d\u044b\u0445 \u043c\u0430\u0448\u0438\u043d u\u0430\u0440\u0430\u043d\u0442\u0438\u0440\u0443\u0435\u0442 \u0447\u0438\u0441\u0442\u043e\u0442\u0443 \u0438 \u0433\u0438\u0433\u0438\u0435\u043d\u0443 \u0442\u0430\u0440\u0435\u043b\u043e\u043a, \u0441\u0442\u0430\u043a\u0430\u043d\u043e\u0432, \u0441\u0442\u043e\u043b\u043e\u0432\u044b\u0445 \u043f\u0440\u0438\u0431\u043e\u0440\u043e\u0432 \u0438 \u043f\u043e\u0441\u0443\u0434\u044b \u0432 \u0446\u0435\u043b\u043e\u043c.<br \/>\n\u041e\u0442\u043b\u0438\u0447\u043d\u043e \u0440\u0430\u0431\u043e\u0442\u0430\u0435\u0442 \u0434\u0430\u0436\u0435 \u043f\u0440\u0438 \u0432\u044b\u0441\u043e\u043a\u043e\u0439  \u0436\u0451\u0441\u0442\u043a\u043e\u0441\u0442\u044c \u0432\u043e\u0434\u044b.<br \/>\n\u041e\u0431\u044a\u0435\u043c: 6 \u043a\u0433<\/p>","protected":false},"excerpt":{"rendered":"<p>Detergentul lichid cu clor activ, utilizat pentru ma\u0219ini automate de sp\u0103lat vase, asigur\u0103 cur\u0103\u021benia \u0219i igiena farfuriilor, paharelor, tac\u00e2murilor \u0219i a veselei \u00een general. Func\u021bioneaz\u0103 excelent chiar \u0219i \u00een ap\u0103 cu duritate mare. Cantitate: 6kg<\/p>","protected":false},"featured_media":6895,"comment_status":"closed","ping_status":"closed","template":"","meta":[],"product_cat":[34,40,41,71,74],"product_tag":[169],"class_list":["post-5460","product","type-product","status-publish","has-post-thumbnail","hentry","product_cat-hotel","product_cat-restaurant-si-bucatarie","product_cat-servicii-de-curatenie","product_cat-detergenti-si-dezinfectanti-profesionali","product_cat-bucatarie","product_tag-detergent","pa_brand-chem-italia"],"_links":{"self":[{"href":"https:\/\/toreco.md\/ru\/wp-json\/wp\/v2\/product\/5460","targetHints":{"allow":["GET"]}}],"collection":[{"href":"https:\/\/toreco.md\/ru\/wp-json\/wp\/v2\/product"}],"about":[{"href":"https:\/\/toreco.md\/ru\/wp-json\/wp\/v2\/types\/product"}],"replies":[{"embeddable":true,"href":"https:\/\/toreco.md\/ru\/wp-json\/wp\/v2\/comments?post=5460"}],"wp:featuredmedia":[{"embeddable":true,"href":"https:\/\/toreco.md\/ru\/wp-json\/wp\/v2\/media\/6895"}],"wp:attachment":[{"href":"https:\/\/toreco.md\/ru\/wp-json\/wp\/v2\/media?parent=5460"}],"wp:term":[{"taxonomy":"product_cat","embeddable":true,"href":"https:\/\/toreco.md\/ru\/wp-json\/wp\/v2\/product_cat?post=5460"},{"taxonomy":"product_tag","embeddable":true,"href":"https:\/\/toreco.md\/ru\/wp-json\/wp\/v2\/product_tag?post=5460"}],"curies":[{"name":"wp","href":"https:\/\/api.w.org\/{rel}","templated":true}]}}