{"id":5421,"date":"2021-06-11T17:00:26","date_gmt":"2021-06-11T14:00:26","guid":{"rendered":"https:\/\/toreco.md\/?post_type=product&#038;p=5421"},"modified":"2026-04-16T10:53:15","modified_gmt":"2026-04-16T07:53:15","slug":"okay-detergent-degresant-universal-suprafata-dura","status":"publish","type":"product","link":"https:\/\/toreco.md\/ru\/product\/dupa-tip\/detergenti-si-dezinfectanti-profesionali\/bucatarie\/okay-detergent-degresant-universal-suprafata-dura\/","title":{"rendered":"Okay, \u0443\u043d\u0438\u0432\u0435\u0440\u0441\u0430\u043b\u044c\u043d\u044b\u0439 \u043e\u0431\u0435\u0437\u0436\u0438\u0440\u0438\u0432\u0430\u0442\u0435\u043b\u044c \u0434\u043b\u044f \u0442\u0432\u0435\u0440\u0434\u044b\u0445 \u043f\u043e\u0432\u0435\u0440\u0445\u043d\u043e\u0441\u0442\u0435\u0439"},"content":{"rendered":"<p>\u0423\u043d\u0438\u0432\u0435\u0440\u0441\u0430\u043b\u044c\u043d\u043e\u0435 \u043e\u0431\u0435\u0437\u0436\u0438\u0440\u0438\u0432\u0430\u044e\u0449\u0435\u0435 \u0441\u0440\u0435\u0434\u0441\u0442\u0432\u043e \u044d\u0444\u0444\u0435\u043a\u0442\u0438\u0432\u043d\u043e \u0443\u0434\u0430\u043b\u044f\u0435\u0442 \u0433\u0440\u044f\u0437\u044c, \u0436\u0438\u0440, \u043c\u0430\u0441\u043b\u0430 \u0438 \u043e\u0440\u0433\u0430\u043d\u0438\u0447\u0435\u0441\u043a\u0438\u0439 \u043c\u0443\u0441\u043e\u0440 \u0441\u043e \u0432\u0441\u0435\u0445 \u043c\u043e\u044e\u0449\u0438\u0445\u0441\u044f \u043f\u043e\u0432\u0435\u0440\u0445\u043d\u043e\u0441\u0442\u0435\u0439: \u043f\u043b\u0430\u0441\u0442\u0438\u043a, \u043c\u0435\u0442\u0430\u043b\u043b, \u0440\u0435\u0437\u0438\u043d\u0430, \u043e\u043a\u0440\u0430\u0448\u0435\u043d\u043d\u044b\u0435 \u043f\u043e\u0432\u0435\u0440\u0445\u043d\u043e\u0441\u0442\u0438, \u043f\u043b\u0438\u0442\u043a\u0443, \u0444\u0430\u0440\u0444\u043e\u0440, \u044d\u043c\u0430\u043b\u0438\u0440\u043e\u0432\u0430\u043d\u043d\u044b\u0435 \u043f\u043e\u0432\u0435\u0440\u0445\u043d\u043e\u0441\u0442\u0438, \u0441\u0442\u0435\u043d\u044b \u0438 \u0442. \u0434.<br \/>\n\u041e\u0431\u044a\u0435\u043c: 750ml<\/p>","protected":false},"excerpt":{"rendered":"<p>Detergent universal de degresare \u00eendep\u0103rteaz\u0103 eficient murd\u0103ria, grasimile, uleiurile \u0219i resturile organice de pe toate suprafe\u021bele lavabile: plastic, metal, cauciuc, suprafete vopsite, gresie, por\u021belan, suprafe\u021be emailate, pere\u021bi, etc. Cantitate: 750ml<\/p>","protected":false},"featured_media":5531,"comment_status":"closed","ping_status":"closed","template":"","meta":[],"product_cat":[34,40,41,71,74],"product_tag":[169],"class_list":["post-5421","product","type-product","status-publish","has-post-thumbnail","hentry","product_cat-hotel","product_cat-restaurant-si-bucatarie","product_cat-servicii-de-curatenie","product_cat-detergenti-si-dezinfectanti-profesionali","product_cat-bucatarie","product_tag-detergent","pa_brand-chem-italia"],"_links":{"self":[{"href":"https:\/\/toreco.md\/ru\/wp-json\/wp\/v2\/product\/5421","targetHints":{"allow":["GET"]}}],"collection":[{"href":"https:\/\/toreco.md\/ru\/wp-json\/wp\/v2\/product"}],"about":[{"href":"https:\/\/toreco.md\/ru\/wp-json\/wp\/v2\/types\/product"}],"replies":[{"embeddable":true,"href":"https:\/\/toreco.md\/ru\/wp-json\/wp\/v2\/comments?post=5421"}],"wp:featuredmedia":[{"embeddable":true,"href":"https:\/\/toreco.md\/ru\/wp-json\/wp\/v2\/media\/5531"}],"wp:attachment":[{"href":"https:\/\/toreco.md\/ru\/wp-json\/wp\/v2\/media?parent=5421"}],"wp:term":[{"taxonomy":"product_cat","embeddable":true,"href":"https:\/\/toreco.md\/ru\/wp-json\/wp\/v2\/product_cat?post=5421"},{"taxonomy":"product_tag","embeddable":true,"href":"https:\/\/toreco.md\/ru\/wp-json\/wp\/v2\/product_tag?post=5421"}],"curies":[{"name":"wp","href":"https:\/\/api.w.org\/{rel}","templated":true}]}}