{"id":5410,"date":"2021-06-11T15:19:49","date_gmt":"2021-06-11T12:19:49","guid":{"rendered":"https:\/\/toreco.md\/?post_type=product&#038;p=5410"},"modified":"2022-03-29T10:24:13","modified_gmt":"2022-03-29T07:24:13","slug":"matic-clean-detergent-masina-de-spalat-vase","status":"publish","type":"product","link":"https:\/\/toreco.md\/ru\/product\/dupa-tip\/detergenti-si-dezinfectanti-profesionali\/bucatarie\/matic-clean-detergent-masina-de-spalat-vase\/","title":{"rendered":"Matic-clean, \u043c\u043e\u044e\u0449\u0435\u0435 \u0441\u0440\u0435\u0434\u0441\u0442\u0432\u043e \u0434\u043b\u044f \u043f\u043e\u0441\u0443\u0434\u043e\u043c\u043e\u0435\u0447\u043d\u043e\u0439 \u043c\u0430\u0448\u0438\u043d\u044b"},"content":{"rendered":"<p>\u0421\u0440\u0435\u0434\u0441\u0442\u0432\u043e \u0434\u043b\u044f \u043c\u044b\u0442\u044c\u044f \u043f\u043e\u0441\u0443\u0434\u044b \u0431\u044b\u043b\u043e \u0441\u043e\u0437\u0434\u0430\u043d\u043e \u0441\u043f\u0435\u0446\u0438\u0430\u043b\u044c\u043d\u043e \u0434\u043b\u044f \u0430\u0432\u0442\u043e\u043c\u0430\u0442\u0438\u0447\u0435\u0441\u043a\u043e\u0439 \u043c\u044b\u0442\u044c\u044f \u043f\u043e\u0441\u0443\u0434\u044b.<br \/>\n\u041e\u043d \u0433\u043b\u0443\u0431\u043e\u043a\u043e \u043e\u0447\u0438\u0449\u0430\u0435\u0442 \u0438 \u0443\u0441\u0442\u0440\u0430\u043d\u044f\u0435\u0442 \u0437\u0430\u043f\u0430\u0445\u0438.<br \/>\n\u041e\u0431\u044a\u0435\u043c: 12 \u043a\u0433<\/p>","protected":false},"excerpt":{"rendered":"<p>Detergent de vase a fost creat special pentru sp\u0103larea automat\u0103 a veselei. Degreseaz\u0103 \u00een profunzime \u0219i elimin\u0103 mirosurile nepl\u0103cute. Cantitate: 12kg<\/p>","protected":false},"featured_media":5541,"comment_status":"closed","ping_status":"closed","template":"","meta":[],"product_cat":[34,40,41,71,74],"product_tag":[169],"class_list":["post-5410","product","type-product","status-publish","has-post-thumbnail","hentry","product_cat-hotel","product_cat-restaurant-si-bucatarie","product_cat-servicii-de-curatenie","product_cat-detergenti-si-dezinfectanti-profesionali","product_cat-bucatarie","product_tag-detergent","pa_brand-chem-italia"],"_links":{"self":[{"href":"https:\/\/toreco.md\/ru\/wp-json\/wp\/v2\/product\/5410","targetHints":{"allow":["GET"]}}],"collection":[{"href":"https:\/\/toreco.md\/ru\/wp-json\/wp\/v2\/product"}],"about":[{"href":"https:\/\/toreco.md\/ru\/wp-json\/wp\/v2\/types\/product"}],"replies":[{"embeddable":true,"href":"https:\/\/toreco.md\/ru\/wp-json\/wp\/v2\/comments?post=5410"}],"wp:featuredmedia":[{"embeddable":true,"href":"https:\/\/toreco.md\/ru\/wp-json\/wp\/v2\/media\/5541"}],"wp:attachment":[{"href":"https:\/\/toreco.md\/ru\/wp-json\/wp\/v2\/media?parent=5410"}],"wp:term":[{"taxonomy":"product_cat","embeddable":true,"href":"https:\/\/toreco.md\/ru\/wp-json\/wp\/v2\/product_cat?post=5410"},{"taxonomy":"product_tag","embeddable":true,"href":"https:\/\/toreco.md\/ru\/wp-json\/wp\/v2\/product_tag?post=5410"}],"curies":[{"name":"wp","href":"https:\/\/api.w.org\/{rel}","templated":true}]}}