{"id":5408,"date":"2021-06-11T14:50:16","date_gmt":"2021-06-11T11:50:16","guid":{"rendered":"https:\/\/toreco.md\/?post_type=product&#038;p=5408"},"modified":"2023-02-28T13:25:40","modified_gmt":"2023-02-28T11:25:40","slug":"c-i-p-cleaner-detergent-alcalin-pentru-sectorul-alimentar","status":"publish","type":"product","link":"https:\/\/toreco.md\/ru\/product\/dupa-tip\/detergenti-si-dezinfectanti-profesionali\/industrie\/c-i-p-cleaner-detergent-alcalin-pentru-sectorul-alimentar\/","title":{"rendered":"C.I.P. CLEANER, \u043d\u0438\u0437\u043a\u043e\u043f\u0435\u043d\u043d\u043e\u0435 \u0449\u0435\u043b\u043e\u0447\u043d\u043e\u0435 \u043c\u043e\u044e\u0449\u0435\u0435 \u0441\u0440\u0435\u0434\u0441\u0442\u0432\u043e \u0434\u043b\u044f \u043f\u0438\u0449\u0435\u0432\u043e\u0439 \u043f\u0440\u043e\u043c\u044b\u0448\u043b\u0435\u043d\u043d\u043e\u0441\u0442\u0438"},"content":{"rendered":"<p>\u041d\u0438\u0437\u043a\u043e\u043f\u0435\u043d\u043d\u043e\u0435 \u0449\u0435\u043b\u043e\u0447\u043d\u043e\u0435 \u043c\u043e\u044e\u0449\u0435\u0435 \u0441\u0440\u0435\u0434\u0441\u0442\u0432\u043e \u0434\u043b\u044f \u043e\u0431\u043e\u0440\u0443\u0434\u043e\u0432\u0430\u043d\u0438\u044f \u0432 \u043f\u0438\u0449\u0435\u0432\u043e\u043c \u0441\u0435\u043a\u0442\u043e\u0440\u0435.<br \/>\n\u0421\u043f\u0435\u0446\u0438\u0430\u043b\u044c\u043d\u043e \u0440\u0430\u0437\u0440\u0430\u0431\u043e\u0442\u0430\u043d\u043e \u0434\u043b\u044f \u043c\u044b\u0442\u044c\u044f \u0440\u0435-\u0446\u0438\u0440\u043a\u0443\u043b\u044f\u0446\u0438\u043e\u043d\u043d\u044b\u043c \u043c\u0435\u0442\u043e\u0434\u043e\u043c.<br \/>\n\u0421\u0431\u0430\u043b\u0430\u043d\u0441\u0438\u0440\u043e\u0432\u0430\u043d\u043d\u044b\u0439 \u043f\u0440\u043e\u0434\u0443\u043a\u0442 \u0441 \u0432\u044b\u0441\u043e\u043a\u043e\u0439 \u043c\u043e\u044e\u0449\u0435\u0439 \u0441\u043f\u043e\u0441\u043e\u0431\u043d\u043e\u0441\u0442\u044c\u044e\u043e\u0442\u043b\u0438\u0447\u043d\u043e \u043e\u0442\u0441\u043b\u0430\u0438\u0432\u0430\u0435\u0442 \u0438 \u0443\u0434\u0430\u043b\u044f\u0435\u0442 \u0433\u0440\u044f\u0437\u044c.<br \/>\n\u041e\u0431\u044a\u0435\u043c: 30 \u043a\u0433<\/p>","protected":false},"excerpt":{"rendered":"<p>C.I.P. CLEANER detergent lichid alcalin utilizat \u00een sectorul alimentar. A fost creat special pentru sp\u0103lare cu metoda de recirculare. Este un produs complet cu eficien\u021b\u0103 sporit\u0103 de cur\u0103\u021bare. Cantitate: 30kg<\/p>","protected":false},"featured_media":5542,"comment_status":"closed","ping_status":"closed","template":"","meta":[],"product_cat":[42,71,76],"product_tag":[169],"class_list":["post-5408","product","type-product","status-publish","has-post-thumbnail","hentry","product_cat-industria-de-producere-si-prelucrare","product_cat-detergenti-si-dezinfectanti-profesionali","product_cat-industrie","product_tag-detergent","pa_brand-chem-italia"],"_links":{"self":[{"href":"https:\/\/toreco.md\/ru\/wp-json\/wp\/v2\/product\/5408","targetHints":{"allow":["GET"]}}],"collection":[{"href":"https:\/\/toreco.md\/ru\/wp-json\/wp\/v2\/product"}],"about":[{"href":"https:\/\/toreco.md\/ru\/wp-json\/wp\/v2\/types\/product"}],"replies":[{"embeddable":true,"href":"https:\/\/toreco.md\/ru\/wp-json\/wp\/v2\/comments?post=5408"}],"wp:featuredmedia":[{"embeddable":true,"href":"https:\/\/toreco.md\/ru\/wp-json\/wp\/v2\/media\/5542"}],"wp:attachment":[{"href":"https:\/\/toreco.md\/ru\/wp-json\/wp\/v2\/media?parent=5408"}],"wp:term":[{"taxonomy":"product_cat","embeddable":true,"href":"https:\/\/toreco.md\/ru\/wp-json\/wp\/v2\/product_cat?post=5408"},{"taxonomy":"product_tag","embeddable":true,"href":"https:\/\/toreco.md\/ru\/wp-json\/wp\/v2\/product_tag?post=5408"}],"curies":[{"name":"wp","href":"https:\/\/api.w.org\/{rel}","templated":true}]}}