{"id":5406,"date":"2021-06-11T14:40:30","date_gmt":"2021-06-11T11:40:30","guid":{"rendered":"https:\/\/toreco.md\/?post_type=product&#038;p=5406"},"modified":"2022-11-30T12:10:59","modified_gmt":"2022-11-30T10:10:59","slug":"de-as-detergent-alcalin-degresant","status":"publish","type":"product","link":"https:\/\/toreco.md\/ru\/product\/dupa-tip\/detergenti-si-dezinfectanti-profesionali\/industrie\/de-as-detergent-alcalin-degresant\/","title":{"rendered":"DE-AS, \u0449\u0435\u043b\u043e\u0447\u043d\u043e\u0435 \u0441\u0440\u0435\u0434\u0441\u0442\u0432\u043e \u0434\u043b\u044f \u043e\u0431\u0435\u0437\u0436\u0438\u0440\u0438\u0432\u0430\u043d\u0438\u044f"},"content":{"rendered":"<p>\u041f\u0435\u043d\u043d\u043e\u0435 \u0449\u0435\u043b\u043e\u0447\u043d\u043e\u0435 \u043c\u043e\u044e\u0449\u0435\u0435 \u0441\u0440\u0435\u0434\u0441\u0442\u0432\u043e \u0441 \u0432\u044b\u0441\u043e\u043a\u043e\u0439 \u043e\u0431\u0435\u0437\u0436\u0438\u0440\u0438\u0432\u0430\u044e\u0449\u0435\u0439 \u0441\u043f\u043e\u0441\u043e\u0431\u043d\u043e\u0441\u0442\u044c\u044e. \u0423\u0434\u0430\u043b\u044f\u0435\u0442 \u0437\u0430\u0433\u0440\u044f\u0437\u043d\u0435\u043d\u0438\u044f \u043e\u0440\u0433\u0430\u043d\u0438\u0447\u0435\u0441\u043a\u043e\u0433\u043e \u043f\u0440\u043e\u0438\u0441\u0445\u043e\u0436\u0434\u0435\u043d\u0438\u044f, \u0445\u0430\u0440\u0430\u043a\u0442\u0435\u0440\u043d\u044b\u0435 \u0434\u043b\u044f \u043f\u0438\u0449\u0435\u0432\u043e\u0439 \u043f\u0440\u043e\u043c\u044b\u0448\u043b\u0435\u043d\u043d\u043e\u0441\u0442\u0438.<br \/>\n\u041e\u0431\u044a\u0435\u043c: 30 \u043a\u0433<\/p>","protected":false},"excerpt":{"rendered":"<p>Degresant puternic alcalin, spumant, utilizat pentru \u00eendep\u0103rtarea de murd\u0103rii grosiere \u0219i reziduuri proteice de pe echipamentele \u0219i suprafe\u021bele din industria alimentar\u0103, dar \u0219i pentru eliminarea depunerilor organice. Cantitate: 30kg<\/p>","protected":false},"featured_media":5544,"comment_status":"closed","ping_status":"closed","template":"","meta":[],"product_cat":[42,71,76],"product_tag":[169],"class_list":["post-5406","product","type-product","status-publish","has-post-thumbnail","hentry","product_cat-industria-de-producere-si-prelucrare","product_cat-detergenti-si-dezinfectanti-profesionali","product_cat-industrie","product_tag-detergent","pa_brand-chem-italia"],"_links":{"self":[{"href":"https:\/\/toreco.md\/ru\/wp-json\/wp\/v2\/product\/5406","targetHints":{"allow":["GET"]}}],"collection":[{"href":"https:\/\/toreco.md\/ru\/wp-json\/wp\/v2\/product"}],"about":[{"href":"https:\/\/toreco.md\/ru\/wp-json\/wp\/v2\/types\/product"}],"replies":[{"embeddable":true,"href":"https:\/\/toreco.md\/ru\/wp-json\/wp\/v2\/comments?post=5406"}],"wp:featuredmedia":[{"embeddable":true,"href":"https:\/\/toreco.md\/ru\/wp-json\/wp\/v2\/media\/5544"}],"wp:attachment":[{"href":"https:\/\/toreco.md\/ru\/wp-json\/wp\/v2\/media?parent=5406"}],"wp:term":[{"taxonomy":"product_cat","embeddable":true,"href":"https:\/\/toreco.md\/ru\/wp-json\/wp\/v2\/product_cat?post=5406"},{"taxonomy":"product_tag","embeddable":true,"href":"https:\/\/toreco.md\/ru\/wp-json\/wp\/v2\/product_tag?post=5406"}],"curies":[{"name":"wp","href":"https:\/\/api.w.org\/{rel}","templated":true}]}}