{"id":5404,"date":"2021-06-11T14:19:41","date_gmt":"2021-06-11T11:19:41","guid":{"rendered":"https:\/\/toreco.md\/?post_type=product&#038;p=5404"},"modified":"2025-02-28T13:41:54","modified_gmt":"2025-02-28T11:41:54","slug":"flash-detergent-acid-spumant","status":"publish","type":"product","link":"https:\/\/toreco.md\/ru\/product\/dupa-tip\/detergenti-si-dezinfectanti-profesionali\/industrie\/flash-detergent-acid-spumant\/","title":{"rendered":"Flash, \u041f\u0435\u043d\u043d\u043e\u0435 \u043a\u0438\u0441\u043b\u043e\u0442\u043d\u043e\u0435 \u043c\u043e\u044e\u0449\u0435\u0435 \u0441\u0440\u0435\u0434\u0441\u0442\u0432\u043e"},"content":{"rendered":"<p>\u0420\u0430\u0441\u0442\u0432\u043e\u0440 \u044d\u0444\u0444\u0435\u043a\u0442\u0438\u0432\u043d\u043e \u0443\u0434\u0430\u043b\u044f\u0435\u0442 \u043c\u043e\u043b\u043e\u0447\u043d\u044b\u0439 \u043a\u0430\u043c\u0435\u043d\u044c, \u043a\u0430\u0437\u0435\u0438\u043d\u043e\u0432\u044b\u0435 \u043e\u0442\u043b\u043e\u0436\u0435\u043d\u0438\u044f \u0438 \u0434\u0440\u0443\u0433\u0438\u0435 \u0432\u0438\u0434\u044b \u043e\u0442\u043b\u043e\u0436\u0435\u043d\u0438\u0439 \u043c\u0438\u043d\u0435\u0440\u0430\u043b\u044c\u043d\u043e\u0433\u043e \/ \u0431\u0435\u043b\u043a\u043e\u0432\u043e\u0433\u043e \u0445\u0430\u0440\u0430\u043a\u0442\u0435\u0440\u0430, \u043e\u0431\u043e\u0440\u0443\u0434\u043e\u0432\u0430\u043d\u0438\u0435 \u0434\u043b\u044f \u043f\u0440\u043e\u0438\u0437\u0432\u043e\u0434\u0441\u0442\u0432\u0430 \u043c\u043e\u0440\u043e\u0436\u0435\u043d\u043e\u0433\u043e \u0438, \u043a\u0430\u043a \u043f\u0440\u0430\u0432\u0438\u043b\u043e, \u043e\u0431\u043e\u0440\u0443\u0434\u043e\u0432\u0430\u043d\u0438\u0435, \u0438\u0441\u043f\u043e\u043b\u044c\u0437\u0443\u0435\u043c\u043e\u0435 \u0432 \u043f\u0438\u0449\u0435\u0432\u043e\u0439 \u043f\u0440\u043e\u043c\u044b\u0448\u043b\u0435\u043d\u043d\u043e\u0441\u0442\u0438.<br \/>\n\u0418\u0441\u043f\u043e\u043b\u044c\u0437\u0443\u0435\u0442\u0441\u044f \u0432 \u0431\u043e\u0439\u043d\u044f\u0445, \u043d\u0430 \u043f\u0440\u0435\u0434\u043f\u0440\u0438\u044f\u0442\u0438\u044f\u0445 \u043f\u043e \u043f\u0440\u043e\u0438\u0437\u0432\u043e\u0434\u0441\u0442\u0432\u0443 \u0438 \u043f\u0435\u0440\u0435\u0440\u0430\u0431\u043e\u0442\u043a\u0435 \u043c\u044f\u0441\u0430 \u0438 \u043a\u043e\u043b\u0431\u0430\u0441, \u043a\u043e\u043d\u0434\u0438\u0442\u0435\u0440\u0441\u043a\u0438\u0445 \u0438\u0437\u0434\u0435\u043b\u0438\u0439, \u043c\u043e\u0440\u043e\u0436\u0435\u043d\u043e\u0433\u043e, \u0440\u044b\u0431\u044b \u0438 \u0434\u0440.<br \/>\n\u0421\u043f\u043e\u0441\u043e\u0431 \u0438\u0441\u043f\u043e\u043b\u044c\u0437\u043e\u0432\u0430\u043d\u0438\u044f:<br \/>\n\u0427\u0438\u0441\u0442\u043a\u0430 \u0438\u043d\u0441\u0442\u0440\u0443\u043c\u0435\u043d\u0442\u043e\u0432: \u0414\u043e\u0431\u0430\u0432\u0438\u0442\u044c \u043e\u0442 100 \u0434\u043e 200 \u043c\u043b \u0441\u0440\u0435\u0434\u0441\u0442\u0432\u0430 \u043d\u0430 \u043a\u0430\u0436\u0434\u044b\u0439 \u043b\u0438\u0442\u0440 \u0432\u043e\u0434\u044b. \u041f\u043e\u043c\u0435\u0441\u0442\u0438\u0442\u044c \u0438\u043d\u0441\u0442\u0440\u0443\u043c\u0435\u043d\u0442\u044b \u0432 \u043f\u043e\u043b\u0443\u0447\u0435\u043d\u043d\u044b\u0439 \u0440\u0430\u0441\u0442\u0432\u043e\u0440, \u0432\u044b\u0434\u0435\u0440\u0436\u0430\u0442\u044c \u043d\u0435\u0441\u043a\u043e\u043b\u044c\u043a\u043e \u043c\u0438\u043d\u0443\u0442. \u041f\u0440\u0438 \u043d\u0435\u043e\u0431\u043e\u0434\u0438\u043c\u043e\u0441\u0442\u0438 \u0438\u0441\u043f\u043e\u043b\u044c\u0437\u043e\u0432\u0430\u0442\u044c \u0434\u043b\u044f \u043e\u0447\u0438\u0441\u0442\u043a\u0438 \u0449\u0451\u0442\u043a\u0443. \u041f\u043e \u043e\u043a\u043e\u043d\u0447\u0430\u043d\u0438\u0438 \u043e\u043f\u0435\u0440\u0430\u0446\u0438\u0438 \u043f\u0440\u043e\u043c\u044b\u0442\u044c \u043f\u0440\u043e\u0442\u043e\u0447\u043d\u043e\u0439 \u0432\u043e\u0434\u043e\u0439.<br \/>\n\u041f\u0430\u0441\u0442\u0435\u0440\u0438\u0437\u0430\u0442\u043e\u0440\u044b \u0438 \u043e\u0431\u043e\u0440\u0443\u0434\u043e\u0432\u0430\u043d\u0438\u0435 \u0434\u043b\u044f \u043f\u0440\u043e\u0438\u0437\u0432\u043e\u0434\u0441\u0442\u0432\u0430 \u043c\u043e\u0440\u043e\u0436\u0435\u043d\u043d\u043e\u0433\u043e: \u0418\u0441\u043f\u043e\u043b\u044c\u0437\u043e\u0432\u0430\u0442\u044c \u043e\u0442 20 \u0434\u043e 100 \u043c\u043b \u0441\u0440\u0435\u0434\u0441\u0442\u0432\u0430 \u043d\u0430 \u043a\u0430\u0436\u0434\u044b\u0439 \u043b\u0438\u0442\u0440 \u0432\u043e\u0434\u044b, \u043e\u0441\u0442\u0430\u0432\u0438\u0442\u044c \u0440\u0430\u0441\u0442\u0432\u043e\u0440 \u0434\u043b\u044f \u0446\u0438\u0440\u043a\u0443\u043b\u044f\u0446\u0438\u0438 \u0432 \u0441\u0438\u0441\u0442\u0435\u043c\u0435 \u043d\u0430 15-30 \u043c\u0438\u043d\u0443\u0442, \u043f\u043e\u0441\u043b\u0435 \u0447\u0435\u0433\u043e \u0441\u043b\u0438\u0442\u044c \u043c\u043e\u044e\u0449\u0438\u0439 \u0440\u0430\u0441\u0442\u0432\u043e\u0440 \u0438 \u043f\u0440\u043e\u043c\u044b\u0442\u044c \u0447\u0438\u0441\u0442\u043e\u0439 \u0432\u043e\u0434\u043e\u0439.<br \/>\n\u041f\u043e\u043b\u044b \u0438 \u043f\u043e\u0432\u0435\u0440\u0445\u043d\u043e\u0441\u0442\u0438: \u0418\u0441\u043f\u043e\u043b\u044c\u0437\u043e\u0432\u0430\u0442\u044c \u0432 \u0432\u0438\u0434\u0435 \u0440\u0430\u0441\u0442\u0432\u043e\u0440\u0430 50-100 \u043c\u043b \u0441\u0440\u0435\u0434\u0441\u0442\u0432\u0430 \u043d\u0430 \u043a\u0430\u0436\u0434\u044b\u0439 \u043b\u0438\u0442\u0440 \u0432\u043e\u0434\u044b. \u0420\u0430\u0432\u043d\u043e\u043c\u0435\u0440\u043d\u043e \u043d\u0430\u043d\u0435\u0441\u0442\u0438 \u043d\u0430 \u043f\u043e\u0432\u0435\u0440\u0445\u043d\u043e\u0441\u0442\u044c, \u0432\u044b\u0434\u0435\u0440\u0436\u0430\u0442\u044c \u043d\u0435\u043a\u043e\u0442\u043e\u0440\u043e\u0435 \u0432\u0440\u0435\u043c\u044f. \u041f\u0440\u0438 \u043d\u0435\u043e\u0431\u0445\u043e\u0434\u0438\u043c\u043e\u0441\u0442\u0438 \u043f\u0440\u043e\u0442\u0435\u0440\u0435\u0442\u044c \u0447\u0438\u0441\u0442\u043e\u0439 \u0442\u043a\u0430\u043d\u044c\u044e \u0438\u043b\u0438 \u0433\u0443\u0431\u043a\u043e\u0439, \u043f\u043e\u0441\u043b\u0435 \u0447\u0435\u0433\u043e \u043e\u0431\u0438\u043b\u044c\u043d\u043e \u043f\u0440\u043e\u043c\u044b\u0442\u044c \u0432\u043e\u0434\u043e\u0439.<br \/>\n\u041e\u0431\u044a\u0435\u043c: 10 \u043a\u0433<\/p>","protected":false},"excerpt":{"rendered":"<p>Solu\u021bia indep\u0103rteaz\u0103 eficient piatra de lapte, sedimentele de cazein\u0103 \u0219i alte tipuri de depuneri de natur\u0103 mineral\u0103 \/ proteic\u0103, pentru echipamentele de producere de \u00eenghe\u021bat\u0103 \u0219i \u00een general echipamentele utilizate \u00een industria alimentar\u0103. Este utilizat\u0103 \u00een abatoare, la \u00eentreprinderele de producere \u0219i prelucrare a c\u0103rni \u0219i mezelurilor, produselor de patiserie, \u00eenghe\u021batei, pe\u0219telui etc. Mod de [&hellip;]<\/p>","protected":false},"featured_media":5546,"comment_status":"closed","ping_status":"closed","template":"","meta":[],"product_cat":[42,71,76],"product_tag":[169],"class_list":["post-5404","product","type-product","status-publish","has-post-thumbnail","hentry","product_cat-industria-de-producere-si-prelucrare","product_cat-detergenti-si-dezinfectanti-profesionali","product_cat-industrie","product_tag-detergent","pa_brand-chem-italia"],"_links":{"self":[{"href":"https:\/\/toreco.md\/ru\/wp-json\/wp\/v2\/product\/5404","targetHints":{"allow":["GET"]}}],"collection":[{"href":"https:\/\/toreco.md\/ru\/wp-json\/wp\/v2\/product"}],"about":[{"href":"https:\/\/toreco.md\/ru\/wp-json\/wp\/v2\/types\/product"}],"replies":[{"embeddable":true,"href":"https:\/\/toreco.md\/ru\/wp-json\/wp\/v2\/comments?post=5404"}],"wp:featuredmedia":[{"embeddable":true,"href":"https:\/\/toreco.md\/ru\/wp-json\/wp\/v2\/media\/5546"}],"wp:attachment":[{"href":"https:\/\/toreco.md\/ru\/wp-json\/wp\/v2\/media?parent=5404"}],"wp:term":[{"taxonomy":"product_cat","embeddable":true,"href":"https:\/\/toreco.md\/ru\/wp-json\/wp\/v2\/product_cat?post=5404"},{"taxonomy":"product_tag","embeddable":true,"href":"https:\/\/toreco.md\/ru\/wp-json\/wp\/v2\/product_tag?post=5404"}],"curies":[{"name":"wp","href":"https:\/\/api.w.org\/{rel}","templated":true}]}}