{"id":5382,"date":"2021-06-11T11:29:07","date_gmt":"2021-06-11T08:29:07","guid":{"rendered":"https:\/\/toreco.md\/?post_type=product&#038;p=5382"},"modified":"2022-03-30T09:25:57","modified_gmt":"2022-03-30T06:25:57","slug":"inject-foam-detergent-covoare-si-tesaturi-de-mobila","status":"publish","type":"product","link":"https:\/\/toreco.md\/ru\/product\/dupa-tip\/detergenti-si-dezinfectanti-profesionali\/covoare-si-mochete\/inject-foam-detergent-covoare-si-tesaturi-de-mobila\/","title":{"rendered":"Inject-Foam, \u043c\u043e\u044e\u0449\u0435\u0435 \u0441\u0440\u0435\u0434\u0441\u0442\u0432\u043e \u0434\u043b\u044f \u043a\u043e\u0432\u0440\u043e\u0432 \u0438 \u043c\u0435\u0431\u0435\u043b\u044c\u043d\u044b\u0445 \u0442\u043a\u0430\u043d\u0435\u0439"},"content":{"rendered":"<p>\u041f\u0435\u043d\u043d\u043e\u0435 \u043c\u043e\u044e\u0449\u0435\u0435 \u0441\u0440\u0435\u0434\u0441\u0442\u0432\u043e \u0441 \u043f\u0430\u0440\u0444\u044e\u043c\u0435\u0440\u043d\u043e\u0439 \u043e\u0442\u0434\u0443\u0448\u043a\u043e\u0439, \u043f\u0440\u0435\u0434\u043d\u0430\u0437\u043d\u0430\u0447\u0435\u043d\u043d\u043e\u0435 \u0434\u043b\u044f \u0447\u0438\u0441\u0442\u043a\u0438 \u043a\u043e\u0432\u0440\u043e\u0432, \u043f\u0430\u043b\u0430\u0441\u043e\u0432, \u043e\u0431\u0438\u0432\u043a\u0438 \u043c\u044f\u0433\u043a\u043e\u0439 \u043c\u0435\u0431\u0435\u043b\u0438 \u0438 \u0441\u0438\u0434\u0435\u043d\u0438\u0439 \u0430\u0432\u0442\u043e\u043c\u043e\u0431\u0438\u043b\u0435\u0439.<br \/>\nSe aplic\u0103 prin metoda &#8220;spum\u0103 uscat\u0103&#8221;. Cur\u0103\u021b\u0103 delicat, elimin\u00e2nd petele de origine organic\u0103 \u0219i alte tipuri de murd\u0103rie.<br \/>\n\u041e\u043d \u0443\u043b\u0443\u0447\u0448\u0430\u0435\u0442 \u0446\u0432\u0435\u0442\u0430 \u0438 \u043f\u043e\u0434\u0445\u043e\u0434\u0438\u0442 \u0434\u043b\u044f \u0432\u0441\u0435\u0445 \u0432\u0438\u0434\u043e\u0432 \u0442\u043a\u0430\u043d\u0435\u0439.<br \/>\n\u041e\u0431\u044a\u0435\u043c: 10 \u043a\u0433<\/p>","protected":false},"excerpt":{"rendered":"<p>\u041f\u0435\u043d\u043d\u043e\u0435 \u043c\u043e\u044e\u0449\u0435\u0435 \u0441\u0440\u0435\u0434\u0441\u0442\u0432\u043e \u0441 \u043f\u0430\u0440\u0444\u044e\u043c\u0435\u0440\u043d\u043e\u0439 \u043e\u0442\u0434\u0443\u0448\u043a\u043e\u0439, \u043f\u0440\u0435\u0434\u043d\u0430\u0437\u043d\u0430\u0447\u0435\u043d\u043d\u043e\u0435 \u0434\u043b\u044f \u0447\u0438\u0441\u0442\u043a\u0438 \u043a\u043e\u0432\u0440\u043e\u0432, \u043f\u0430\u043b\u0430\u0441\u043e\u0432, \u043e\u0431\u0438\u0432\u043a\u0438 \u043c\u044f\u0433\u043a\u043e\u0439 \u043c\u0435\u0431\u0435\u043b\u0438 \u0438 \u0441\u0438\u0434\u0435\u043d\u0438\u0439 \u0430\u0432\u0442\u043e\u043c\u043e\u0431\u0438\u043b\u0435\u0439. <\/p>","protected":false},"featured_media":5564,"comment_status":"closed","ping_status":"closed","template":"","meta":[],"product_cat":[34,40,41,71,75],"product_tag":[169],"class_list":["post-5382","product","type-product","status-publish","has-post-thumbnail","hentry","product_cat-hotel","product_cat-restaurant-si-bucatarie","product_cat-servicii-de-curatenie","product_cat-detergenti-si-dezinfectanti-profesionali","product_cat-covoare-si-mochete","product_tag-detergent","pa_brand-chem-italia"],"_links":{"self":[{"href":"https:\/\/toreco.md\/ru\/wp-json\/wp\/v2\/product\/5382","targetHints":{"allow":["GET"]}}],"collection":[{"href":"https:\/\/toreco.md\/ru\/wp-json\/wp\/v2\/product"}],"about":[{"href":"https:\/\/toreco.md\/ru\/wp-json\/wp\/v2\/types\/product"}],"replies":[{"embeddable":true,"href":"https:\/\/toreco.md\/ru\/wp-json\/wp\/v2\/comments?post=5382"}],"wp:featuredmedia":[{"embeddable":true,"href":"https:\/\/toreco.md\/ru\/wp-json\/wp\/v2\/media\/5564"}],"wp:attachment":[{"href":"https:\/\/toreco.md\/ru\/wp-json\/wp\/v2\/media?parent=5382"}],"wp:term":[{"taxonomy":"product_cat","embeddable":true,"href":"https:\/\/toreco.md\/ru\/wp-json\/wp\/v2\/product_cat?post=5382"},{"taxonomy":"product_tag","embeddable":true,"href":"https:\/\/toreco.md\/ru\/wp-json\/wp\/v2\/product_tag?post=5382"}],"curies":[{"name":"wp","href":"https:\/\/api.w.org\/{rel}","templated":true}]}}