{"id":5374,"date":"2021-06-11T10:43:37","date_gmt":"2021-06-11T07:43:37","guid":{"rendered":"https:\/\/toreco.md\/?post_type=product&#038;p=5374"},"modified":"2025-08-25T10:03:02","modified_gmt":"2025-08-25T07:03:02","slug":"maxx2-brial-detergent-pentru-suprafete-si-geamuri","status":"publish","type":"product","link":"https:\/\/toreco.md\/ru\/product\/dupa-tip\/detergenti-si-dezinfectanti-profesionali\/sticla-geamuri-oglinzi\/maxx2-brial-detergent-pentru-suprafete-si-geamuri\/","title":{"rendered":"Maxx2 Brial, \u043c\u043e\u044e\u0449\u0435\u0435 \u0441\u0440\u0435\u0434\u0441\u0442\u0432\u043e \u0434\u043b\u044f \u043f\u043e\u0432\u0435\u0440\u0445\u043d\u043e\u0441\u0442\u0435\u0439 \u0438 \u0441\u0442\u0435\u043a\u043e\u043b"},"content":{"rendered":"<p>\u0418\u043d\u043d\u043e\u0432\u0430\u0446\u0438\u043e\u043d\u043d\u043e\u0435 \u043c\u043e\u044e\u0449\u0435\u0435 \u0441\u0440\u0435\u0434\u0441\u0442\u0432\u043e\u0441\u0443\u043f\u0435\u0440 \u0443\u0432\u043b\u0430\u0436\u043d\u0438\u0442\u0435\u043b\u044c \u0434\u043b\u044f \u043e\u0447\u0438\u0441\u0442\u043a\u0438 \u043f\u043e\u0432\u0435\u0440\u0445\u043d\u043e\u0441\u0442\u0435\u0439 \u0438 \u043e\u043a\u043e\u043d.<br \/>\nExtrem de concentrat, (produs neclasificat CLP &#8211; f\u0103r\u0103 clasificare CLP \u00eenseamn\u0103 c\u0103 nu este necesar echipament de protectie personal\u0103) nu necesit\u0103 purtarea de echipament de protec\u021bie \u0219i nici cl\u0103tirea ulterioar\u0103 a suprafe\u021bei pe care este aplicat.<br \/>\n\u0421\u043c\u0435\u0441\u044c \u0441\u043f\u0438\u0440\u0442\u0430 \u0438 \u0430\u043a\u0442\u0438\u0432\u043d\u044b\u0445 \u0438\u043d\u0433\u0440\u0435\u0434\u0438\u0435\u043d\u0442\u043e\u0432 \u043e\u0431\u0435\u0441\u043f\u0435\u0447\u0438\u0432\u0430\u0435\u0442 \u043e\u0442\u043b\u0438\u0447\u043d\u044b\u0435 \u0440\u0435\u0437\u0443\u043b\u044c\u0442\u0430\u0442\u044b \u043d\u0430 \u0433\u043b\u044f\u043d\u0446\u0435\u0432\u044b\u0445 \u043f\u043e\u0432\u0435\u0440\u0445\u043d\u043e\u0441\u0442\u044f\u0445 \u0438 \u043f\u043e\u043b\u0430\u0445.<br \/>\n\u041e\u0442\u043b\u0438\u0447\u043d\u0430\u044f \u0441\u043e\u0432\u043c\u0435\u0441\u0442\u0438\u043c\u043e\u0441\u0442\u044c, \u0438\u043c\u0435\u044f \u0444\u043e\u0440\u043c\u0443\u043b\u0443, \u043a\u043e\u0442\u043e\u0440\u0430\u044f \u043d\u0435 \u043e\u0441\u0442\u0430\u0432\u043b\u044f\u0435\u0442 \u0441\u043b\u0435\u0434\u043e\u0432.<br \/>\n\u041e\u0431\u044a\u0435\u043c: 1 \u043b<\/p>","protected":false},"excerpt":{"rendered":"<p>\u0418\u043d\u043d\u043e\u0432\u0430\u0446\u0438\u043e\u043d\u043d\u043e\u0435 \u043c\u043e\u044e\u0449\u0435\u0435 \u0441\u0440\u0435\u0434\u0441\u0442\u0432\u043e\u0441\u0443\u043f\u0435\u0440 \u0443\u0432\u043b\u0430\u0436\u043d\u0438\u0442\u0435\u043b\u044c \u0434\u043b\u044f \u043e\u0447\u0438\u0441\u0442\u043a\u0438 \u043f\u043e\u0432\u0435\u0440\u0445\u043d\u043e\u0441\u0442\u0435\u0439 \u0438 \u043e\u043a\u043e\u043d. <\/p>","protected":false},"featured_media":5587,"comment_status":"closed","ping_status":"closed","template":"","meta":[],"product_cat":[45,34,42,44,43,40,41,46,71,73],"product_tag":[169],"class_list":["post-5374","product","type-product","status-publish","has-post-thumbnail","hentry","product_cat-industria-auto","product_cat-hotel","product_cat-industria-de-producere-si-prelucrare","product_cat-institutii-de-invatamint","product_cat-medicina","product_cat-restaurant-si-bucatarie","product_cat-servicii-de-curatenie","product_cat-sport-si-fitness","product_cat-detergenti-si-dezinfectanti-profesionali","product_cat-sticla-geamuri-oglinzi","product_tag-detergent","pa_brand-ecolab"],"_links":{"self":[{"href":"https:\/\/toreco.md\/ru\/wp-json\/wp\/v2\/product\/5374","targetHints":{"allow":["GET"]}}],"collection":[{"href":"https:\/\/toreco.md\/ru\/wp-json\/wp\/v2\/product"}],"about":[{"href":"https:\/\/toreco.md\/ru\/wp-json\/wp\/v2\/types\/product"}],"replies":[{"embeddable":true,"href":"https:\/\/toreco.md\/ru\/wp-json\/wp\/v2\/comments?post=5374"}],"wp:featuredmedia":[{"embeddable":true,"href":"https:\/\/toreco.md\/ru\/wp-json\/wp\/v2\/media\/5587"}],"wp:attachment":[{"href":"https:\/\/toreco.md\/ru\/wp-json\/wp\/v2\/media?parent=5374"}],"wp:term":[{"taxonomy":"product_cat","embeddable":true,"href":"https:\/\/toreco.md\/ru\/wp-json\/wp\/v2\/product_cat?post=5374"},{"taxonomy":"product_tag","embeddable":true,"href":"https:\/\/toreco.md\/ru\/wp-json\/wp\/v2\/product_tag?post=5374"}],"curies":[{"name":"wp","href":"https:\/\/api.w.org\/{rel}","templated":true}]}}