{"id":5363,"date":"2021-06-10T17:11:31","date_gmt":"2021-06-10T14:11:31","guid":{"rendered":"https:\/\/toreco.md\/?post_type=product&#038;p=5363"},"modified":"2024-02-27T13:16:57","modified_gmt":"2024-02-27T11:16:57","slug":"lavanderia-d-02-enzimatico-detergent-enzimatic-rufe","status":"publish","type":"product","link":"https:\/\/toreco.md\/ru\/product\/dupa-tip\/detergenti-si-dezinfectanti-profesionali\/textile\/lavanderia-d-02-enzimatico-detergent-enzimatic-rufe\/","title":{"rendered":"Lavanderia D-02 Enzimatico, \u044d\u043d\u0437\u0438\u043c\u043d\u043e\u0435 \u043c\u043e\u044e\u0449\u0435\u0435 \u0441\u0440\u0435\u0434\u0441\u0442\u0432\u043e"},"content":{"rendered":"<p>\u042d\u0444\u0444\u0435\u043a\u0442\u0438\u0432\u043d\u043e \u0438 \u0433\u043b\u0443\u0431\u043e\u043a\u043e \u043e\u0447\u0438\u0449\u0430\u0435\u0442 \u043e\u0440\u0433\u0430\u043d\u0438\u0447\u0435\u0441\u043a\u0443\u044e \u0438 \u043d\u0435\u043e\u0440\u0433\u0430\u043d\u0438\u0447\u0435\u0441\u043a\u0443\u044e \u0433\u0440\u044f\u0437\u044c, \u043d\u0435 \u0432\u043b\u0438\u044f\u044f \u043d\u0430 \u0441\u0442\u0440\u0443\u043a\u0442\u0443\u0440\u0443 \u0442\u043a\u0430\u043d\u0435\u0439.<br \/>\n\u0421\u043f\u0435\u0446\u0438\u0430\u043b\u044c\u043d\u0430\u044f \u0444\u043e\u0440\u043c\u0443\u043b\u0430 \u043f\u0440\u043e\u0434\u0443\u043a\u0442\u0430 \u043e\u0431\u0435\u0441\u043f\u0435\u0447\u0438\u0432\u0430\u0435\u0442 \u043e\u0442\u043b\u0438\u0447\u043d\u0443\u044e \u0441\u0442\u0438\u0440\u043a\u0443 \u0434\u0430\u0436\u0435 \u043f\u0440\u0438 \u043d\u0438\u0437\u043a\u0438\u0445 \u0442\u0435\u043c\u043f\u0435\u0440\u0430\u0442\u0443\u0440\u0430\u0445.<br \/>\n\u0420\u0435\u043a\u043e\u043c\u0435\u043d\u0434\u0443\u0435\u0442\u0441\u044f \u0434\u043b\u044f \u0432\u0441\u0435\u0445 \u0442\u0438\u043f\u043e\u0432 \u0442\u043a\u0430\u043d\u0435\u0439. \u0420\u0430\u0437\u0431\u0430\u0432\u043b\u044f\u0435\u0442\u0441\u044f \u0432 \u0432\u043e\u0434\u0435 \u043f\u0440\u0435\u0432\u043e\u0441\u0445\u043e\u0434\u043d\u043e, \u0447\u0442\u043e \u043f\u043e\u0437\u0432\u043e\u043b\u044f\u0435\u0442 \u0438\u0437\u0431\u0435\u0436\u0430\u0442\u044c \u043e\u0441\u0430\u0436\u0434\u0435\u043d\u0438\u044f \u043c\u043e\u044e\u0449\u0438\u0445 \u0441\u0440\u0435\u0434\u0441\u0442\u0432 \u043d\u0430 \u0442\u043a\u0430\u043d\u0438.<br \/>\nPentru o eficien\u0163\u0103 optim\u0103 utiliza\u0163i produsul \u00een combina\u0163ie cu Lavanderia O &#8211; 02 Oxygen.<br \/>\n\u041c\u043e\u044e\u0449\u0435\u0435 \u0441\u0440\u0435\u0434\u0441\u0442\u0432\u043e \u043c\u043e\u0436\u043d\u043e \u0438\u0441\u043f\u043e\u043b\u044c\u0437\u043e\u0432\u0430\u0442\u044c \u043d\u0430 \u0432\u0441\u0435\u0445 \u0442\u0438\u043f\u0430\u0445 \u0442\u043a\u0430\u043d\u0435\u0439 \u043b\u044e\u0431\u044b\u0445 \u0446\u0432\u0435\u0442\u043e\u0432: \u0441\u043a\u0430\u0442\u0435\u0440\u0442\u0438, \u0431\u0435\u043b\u044c\u0435, \u0445\u0430\u043b\u0430\u0442\u044b, \u043f\u043e\u043b\u043e\u0442\u0435\u043d\u0446\u0430 \u0438. \u0442. \u0434.<br \/>\n\u041e\u0431\u043b\u0430\u0441\u0442\u044c \u0438\u0441\u043f\u043e\u043b\u044c\u0437\u043e\u0432\u0430\u043d\u0438\u044f: \u043f\u0440\u043e\u0444\u0435\u0441\u0441\u0438\u043e\u043d\u0430\u043b\u044c\u043d\u044b\u0435 \u043f\u0440\u0430\u0447\u0435\u0447\u043d\u044b\u0435, \u0433\u043e\u0441\u0442\u0438\u043d\u0438\u0447\u043d\u0430\u044f \u0438\u043d\u0434\u0443\u0441\u0442\u0440\u0438\u044f, \u0431\u043e\u043b\u044c\u043d\u0438\u0446\u044b, \u0430\u0433\u0440\u043e\u043f\u0440\u043e\u0434\u043e\u0432\u043e\u043b\u044c\u0441\u0442\u0432\u0435\u043d\u043d\u0430\u044f \u043f\u0440\u043e\u043c\u044b\u0448\u043b\u0435\u043d\u043d\u043e\u0441\u0442\u044c, \u0442\u0435\u043a\u0441\u0442\u0438\u043b\u044c\u043d\u0430\u044f \u043f\u0440\u043e\u043c\u044b\u0448\u043b\u0435\u043d\u043d\u043e\u0441\u0442\u044c, \u0441\u0438\u0441\u0442\u0435\u043c\u0430 Ho.Re.Ca \u0438 \u0442. \u0434<br \/>\n\u041e\u0431\u044a\u0435\u043c: 20 \u043a\u0433<\/p>","protected":false},"excerpt":{"rendered":"<p>\u041c\u043e\u044e\u0449\u0435\u0435 \u0441\u0440\u0435\u0434\u0441\u0442\u0432\u043e \u043d\u0430 \u043e\u0441\u043d\u043e\u0432\u0435 \u0444\u0435\u0440\u043c\u0435\u043d\u0442\u043e\u0432 \u0440\u0435\u043a\u043e\u043c\u0435\u043d\u0434\u0443\u0435\u0442\u0441\u044f \u0434\u043b\u044f \u0441\u0442\u0438\u0440\u043a\u0438 \u0431\u0435\u043b\u043e\u0433\u043e \u0438\u043b\u0438 \u0446\u0432\u0435\u0442\u043d\u043e\u0433\u043e \u0431\u0435\u043b\u044c\u044f \u0432 \u0441\u0442\u0438\u0440\u0430\u043b\u044c\u043d\u043e\u0439 \u043c\u0430\u0448\u0438\u043d\u0435 \u0438\u043b\u0438 \u0432\u0440\u0443\u0447\u043d\u0443\u044e. <\/p>","protected":false},"featured_media":5631,"comment_status":"closed","ping_status":"closed","template":"","meta":[],"product_cat":[34,40,41,71,72],"product_tag":[169],"class_list":["post-5363","product","type-product","status-publish","has-post-thumbnail","hentry","product_cat-hotel","product_cat-restaurant-si-bucatarie","product_cat-servicii-de-curatenie","product_cat-detergenti-si-dezinfectanti-profesionali","product_cat-textile","product_tag-detergent","pa_brand-sanidet"],"_links":{"self":[{"href":"https:\/\/toreco.md\/ru\/wp-json\/wp\/v2\/product\/5363","targetHints":{"allow":["GET"]}}],"collection":[{"href":"https:\/\/toreco.md\/ru\/wp-json\/wp\/v2\/product"}],"about":[{"href":"https:\/\/toreco.md\/ru\/wp-json\/wp\/v2\/types\/product"}],"replies":[{"embeddable":true,"href":"https:\/\/toreco.md\/ru\/wp-json\/wp\/v2\/comments?post=5363"}],"wp:featuredmedia":[{"embeddable":true,"href":"https:\/\/toreco.md\/ru\/wp-json\/wp\/v2\/media\/5631"}],"wp:attachment":[{"href":"https:\/\/toreco.md\/ru\/wp-json\/wp\/v2\/media?parent=5363"}],"wp:term":[{"taxonomy":"product_cat","embeddable":true,"href":"https:\/\/toreco.md\/ru\/wp-json\/wp\/v2\/product_cat?post=5363"},{"taxonomy":"product_tag","embeddable":true,"href":"https:\/\/toreco.md\/ru\/wp-json\/wp\/v2\/product_tag?post=5363"}],"curies":[{"name":"wp","href":"https:\/\/api.w.org\/{rel}","templated":true}]}}