{"id":5355,"date":"2021-06-10T16:31:35","date_gmt":"2021-06-10T13:31:35","guid":{"rendered":"https:\/\/toreco.md\/?post_type=product&#038;p=5355"},"modified":"2025-05-27T15:10:39","modified_gmt":"2025-05-27T12:10:39","slug":"lavanderia-a-01-basic-detergent-alcalin-tesaturi","status":"publish","type":"product","link":"https:\/\/toreco.md\/ru\/product\/dupa-tip\/detergenti-si-dezinfectanti-profesionali\/textile\/lavanderia-a-01-basic-detergent-alcalin-tesaturi\/","title":{"rendered":"Lavanderia A-01 Basic, \u0449\u0435\u043b\u043e\u0447\u043d\u043e\u0435 \u043c\u043e\u044e\u0449\u0435\u0435 \u0441\u0440\u0435\u0434\u0441\u0442\u0432\u043e \u0434\u043b\u044f \u0442\u043a\u0430\u043d\u0438"},"content":{"rendered":"<p>\u0416\u0438\u0434\u043a\u043e\u0435, \u043a\u043e\u043d\u0446\u0435\u043d\u0442\u0440\u0438\u0440\u043e\u0432\u0430\u043d\u043d\u043e\u0435, \u0449\u0435\u043b\u043e\u0447\u043d\u043e\u0435 \u043c\u043e\u044e\u0449\u0435\u0435 \u0441\u0440\u0435\u0434\u0441\u0442\u0432\u043e \u0438\u0441\u043f\u043e\u043b\u044c\u0437\u0443\u0435\u0442\u0441\u044f \u0434\u043b\u044f \u0441\u0442\u0438\u0440\u043a\u0438 \u0431\u0435\u043b\u044c\u044f, \u043d\u0435\u0437\u0430\u0432\u0438\u0441\u0438\u043c\u043e \u043e\u0442 \u0446\u0432\u0435\u0442\u0430 \u0438\u043b\u0438 \u0442\u043a\u0430\u043d\u0438.<br \/>\nH\u0435 \u0432\u043b\u0438\u044f\u0435\u0442 \u043d\u0430 \u0442\u043a\u0430\u043d\u0438. \u0420\u0435\u043a\u043e\u043c\u0435\u043d\u0434\u0443\u0435\u0442\u0441\u044f \u0438\u0441\u043f\u043e\u043b\u044c\u0437\u043e\u0432\u0430\u0442\u044c \u0432 \u0441\u043e\u0447\u0435\u0442\u0430\u043d\u0438\u0438 \u0441 Lavanderia Clor \u043d\u0430 \u044d\u0442\u0430\u043f\u0435 \u0441\u0442\u0438\u0440\u043a\u0438 \u0445\u043b\u043e\u043f\u0447\u0430\u0442\u043e\u0431\u0443\u043c\u0430\u0436\u043d\u044b\u0445, \u0441\u0438\u043d\u0442\u0435\u0442\u0438\u0447\u0435\u0441\u043a\u0438\u0445 \u0438\u043b\u0438 \u0441\u043c\u0435\u0448\u0430\u043d\u043d\u044b\u0445 \u0442\u043a\u0430\u043d\u0435\u0439.<br \/>\nLavanderia Basic \u044d\u0444\u0444\u0435\u043a\u0442\u0438\u0432\u043d\u043e \u0443\u0434\u0430\u043b\u044f\u0435\u0442 \u043d\u0435\u043e\u0440\u0433\u0430\u043d\u0438\u0447\u0435\u0441\u043a\u0438\u0435 \u043f\u044f\u0442\u043d\u0430, \u043d\u0435\u0437\u0430\u0432\u0438\u0441\u0438\u043c\u043e \u043e\u0442 \u0442\u0438\u043f\u0430 \u0442\u043a\u0430\u043d\u0438 \u0438\u043b\u0438 \u0438\u0445 \u0446\u0432\u0435\u0442\u0430.<br \/>\n\u041f\u0435\u0440\u0435\u0434 \u0438\u0441\u043f\u043e\u043b\u044c\u0437\u043e\u0432\u0430\u043d\u0438\u0435\u043c \u0440\u0435\u043a\u043e\u043c\u0435\u043d\u0434\u0443\u0435\u0442\u0441\u044f \u043f\u0440\u043e\u0447\u0438\u0442\u0430\u0442\u044c \u044d\u0442\u0438\u043a\u0435\u0442\u043a\u0438, \u043f\u0440\u0438\u043a\u0440\u0435\u043f\u043b\u0435\u043d\u043d\u044b\u0435 \u043a \u0442\u043a\u0430\u043d\u044f\u043c, \u043a\u043e\u0442\u043e\u0440\u044b\u0435 \u043d\u0435\u043e\u0431\u0445\u043e\u0434\u0438\u043c\u043e \u043c\u044b\u0442\u044c. \u041c\u043e\u044e\u0449\u0435\u0435 \u0441\u0440\u0435\u0434\u0441\u0442\u0432\u043e \u0438\u0441\u043f\u043e\u043b\u044c\u0437\u0443\u0435\u0442\u0441\u044f \u0432 \u0447\u0438\u0441\u0442\u044f\u0449\u0438\u0445 \u0441\u0440\u0435\u0434\u0441\u0442\u0432\u0430\u0445, \u0433\u043e\u0441\u0442\u0438\u043d\u0438\u0447\u043d\u043e\u0439 \u043f\u0440\u043e\u043c\u044b\u0448\u043b\u0435\u043d\u043d\u043e\u0441\u0442\u0438, \u0430\u0433\u0440\u043e\u043f\u0440\u043e\u0434\u043e\u0432\u043e\u043b\u044c\u0441\u0442\u0432\u0435\u043d\u043d\u043e\u0439 \u043f\u0440\u043e\u043c\u044b\u0448\u043b\u0435\u043d\u043d\u043e\u0441\u0442\u0438, \u0442\u0435\u043a\u0441\u0442\u0438\u043b\u044c\u043d\u043e\u0439 \u043f\u0440\u043e\u043c\u044b\u0448\u043b\u0435\u043d\u043d\u043e\u0441\u0442\u0438, \u0441\u0438\u0441\u0442\u0435\u043c\u044b Ho.Re.Ca \u0431\u043e\u043b\u044c\u043d\u0438\u0446\u044b,  \u0438 \u0442. \u0434.<br \/>\n\u041e\u0431\u044a\u0435\u043c: 25 \u043a\u0433<\/p>","protected":false},"excerpt":{"rendered":"<p>Detergentul lichid, concentrat, alcalin, este folosit pentru spalarea rufelor, indiferent de culoare sau \u021besut. Nu afecteaz\u0103 \u021bes\u0103turile. Se recomand\u0103 a fi utilizat \u00een combina\u021bie cu Lavanderia Clor la etapa de presp\u0103lare a \u021besuturilor din bumbac, sintetice sau mixte. Lavanderia Basic elimin\u0103 \u00een mod eficient petele anorganice, indiferent de tipul de \u021bes\u0103tur\u0103 sau de culoarea acestora. [&hellip;]<\/p>","protected":false},"featured_media":5638,"comment_status":"closed","ping_status":"closed","template":"","meta":[],"product_cat":[34,40,41,71,72],"product_tag":[169],"class_list":["post-5355","product","type-product","status-publish","has-post-thumbnail","hentry","product_cat-hotel","product_cat-restaurant-si-bucatarie","product_cat-servicii-de-curatenie","product_cat-detergenti-si-dezinfectanti-profesionali","product_cat-textile","product_tag-detergent","pa_brand-sanidet"],"_links":{"self":[{"href":"https:\/\/toreco.md\/ru\/wp-json\/wp\/v2\/product\/5355","targetHints":{"allow":["GET"]}}],"collection":[{"href":"https:\/\/toreco.md\/ru\/wp-json\/wp\/v2\/product"}],"about":[{"href":"https:\/\/toreco.md\/ru\/wp-json\/wp\/v2\/types\/product"}],"replies":[{"embeddable":true,"href":"https:\/\/toreco.md\/ru\/wp-json\/wp\/v2\/comments?post=5355"}],"wp:featuredmedia":[{"embeddable":true,"href":"https:\/\/toreco.md\/ru\/wp-json\/wp\/v2\/media\/5638"}],"wp:attachment":[{"href":"https:\/\/toreco.md\/ru\/wp-json\/wp\/v2\/media?parent=5355"}],"wp:term":[{"taxonomy":"product_cat","embeddable":true,"href":"https:\/\/toreco.md\/ru\/wp-json\/wp\/v2\/product_cat?post=5355"},{"taxonomy":"product_tag","embeddable":true,"href":"https:\/\/toreco.md\/ru\/wp-json\/wp\/v2\/product_tag?post=5355"}],"curies":[{"name":"wp","href":"https:\/\/api.w.org\/{rel}","templated":true}]}}