{"id":5109,"date":"2021-06-09T10:09:16","date_gmt":"2021-06-09T07:09:16","guid":{"rendered":"https:\/\/toreco.md\/?post_type=product&#038;p=5109"},"modified":"2026-01-15T13:16:30","modified_gmt":"2026-01-15T11:16:30","slug":"lingurita-biodegradabila","status":"publish","type":"product","link":"https:\/\/toreco.md\/ru\/product\/dupa-domeniul-de-activitate\/hotel\/lingurita-biodegradabila\/","title":{"rendered":"\u041b\u043e\u0436\u043a\u0430, \u0431\u0438\u043e\u0440\u0430\u0437\u043b\u0430\u0433\u0430\u0435\u043c\u0430\u044f"},"content":{"rendered":"<p>\u041e\u0434\u043d\u043e\u0440\u0430\u0437\u043e\u0432\u0430\u044f \u043b\u043e\u0436\u043a\u0430 \u0438\u0437\u0433\u043e\u0442\u043e\u0432\u043b\u0435\u043d\u0430 \u0438\u0437 CPLA, \u0442\u0435\u0440\u043c\u043e\u0441\u0442\u043e\u0439\u043a\u043e\u0433\u043e \u0438 \u0441\u0442\u0430\u0431\u0438\u043b\u044c\u043d\u043e\u0433\u043e \u043c\u0430\u0442\u0435\u0440\u0438\u0430\u043b\u0430, \u043f\u043e\u043b\u0443\u0447\u0435\u043d\u043d\u043e\u0433\u043e \u0438\u0437 \u043a\u0443\u043a\u0443\u0440\u0443\u0437\u043d\u043e\u0433\u043e \u043a\u0440\u0430\u0445\u043c\u0430\u043b\u0430.<br \/>\n100% \u043a\u043e\u043c\u043f\u043e\u0441\u0442\u0438\u0440\u0443\u0435\u043c\u044b\u0439, \u043e\u0447\u0435\u043d\u044c \u043f\u0440\u043e\u0447\u043d\u044b\u0439 \u0438 \u0443\u0441\u0442\u043e\u0439\u0447\u0438\u0432\u044b\u0439 \u043a \u043f\u043e\u043b\u043e\u043c\u043a\u0435.<br \/>\n\u0411\u0438\u043e\u0440\u0430\u0437\u043b\u0430\u0433\u0430\u0435\u043c\u044b\u0439 \u0438 \u0431\u0435\u0437\u043e\u043f\u0430\u0441\u043d\u044b\u0439 \u0434\u043b\u044f \u043f\u0438\u0449\u0435\u0432\u044b\u0445 \u043f\u0440\u043e\u0434\u0443\u043a\u0442\u043e\u0432.<br \/>\n\u0414\u043b\u0438\u043d\u0430: 16,5 \u0441\u043c<br \/>\n\u041a\u043e\u043b\u0438\u0447\u0435\u0441\u0442\u0432\u043e \u0448\u0442\u0443\u043a \u043d\u0430\u0431\u043e\u0440: 50<\/p>","protected":false},"excerpt":{"rendered":"<p>Lingura de unic\u0103 folosin\u021b\u0103 este fabricat\u0103 din CPLA, un material rezistent la c\u0103ldur\u0103 \u0219i stabil derivat din amidon de porumb. 100% compostabil, foarte robust \u0219i rezistent la rupere. Este complet biodegradabil \u0219i sigur pentru alimente. Lungime: 16,5cm Num\u0103r buc\u0103\u021bi set: 50<\/p>","protected":false},"featured_media":5110,"comment_status":"closed","ping_status":"closed","template":"","meta":[],"product_cat":[34,44,43,40,46],"product_tag":[168],"class_list":["post-5109","product","type-product","status-publish","has-post-thumbnail","hentry","product_cat-hotel","product_cat-institutii-de-invatamint","product_cat-medicina","product_cat-restaurant-si-bucatarie","product_cat-sport-si-fitness","product_tag-biodegradabil","pa_brand-naturestar"],"_links":{"self":[{"href":"https:\/\/toreco.md\/ru\/wp-json\/wp\/v2\/product\/5109","targetHints":{"allow":["GET"]}}],"collection":[{"href":"https:\/\/toreco.md\/ru\/wp-json\/wp\/v2\/product"}],"about":[{"href":"https:\/\/toreco.md\/ru\/wp-json\/wp\/v2\/types\/product"}],"replies":[{"embeddable":true,"href":"https:\/\/toreco.md\/ru\/wp-json\/wp\/v2\/comments?post=5109"}],"wp:featuredmedia":[{"embeddable":true,"href":"https:\/\/toreco.md\/ru\/wp-json\/wp\/v2\/media\/5110"}],"wp:attachment":[{"href":"https:\/\/toreco.md\/ru\/wp-json\/wp\/v2\/media?parent=5109"}],"wp:term":[{"taxonomy":"product_cat","embeddable":true,"href":"https:\/\/toreco.md\/ru\/wp-json\/wp\/v2\/product_cat?post=5109"},{"taxonomy":"product_tag","embeddable":true,"href":"https:\/\/toreco.md\/ru\/wp-json\/wp\/v2\/product_tag?post=5109"}],"curies":[{"name":"wp","href":"https:\/\/api.w.org\/{rel}","templated":true}]}}