{"id":5105,"date":"2021-06-09T09:58:16","date_gmt":"2021-06-09T06:58:16","guid":{"rendered":"https:\/\/toreco.md\/?post_type=product&#038;p=5105"},"modified":"2026-01-15T13:19:13","modified_gmt":"2026-01-15T11:19:13","slug":"furculita-biodegradabila","status":"publish","type":"product","link":"https:\/\/toreco.md\/ru\/product\/dupa-domeniul-de-activitate\/hotel\/furculita-biodegradabila\/","title":{"rendered":"\u0412\u0438\u043b\u043a\u0430 \u0431\u0438\u043e\u0440\u0430\u0437\u043b\u0430\u0433\u0430\u0435\u043c\u0430\u044f"},"content":{"rendered":"<p>\u0412\u0438\u043b\u043a\u0430 Nature Star Organic \u0438\u0437\u0433\u043e\u0442\u043e\u0432\u043b\u0435\u043d\u0430 \u0438\u0437 \u0431\u0438\u043e\u0440\u0430\u0437\u043b\u0430\u0433\u0430\u0435\u043c\u043e\u0433\u043e \u043e\u0440\u0433\u0430\u043d\u0438\u0447\u0435\u0441\u043a\u043e\u0433\u043e \u043f\u043b\u0430\u0441\u0442\u0438\u043a\u0430, \u0438\u0437\u0432\u0435\u0441\u0442\u043d\u043e\u0433\u043e \u043a\u0430\u043a CPLA.<br \/>\nCPLA sunt polilactide cristalizate (acizi lactici) \u0219i sunt fabricate din resurse 100% regenerabile &#8211; \u00een principal din amidon de porumb. Cristalizarea face tac\u00e2murile bio deosebit de stabile \u0219i rezistente la c\u0103ldur\u0103 p\u00e2n\u0103 la 90 \u00b0 C.<br \/>\n\u0422\u0430\u043a\u0438\u043c \u043e\u0431\u0440\u0430\u0437\u043e\u043c, \u043e\u0434\u043d\u043e\u0440\u0430\u0437\u043e\u0432\u0430\u044f \u0432\u0438\u043b\u043a\u0430 \u043f\u043e\u043b\u043d\u043e\u0441\u0442\u044c\u044e \u0431\u0438\u043e\u0440\u0430\u0437\u043b\u0430\u0433\u0430\u0435\u043c\u0430 \u0438 \u0431\u0435\u0437\u043e\u043f\u0430\u0441\u043d\u0430 \u0434\u043b\u044f \u043f\u0438\u0449\u0435\u0432\u044b\u0445 \u043f\u0440\u043e\u0434\u0443\u043a\u0442\u043e\u0432.<br \/>\n\u0414\u043b\u0438\u043d\u0430: 16,5 \u0441\u043c<br \/>\n\u041a\u043e\u043b\u0438\u0447\u0435\u0441\u0442\u0432\u043e \u0448\u0442\u0443\u043a \u043d\u0430\u0431\u043e\u0440: 50<\/p>","protected":false},"excerpt":{"rendered":"<p>\u0412\u0438\u043b\u043a\u0430 Nature Star Organic \u0438\u0437\u0433\u043e\u0442\u043e\u0432\u043b\u0435\u043d\u0430 \u0438\u0437 \u0431\u0438\u043e\u0440\u0430\u0437\u043b\u0430\u0433\u0430\u0435\u043c\u043e\u0433\u043e \u043e\u0440\u0433\u0430\u043d\u0438\u0447\u0435\u0441\u043a\u043e\u0433\u043e \u043f\u043b\u0430\u0441\u0442\u0438\u043a\u0430, \u0438\u0437\u0432\u0435\u0441\u0442\u043d\u043e\u0433\u043e \u043a\u0430\u043a CPLA.<\/p>","protected":false},"featured_media":5106,"comment_status":"closed","ping_status":"closed","template":"","meta":[],"product_cat":[34,44,43,40,46],"product_tag":[168],"class_list":["post-5105","product","type-product","status-publish","has-post-thumbnail","hentry","product_cat-hotel","product_cat-institutii-de-invatamint","product_cat-medicina","product_cat-restaurant-si-bucatarie","product_cat-sport-si-fitness","product_tag-biodegradabil","pa_brand-naturestar"],"_links":{"self":[{"href":"https:\/\/toreco.md\/ru\/wp-json\/wp\/v2\/product\/5105","targetHints":{"allow":["GET"]}}],"collection":[{"href":"https:\/\/toreco.md\/ru\/wp-json\/wp\/v2\/product"}],"about":[{"href":"https:\/\/toreco.md\/ru\/wp-json\/wp\/v2\/types\/product"}],"replies":[{"embeddable":true,"href":"https:\/\/toreco.md\/ru\/wp-json\/wp\/v2\/comments?post=5105"}],"wp:featuredmedia":[{"embeddable":true,"href":"https:\/\/toreco.md\/ru\/wp-json\/wp\/v2\/media\/5106"}],"wp:attachment":[{"href":"https:\/\/toreco.md\/ru\/wp-json\/wp\/v2\/media?parent=5105"}],"wp:term":[{"taxonomy":"product_cat","embeddable":true,"href":"https:\/\/toreco.md\/ru\/wp-json\/wp\/v2\/product_cat?post=5105"},{"taxonomy":"product_tag","embeddable":true,"href":"https:\/\/toreco.md\/ru\/wp-json\/wp\/v2\/product_tag?post=5105"}],"curies":[{"name":"wp","href":"https:\/\/api.w.org\/{rel}","templated":true}]}}