{"id":5103,"date":"2021-06-09T09:51:45","date_gmt":"2021-06-09T06:51:45","guid":{"rendered":"https:\/\/toreco.md\/?post_type=product&#038;p=5103"},"modified":"2026-01-15T13:18:21","modified_gmt":"2026-01-15T11:18:21","slug":"pahar-biodegradabil","status":"publish","type":"product","link":"https:\/\/toreco.md\/ru\/product\/dupa-domeniul-de-activitate\/hotel\/pahar-biodegradabil\/","title":{"rendered":"\u0421\u0442\u0430\u043a\u0430\u043d, \u0431\u0438\u043e\u0440\u0430\u0437\u043b\u0430\u0433\u0430\u0435\u043c\u044b\u0439"},"content":{"rendered":"<p>\u0411\u0438\u043e\u0440\u0430\u0437\u043b\u0430\u0433\u0430\u0435\u043c\u044b\u0439 \u0441\u0442\u0430\u043a\u0430\u043d Natural \u0441\u043e\u0441\u0442\u043e\u0438\u0442 \u0438\u0437 \u044d\u043a\u043e\u043b\u043e\u0433\u0438\u0447\u0435\u0441\u043a\u0438 \u0447\u0438\u0441\u0442\u043e\u0433\u043e \u043c\u0430\u0442\u0435\u0440\u0438\u0430\u043b\u0430 \u0438 \u043a\u043e\u043c\u043f\u043e\u0441\u0442\u0438\u0440\u0443\u0435\u0442\u0441\u044f.<br \/>\n\u0411\u043b\u0430\u0433\u043e\u0434\u0430\u0440\u044f PLA-\u043f\u043e\u043a\u0440\u044b\u0442\u0438\u044e \u043e\u043d \u043e\u0431\u043b\u0430\u0434\u0430\u0435\u0442 \u043f\u043e\u0432\u044b\u0448\u0435\u043d\u043d\u043e\u0439 \u043d\u0435\u043f\u0440\u043e\u043d\u0438\u0446\u0430\u0435\u043c\u043e\u0441\u0442\u044c\u044e \u0438 \u043f\u043e\u044d\u0442\u043e\u043c\u0443 \u0442\u0430\u043a\u0436\u0435 \u0438\u0434\u0435\u0430\u043b\u044c\u043d\u043e \u043f\u043e\u0434\u0445\u043e\u0434\u0438\u0442 \u0434\u043b\u044f \u0433\u043e\u0440\u044f\u0447\u0438\u0445 \u043d\u0430\u043f\u0438\u0442\u043a\u043e\u0432.<br \/>\n\u041a\u043e\u043b\u0438\u0447\u0435\u0441\u0442\u0432\u043e \u0448\u0442\u0443\u043a \u043d\u0430\u0431\u043e\u0440: 50<br \/>\n\u0415\u043c\u043a\u043e\u0441\u0442\u044c: 0,2 \u043b<\/p>","protected":false},"excerpt":{"rendered":"<p>Paharul biodegradabil Natural const\u0103 dintr-un material ecologic \u0219i este compostabil. Datorit\u0103 acoperirii PLA, are o impermeabilitate crescut\u0103 \u0219i, prin urmare, este ideal \u0219i pentru b\u0103uturile calde. Num\u0103r buc\u0103\u021bi set: 50 Capacitate: 0,2l<\/p>","protected":false},"featured_media":5104,"comment_status":"closed","ping_status":"closed","template":"","meta":[],"product_cat":[34,44,43,40,46],"product_tag":[168],"class_list":["post-5103","product","type-product","status-publish","has-post-thumbnail","hentry","product_cat-hotel","product_cat-institutii-de-invatamint","product_cat-medicina","product_cat-restaurant-si-bucatarie","product_cat-sport-si-fitness","product_tag-biodegradabil","pa_brand-naturestar"],"_links":{"self":[{"href":"https:\/\/toreco.md\/ru\/wp-json\/wp\/v2\/product\/5103","targetHints":{"allow":["GET"]}}],"collection":[{"href":"https:\/\/toreco.md\/ru\/wp-json\/wp\/v2\/product"}],"about":[{"href":"https:\/\/toreco.md\/ru\/wp-json\/wp\/v2\/types\/product"}],"replies":[{"embeddable":true,"href":"https:\/\/toreco.md\/ru\/wp-json\/wp\/v2\/comments?post=5103"}],"wp:featuredmedia":[{"embeddable":true,"href":"https:\/\/toreco.md\/ru\/wp-json\/wp\/v2\/media\/5104"}],"wp:attachment":[{"href":"https:\/\/toreco.md\/ru\/wp-json\/wp\/v2\/media?parent=5103"}],"wp:term":[{"taxonomy":"product_cat","embeddable":true,"href":"https:\/\/toreco.md\/ru\/wp-json\/wp\/v2\/product_cat?post=5103"},{"taxonomy":"product_tag","embeddable":true,"href":"https:\/\/toreco.md\/ru\/wp-json\/wp\/v2\/product_tag?post=5103"}],"curies":[{"name":"wp","href":"https:\/\/api.w.org\/{rel}","templated":true}]}}