{"id":5091,"date":"2021-06-08T15:40:00","date_gmt":"2021-06-08T12:40:00","guid":{"rendered":"https:\/\/toreco.md\/?post_type=product&#038;p=5091"},"modified":"2022-03-30T10:15:15","modified_gmt":"2022-03-30T07:15:15","slug":"dozator-sapun-cu-sensor-touchless","status":"publish","type":"product","link":"https:\/\/toreco.md\/ru\/product\/dupa-tip\/dispensere-si-dozatoare\/dozator-sapun-lichid-spuma\/dozator-sapun-cu-sensor-touchless\/","title":{"rendered":"\u0414\u043e\u0437\u0430\u0442\u043e\u0440 \u0434\u043b\u044f \u043c\u044b\u043b\u0430 \u0441 \u0434\u0430\u0442\u0447\u0438\u043a\u043e\u043c TOUCHLESS"},"content":{"rendered":"<p>\u041f\u043b\u0430\u0441\u0442\u0438\u043a-\u0431\u0435\u043b\u044b\u0439, \u043e\u0447\u0435\u043d\u044c \u0433\u0438\u0433\u0438\u0435\u043d\u0438\u0447\u0435\u0441\u043a\u0438\u0439, \u0442\u0430\u043a \u043a\u0430\u043a \u043d\u0435\u0442 \u043f\u0440\u044f\u043c\u043e\u0433\u043e \u043a\u043e\u043d\u0442\u0430\u043a\u0442\u0430 \u043c\u0435\u0436\u0434\u0443 \u0440\u0443\u043a\u0430\u043c\u0438 \u0438 \u0434\u043e\u0437\u0430\u0442\u043e\u0440\u043e\u043c.<br \/>\n\u042d\u043a\u043e\u043d\u043e\u043c\u0438\u0447\u043d\u044b\u0439: \u043e\u043f\u0442\u0438\u043c\u0430\u043b\u044c\u043d\u0430\u044f \u0434\u043e\u0437\u0438\u0440\u043e\u0432\u043a\u0430, \u043a\u043e\u043b\u0438\u0447\u0435\u0441\u0442\u0432\u043e \u0434\u043e\u0437\u0438\u0440\u043e\u0432\u0430\u043d\u0438\u044f \u0440\u0435\u0433\u0443\u043b\u0438\u0440\u0443\u0435\u0442\u0441\u044f \u0432 4 \u044d\u0442\u0430\u043f\u0430 (\u043d\u0430\u0438\u043c\u0435\u043d\u044c\u0448\u0430\u044f \u0440\u0435\u0433\u0443\u043b\u0438\u0440\u043e\u0432\u043a\u0430: 1,5 \u043c\u043b\/\u0425\u043e\u0434).<br \/>\n\u0414\u043e\u0437\u0430\u0442\u043e\u0440 \u043f\u0438\u0442\u0430\u0435\u0442\u0441\u044f \u043e\u0442 \u0431\u0430\u0442\u0430\u0440\u0435\u0435\u043a (4 \u0431\u0430\u0442\u0430\u0440\u0435\u0439\u043a\u0438 \u0442\u0438\u043f\u0430 \u0410\u0410, LR6, 1,5 \u0432).<br \/>\n\u041e\u0441\u043d\u0430\u0449\u0435\u043d \u043f\u0440\u043e\u0442\u0438\u0432\u043e\u043a\u0430\u043f\u0435\u043b\u044c\u043d\u044b\u043c \u043b\u043e\u0442\u043a\u043e\u043c \u0438 \u0435\u043c\u043a\u043e\u0441\u0442\u044c\u044e 1000 \u043c\u043b<\/p>","protected":false},"excerpt":{"rendered":"<p>Plastic-alb, foarte igienic, deoarece nu exist\u0103 contact direct \u00eentre m\u00e2ini \u0219i dozator. Economic: dozare optim\u0103, cantitate de dozare reglabil\u0103 \u00een 4 pa\u0219i (cea mai mic\u0103 setare: 1,5 ml \/ curs\u0103). Dozatorul este alimentat cu baterii (4 baterii marime AA, LR6, 1,5V). Echipat cu tav\u0103 antipicurare \u0219i recipient cu volum de 1000 ml.<\/p>","protected":false},"featured_media":5092,"comment_status":"closed","ping_status":"closed","template":"","meta":[],"product_cat":[34,42,44,43,40,41,46,60,67],"product_tag":[166],"class_list":["post-5091","product","type-product","status-publish","has-post-thumbnail","hentry","product_cat-hotel","product_cat-industria-de-producere-si-prelucrare","product_cat-institutii-de-invatamint","product_cat-medicina","product_cat-restaurant-si-bucatarie","product_cat-servicii-de-curatenie","product_cat-sport-si-fitness","product_cat-dispensere-si-dozatoare","product_cat-dozator-sapun-lichid-spuma","product_tag-dispenser"],"_links":{"self":[{"href":"https:\/\/toreco.md\/ru\/wp-json\/wp\/v2\/product\/5091","targetHints":{"allow":["GET"]}}],"collection":[{"href":"https:\/\/toreco.md\/ru\/wp-json\/wp\/v2\/product"}],"about":[{"href":"https:\/\/toreco.md\/ru\/wp-json\/wp\/v2\/types\/product"}],"replies":[{"embeddable":true,"href":"https:\/\/toreco.md\/ru\/wp-json\/wp\/v2\/comments?post=5091"}],"wp:featuredmedia":[{"embeddable":true,"href":"https:\/\/toreco.md\/ru\/wp-json\/wp\/v2\/media\/5092"}],"wp:attachment":[{"href":"https:\/\/toreco.md\/ru\/wp-json\/wp\/v2\/media?parent=5091"}],"wp:term":[{"taxonomy":"product_cat","embeddable":true,"href":"https:\/\/toreco.md\/ru\/wp-json\/wp\/v2\/product_cat?post=5091"},{"taxonomy":"product_tag","embeddable":true,"href":"https:\/\/toreco.md\/ru\/wp-json\/wp\/v2\/product_tag?post=5091"}],"curies":[{"name":"wp","href":"https:\/\/api.w.org\/{rel}","templated":true}]}}