{"id":5089,"date":"2021-06-08T15:23:37","date_gmt":"2021-06-08T12:23:37","guid":{"rendered":"https:\/\/toreco.md\/?post_type=product&#038;p=5089"},"modified":"2023-08-15T13:07:23","modified_gmt":"2023-08-15T10:07:23","slug":"dispenser-touch-free-sapun-dezinfectant-lichid","status":"publish","type":"product","link":"https:\/\/toreco.md\/ru\/product\/dupa-tip\/dispensere-si-dozatoare\/dozator-sapun-lichid-spuma\/dispenser-touch-free-sapun-dezinfectant-lichid\/","title":{"rendered":"\u0414\u0438\u0441\u043f\u0435\u043d\u0441\u0435\u0440 Touch Free \u0436\u0438\u0434\u043a\u043e\u0435 \u043c\u044b\u043b\u043e \/ \u0434\u0435\u0437\u0438\u043d\u0444\u0438\u0446\u0438\u0440\u0443\u044e\u0449\u0435\u0435 \u0441\u0440\u0435\u0434\u0441\u0442\u0432\u043e"},"content":{"rendered":"<p>\u041e\u0441\u043d\u0430\u0449\u0435\u043d \u0441\u0438\u0441\u0442\u0435\u043c\u043e\u0439 \u0440\u0435\u0433\u0443\u043b\u0438\u0440\u043e\u0432\u043a\u0438 \u0436\u0438\u0434\u043a\u043e\u0441\u0442\u0438.<br \/>\n\u041f\u0440\u0438 \u043e\u0434\u043d\u043e\u043c \u0434\u043e\u0441\u0442\u0443\u043f\u0435 \u043a \u0434\u0430\u0442\u0447\u0438\u043a\u0443 \u043e\u043d \u043c\u043e\u0436\u0435\u0442 \u0440\u0430\u0437\u043e\u0433\u043d\u0430\u0442\u044c \u043e\u0434\u043d\u0443, \u0434\u0432\u0435 \u0438\u043b\u0438 \u0442\u0440\u0438 \u0434\u043e\u0437\u044b.<br \/>\n\u0420\u0430\u0437\u043c\u0435\u0440\u044b: \u0432\u044b\u0441\u043e\u0442\u0430 26 \u0441\u043c, \u0448\u0438\u0440\u0438\u043d\u0430 12,5 \u0441\u043c, \u0433\u043b\u0443\u0431\u0438\u043d\u0430 13 \u0441\u043c.<br \/>\n\u041e\u0431\u044a\u0435\u043c \u0440\u0435\u0437\u0435\u0440\u0432\u0443\u0430\u0440\u0430 900 \u043c\u043b.<br \/>\n\u0418\u0441\u0442\u043e\u0447\u043d\u0438\u043a \u043f\u0438\u0442\u0430\u043d\u0438\u044f: 6 \u0431\u0430\u0442\u0430\u0440\u0435\u0435\u043a \u0440\u0430\u0437\u043c\u0435\u0440 AA (LR6).<\/p>","protected":false},"excerpt":{"rendered":"<p>Dotat cu sistem de reglare a lichidului. La o accesare a senzorului poate dispersa una, dou\u0103 sau trei doze. Dimensiuni: \u00cen\u0103l\u021bime 26cm, L\u0103\u021bime 12.5cm, Ad\u00e2ncime 13cm. Volum rezervor 900ml. Surs\u0103 alimentare: 6 baterii marimea AA (LR6).<\/p>","protected":false},"featured_media":5090,"comment_status":"closed","ping_status":"closed","template":"","meta":[],"product_cat":[34,42,44,43,40,41,46,60,67],"product_tag":[166],"class_list":["post-5089","product","type-product","status-publish","has-post-thumbnail","hentry","product_cat-hotel","product_cat-industria-de-producere-si-prelucrare","product_cat-institutii-de-invatamint","product_cat-medicina","product_cat-restaurant-si-bucatarie","product_cat-servicii-de-curatenie","product_cat-sport-si-fitness","product_cat-dispensere-si-dozatoare","product_cat-dozator-sapun-lichid-spuma","product_tag-dispenser","pa_brand-ecolab"],"_links":{"self":[{"href":"https:\/\/toreco.md\/ru\/wp-json\/wp\/v2\/product\/5089","targetHints":{"allow":["GET"]}}],"collection":[{"href":"https:\/\/toreco.md\/ru\/wp-json\/wp\/v2\/product"}],"about":[{"href":"https:\/\/toreco.md\/ru\/wp-json\/wp\/v2\/types\/product"}],"replies":[{"embeddable":true,"href":"https:\/\/toreco.md\/ru\/wp-json\/wp\/v2\/comments?post=5089"}],"wp:featuredmedia":[{"embeddable":true,"href":"https:\/\/toreco.md\/ru\/wp-json\/wp\/v2\/media\/5090"}],"wp:attachment":[{"href":"https:\/\/toreco.md\/ru\/wp-json\/wp\/v2\/media?parent=5089"}],"wp:term":[{"taxonomy":"product_cat","embeddable":true,"href":"https:\/\/toreco.md\/ru\/wp-json\/wp\/v2\/product_cat?post=5089"},{"taxonomy":"product_tag","embeddable":true,"href":"https:\/\/toreco.md\/ru\/wp-json\/wp\/v2\/product_tag?post=5089"}],"curies":[{"name":"wp","href":"https:\/\/api.w.org\/{rel}","templated":true}]}}