{"id":5083,"date":"2021-06-08T14:55:23","date_gmt":"2021-06-08T11:55:23","guid":{"rendered":"https:\/\/toreco.md\/?post_type=product&#038;p=5083"},"modified":"2022-03-30T10:17:11","modified_gmt":"2022-03-30T07:17:11","slug":"dozator-sapun-spuma-cu-sensor","status":"publish","type":"product","link":"https:\/\/toreco.md\/ru\/product\/dupa-tip\/dispensere-si-dozatoare\/dozator-sapun-lichid-spuma\/dozator-sapun-spuma-cu-sensor\/","title":{"rendered":"\u0414\u043e\u0437\u0430\u0442\u043e\u0440 \u043c\u044b\u043b\u0430-\u043f\u0435\u043d\u0430 \u0441 \u0434\u0430\u0442\u0447\u0438\u043a\u043e\u043c"},"content":{"rendered":"<p>\u0414\u043e\u0437\u0438\u0440\u043e\u0432\u0430\u043d\u0438\u0435 \u043c\u044b\u043b\u0430 \u0431\u0435\u0437 \u043f\u0440\u0438\u043a\u043e\u0441\u043d\u043e\u0432\u0435\u043d\u0438\u044f \u043e\u0431\u0435\u0441\u043f\u0435\u0447\u0438\u0432\u0430\u0435\u0442 \u043b\u0443\u0447\u0448\u0443\u044e \u0433\u0438\u0433\u0438\u0435\u043d\u0443 \u0432 \u043b\u044e\u0431\u043e\u0439 \u0441\u0440\u0435\u0434\u0435 \u0438 \u043f\u043e\u043c\u043e\u0433\u0430\u0435\u0442 \u043a\u043e\u043d\u0442\u0440\u043e\u043b\u0438\u0440\u043e\u0432\u0430\u0442\u044c \u0438\u0441\u043f\u043e\u043b\u044c\u0437\u043e\u0432\u0430\u043d\u0438\u0435 \u043a\u043e\u043b\u0438\u0447\u0435\u0441\u0442\u0432\u043e \u043c\u044b\u043b\u0430.<br \/>\n\u041e\u043d \u0442\u0430\u043a\u0436\u0435 \u0438\u043c\u0435\u0435\u0442 \u0444\u0443\u043d\u043a\u0446\u0438\u044e \u0430\u0432\u0442\u043e\u043c\u0430\u0442\u0438\u0447\u0435\u0441\u043a\u043e\u0433\u043e \u043f\u0435\u0440\u0435\u043a\u043b\u044e\u0447\u0435\u043d\u0438\u044f \u043c\u0435\u0436\u0434\u0443 \u0434\u0432\u0443\u043c\u044f \u0431\u0430\u0442\u0430\u0440\u0435\u0439\u043d\u044b\u043c\u0438 \u043e\u0442\u0441\u0435\u043a\u0430\u043c\u0438 \u0434\u043b\u044f \u0431\u043e\u043b\u0435\u0435 \u0434\u043b\u0438\u0442\u0435\u043b\u044c\u043d\u043e\u0433\u043e \u0432\u0440\u0435\u043c\u0435\u043d\u0438 \u0440\u0430\u0431\u043e\u0442\u044b.<br \/>\nPentru a asigura economii optime de costuri, dispozitivul are un &#8220;mod de repaus&#8221; \u0219i un senzor capacitiv care \u00eempiedic\u0103 livrarea accidental\u0103 a s\u0103punului.<br \/>\n\u0418\u0441\u0442\u043e\u0447\u043d\u0438\u043a \u043f\u0438\u0442\u0430\u043d\u0438\u044f: 4 \u0431\u0430\u0442\u0430\u0440\u0435\u0438 \u0441\u0442\u0430\u043d\u0434\u0430\u0440\u0442\u043e\u0432 \u0442\u0438\u043f\u0430 C<\/p>","protected":false},"excerpt":{"rendered":"<p>Dozarea s\u0103punului f\u0103r\u0103 atingere ofer\u0103 o igien\u0103 mai bun\u0103 pentru orice mediu \u015fi ajut\u0103 la monitorizarea utiliz\u0103rii prin controlul cantit\u0103\u0163ii de s\u0103pun. De asemenea, are o func\u021bie de comutare automat\u0103 \u00eentre dou\u0103 compartimente ale baterii pentru perioade mai lungi de func\u021bionare. Pentru a asigura economii optime de costuri, dispozitivul are un &#8220;mod de repaus&#8221; \u0219i [&hellip;]<\/p>","protected":false},"featured_media":5084,"comment_status":"closed","ping_status":"closed","template":"","meta":[],"product_cat":[34,42,44,43,40,41,46,60,67],"product_tag":[166],"class_list":["post-5083","product","type-product","status-publish","has-post-thumbnail","hentry","product_cat-hotel","product_cat-industria-de-producere-si-prelucrare","product_cat-institutii-de-invatamint","product_cat-medicina","product_cat-restaurant-si-bucatarie","product_cat-servicii-de-curatenie","product_cat-sport-si-fitness","product_cat-dispensere-si-dozatoare","product_cat-dozator-sapun-lichid-spuma","product_tag-dispenser","pa_brand-sanidet"],"_links":{"self":[{"href":"https:\/\/toreco.md\/ru\/wp-json\/wp\/v2\/product\/5083","targetHints":{"allow":["GET"]}}],"collection":[{"href":"https:\/\/toreco.md\/ru\/wp-json\/wp\/v2\/product"}],"about":[{"href":"https:\/\/toreco.md\/ru\/wp-json\/wp\/v2\/types\/product"}],"replies":[{"embeddable":true,"href":"https:\/\/toreco.md\/ru\/wp-json\/wp\/v2\/comments?post=5083"}],"wp:featuredmedia":[{"embeddable":true,"href":"https:\/\/toreco.md\/ru\/wp-json\/wp\/v2\/media\/5084"}],"wp:attachment":[{"href":"https:\/\/toreco.md\/ru\/wp-json\/wp\/v2\/media?parent=5083"}],"wp:term":[{"taxonomy":"product_cat","embeddable":true,"href":"https:\/\/toreco.md\/ru\/wp-json\/wp\/v2\/product_cat?post=5083"},{"taxonomy":"product_tag","embeddable":true,"href":"https:\/\/toreco.md\/ru\/wp-json\/wp\/v2\/product_tag?post=5083"}],"curies":[{"name":"wp","href":"https:\/\/api.w.org\/{rel}","templated":true}]}}