{"id":4972,"date":"2021-06-07T13:32:42","date_gmt":"2021-06-07T10:32:42","guid":{"rendered":"https:\/\/toreco.md\/?post_type=product&#038;p=4972"},"modified":"2025-07-01T09:32:02","modified_gmt":"2025-07-01T06:32:02","slug":"dispenser-mobil-pentru-lavete-role-w1","status":"publish","type":"product","link":"https:\/\/toreco.md\/ru\/product\/dupa-tip\/dispensere-si-dozatoare\/dispensere-role-industriale\/dispenser-mobil-pentru-lavete-role-w1\/","title":{"rendered":"\u041c\u043e\u0431\u0438\u043b\u044c\u043d\u044b\u0439 \u0434\u0438\u0441\u043f\u0435\u043d\u0441\u0435\u0440 \u0434\u043b\u044f \u0441\u0430\u043b\u0444\u0435\u0442\u043e\u043a \/ \u0440\u0443\u043b\u043e\u043d\u043e\u0432 W1, Tork"},"content":{"rendered":"<p>\u041e\u043d \u043f\u043e\u0434\u0432\u0438\u0436\u0435\u043d \u0438 \u0438\u043c\u0435\u0435\u0442 \u044d\u0440\u0433\u043e\u043d\u043e\u043c\u0438\u0447\u043d\u044b\u0439 \u0434\u0438\u0437\u0430\u0439\u043d.<br \/>\n\u042d\u0442\u043e \u043f\u043e\u043b\u0435\u0437\u043d\u043e \u0438 \u0432\u0430\u0436\u043d\u043e \u0432\u043e \u043c\u043d\u043e\u0433\u0438\u0445 \u043c\u0435\u0441\u0442\u0430\u0445 \u0432 \u043e\u0431\u043b\u0430\u0441\u0442\u0438 \u043f\u0440\u043e\u043c\u044b\u0448\u043b\u0435\u043d\u043d\u043e\u0441\u0442\u0438.<br \/>\n\u0411\u043e\u043b\u044c\u0448\u0430\u044f \u0435\u043c\u043a\u043e\u0441\u0442\u044c \u0438 \u043c\u043e\u0436\u0435\u0442 \u0431\u044b\u0442\u044c \u0440\u0430\u0437\u043c\u0435\u0449\u0435\u043d \u0442\u0430\u043c, \u0433\u0434\u0435 \u043d\u0435\u043e\u0431\u0445\u043e\u0434\u0438\u043c\u043e.<br \/>\nUtilizare flexibil\u0103 datorit\u0103 m\u00e2nerului ergonomic &#8211; u\u0219or de deplasat.<br \/>\n\u0411\u043b\u0430\u0433\u043e\u0434\u0430\u0440\u044f \u0437\u0443\u0431\u0430\u043c \u0438\u0437 \u0441\u0442\u0435\u043a\u043b\u043e\u0432\u043e\u043b\u043e\u043a\u043d\u0430 \u0431\u0443\u043c\u0430\u0433\u0430 \u043c\u043e\u0436\u0435\u0442 \u0431\u044b\u0442\u044c \u043b\u0435\u0433\u043a\u043e \u043e\u0442\u043e\u0440\u0432\u043e\u043d\u0430, \u0438 \u0432\u044b \u043c\u043e\u0436\u0435\u0442\u0435 \u0432\u0437\u044f\u0442\u044c \u0441\u0442\u043e\u043b\u044c\u043a\u043e, \u0441\u043a\u043e\u043b\u044c\u043a\u043e \u0432\u0430\u043c \u043d\u0443\u0436\u043d\u043e.<br \/>\n\u0423\u0434\u043e\u0431\u043d\u0430\u044f \u043f\u0435\u0440\u0435\u0437\u0430\u043f\u0440\u0430\u0432\u043a\u0430.<br \/>\n\u0420\u0435\u0437\u0438\u043d\u043e\u0432\u044b\u0435 \u043d\u043e\u0436\u043a\u0438 \u0438 \u043f\u0440\u043e\u0447\u043d\u0430\u044f \u043c\u0435\u0442\u0430\u043b\u043b\u0438\u0447\u0435\u0441\u043a\u0430\u044f \u043a\u043e\u043d\u0441\u0442\u0440\u0443\u043a\u0446\u0438\u044f.<br \/>\n\u041e\u0431\u0435\u0441\u043f\u0435\u0447\u0438\u0432\u0430\u0435\u0442 \u0434\u043b\u0438\u0442\u0435\u043b\u044c\u043d\u044b\u0439 \u0441\u0440\u043e\u043a \u0441\u043b\u0443\u0436\u0431\u044b.<\/p>\n<p>\u0422\u0435\u0445\u043d\u0438\u0447\u0435\u0441\u043a\u0438\u0435 \u0434\u0430\u043d\u043d\u044b\u0435:<br \/>\n\u0421\u0438\u0441\u0442\u0435\u043c\u0430: W1<br \/>\n\u041c\u0430\u0442\u0435\u0440\u0438\u0430\u043b: \u043c\u0435\u0442\u0430\u043b\u043b \u0441 \u043f\u043b\u0430\u0441\u0442\u0438\u043a\u043e\u043c<br \/>\n\u0420\u0430\u0437\u043c\u0435\u0440\u044b: \u0432\u044b\u0441\u043e\u0442\u0430: 1006 \u043c\u043c \u0445 \u0448\u0438\u0440\u0438\u043d\u0430: 646 \u043c\u043c \u0445 \u0433\u043b\u0443\u0431\u0438\u043d\u0430: 530 \u043c\u043c.<br \/>\n\u0412\u0435\u0441: 6,410 \u043a\u0433.<br \/>\n\u0426\u0432\u0435\u0442: \u0441\u0432\u0435\u0442\u043b\u043e-\u0433\u043e\u043b\u0443\u0431\u043e\u0439 \u0441 \u0431\u0435\u043b\u044b\u043c<\/p>","protected":false},"excerpt":{"rendered":"<p>\u041c\u043e\u0431\u0438\u043b\u044c\u043d\u044b\u0439 \u0434\u0438\u0441\u043f\u0435\u043d\u0441\u0435\u0440 \u0434\u043b\u044f \u043f\u0440\u043e\u0442\u0438\u0440\u043e\u0447\u043d\u044b\u0445 \u043c\u0430\u0442\u0435\u0440\u0438\u0430\u043b\u043e\u0432 \u0432 \u0440\u0443\u043b\u043e\u043d\u0430\u0445 W1<\/p>","protected":false},"featured_media":4973,"comment_status":"closed","ping_status":"closed","template":"","meta":[],"product_cat":[45,42,60,64],"product_tag":[166],"class_list":["post-4972","product","type-product","status-publish","has-post-thumbnail","hentry","product_cat-industria-auto","product_cat-industria-de-producere-si-prelucrare","product_cat-dispensere-si-dozatoare","product_cat-dispensere-role-industriale","product_tag-dispenser","pa_brand-tork"],"_links":{"self":[{"href":"https:\/\/toreco.md\/ru\/wp-json\/wp\/v2\/product\/4972","targetHints":{"allow":["GET"]}}],"collection":[{"href":"https:\/\/toreco.md\/ru\/wp-json\/wp\/v2\/product"}],"about":[{"href":"https:\/\/toreco.md\/ru\/wp-json\/wp\/v2\/types\/product"}],"replies":[{"embeddable":true,"href":"https:\/\/toreco.md\/ru\/wp-json\/wp\/v2\/comments?post=4972"}],"wp:featuredmedia":[{"embeddable":true,"href":"https:\/\/toreco.md\/ru\/wp-json\/wp\/v2\/media\/4973"}],"wp:attachment":[{"href":"https:\/\/toreco.md\/ru\/wp-json\/wp\/v2\/media?parent=4972"}],"wp:term":[{"taxonomy":"product_cat","embeddable":true,"href":"https:\/\/toreco.md\/ru\/wp-json\/wp\/v2\/product_cat?post=4972"},{"taxonomy":"product_tag","embeddable":true,"href":"https:\/\/toreco.md\/ru\/wp-json\/wp\/v2\/product_tag?post=4972"}],"curies":[{"name":"wp","href":"https:\/\/api.w.org\/{rel}","templated":true}]}}